{"id":1439,"date":"2025-08-11T15:31:50","date_gmt":"2025-08-11T15:31:50","guid":{"rendered":"https:\/\/caorlespiaggia.it\/online-verkaufsbedingungen\/"},"modified":"2026-02-19T13:36:51","modified_gmt":"2026-02-19T13:36:51","slug":"online-verkaufsbedingungen","status":"publish","type":"page","link":"https:\/\/caorlespiaggia.it\/de\/online-verkaufsbedingungen\/","title":{"rendered":"Online-Verkaufsbedingungen"},"content":{"rendered":"\t\t<div data-elementor-type=\"wp-post\" data-elementor-id=\"1439\" class=\"elementor elementor-1439 elementor-983\" data-elementor-post-type=\"page\">\n\t\t\t\t<div class=\"elementor-element elementor-element-5e169a44 e-con-full e-flex e-con e-parent\" data-id=\"5e169a44\" data-element_type=\"container\" data-settings=\"{&quot;background_background&quot;:&quot;classic&quot;}\">\n\t\t\t\t<div class=\"elementor-element elementor-element-f118001 elementor-widget elementor-widget-heading\" data-id=\"f118001\" data-element_type=\"widget\" data-widget_type=\"heading.default\">\n\t\t\t\t\t<h2 class=\"elementor-heading-title elementor-size-default\">Online-Verkaufsbedingungen<\/h2>\t\t\t\t<\/div>\n\t\t\t\t<div class=\"elementor-element elementor-element-6f160a2 elementor-widget elementor-widget-heading\" data-id=\"6f160a2\" data-element_type=\"widget\" data-widget_type=\"heading.default\">\n\t\t\t\t\t<h1 class=\"elementor-heading-title elementor-size-default\">Bedingungen.<\/h1>\t\t\t\t<\/div>\n\t\t\t\t<div class=\"elementor-element elementor-element-335b602 elementor-align-center elementor-widget elementor-widget-breadcrumbs\" data-id=\"335b602\" data-element_type=\"widget\" data-widget_type=\"breadcrumbs.default\">\n\t\t\t\t\t<p id=\"breadcrumbs\"><span><span><a href=\"https:\/\/caorlespiaggia.it\/de\/startseite\/\">Startseite<\/a><\/span><\/span><\/p>\t\t\t\t<\/div>\n\t\t\t\t<\/div>\n\t\t<div class=\"elementor-element elementor-element-1c907191 e-con-full e-flex e-con e-parent\" data-id=\"1c907191\" data-element_type=\"container\">\n\t\t<div class=\"elementor-element elementor-element-14ece124 e-con-full e-flex e-con e-child\" data-id=\"14ece124\" data-element_type=\"container\" data-settings=\"{&quot;background_background&quot;:&quot;classic&quot;}\">\n\t\t\t\t<\/div>\n\t\t<div class=\"elementor-element elementor-element-f90a37b e-flex e-con-boxed e-con e-child\" data-id=\"f90a37b\" data-element_type=\"container\">\n\t\t\t\t\t<div class=\"e-con-inner\">\n\t\t\t\t<div class=\"elementor-element elementor-element-34a26ea2 elementor-widget elementor-widget-text-editor\" data-id=\"34a26ea2\" data-element_type=\"widget\" data-widget_type=\"text-editor.default\">\n\t\t\t\t\t\t\t\t\t<div id=\"\" class=\"brz-css-s19zC brz-wrapper\">\n<div class=\"brz-rich-text brz-rich-text__custom brz-css-eYEnz\" data-brz-custom-id=\"eoikdlrheljzqkukpmpwxvnuooaaseqaevcu\">\n<div data-brz-translate-text=\"1\">\n<div id=\"\" class=\"brz-css-fnwNr brz-wrapper\">\n<div class=\"brz-rich-text brz-rich-text__custom brz-css-auxn2\" data-brz-custom-id=\"eoikdlrheljzqkukpmpwxvnuooaaseqaevcu\">\n<div data-brz-translate-text=\"1\">\n<h3 class=\"brz-tp-lg-heading3 brz-css-ioNte\" data-uniq-id=\"cazck\" data-generated-css=\"brz-css-twrjf\"><strong><span class=\"brz-cp-color4\">ONLINE-VERKAUFSBEDINGUNGEN<\/span><\/strong><\/h3>\n<p class=\"brz-tp-lg-paragraph brz-css-hNwzl\" data-generated-css=\"brz-css-rxkgu\" data-uniq-id=\"fimng\"><strong>RESERVIERUNG<\/strong><\/p>\n<p class=\"brz-tp-lg-paragraph brz-css-nAwe0\" data-generated-css=\"brz-css-zwnod\" data-uniq-id=\"yzrxt\">Vor Abschluss der Buchung empfehlen wir, besonders auf die Wahl der <strong>Zeitr\u00e4ume<\/strong>, des <strong>Strandes (Levante und Ponente \/ Baubeach)<\/strong>, des <strong>jeweiligen Abschnitts<\/strong> und des <strong>Strandplatzes<\/strong> zu achten, da Stornierungen und\/oder \u00c4nderungen an best\u00e4tigten Buchungen nicht vorgesehen sind.<\/p>\n<p class=\"brz-tp-lg-paragraph brz-css-u9m3d\" data-generated-css=\"brz-css-xerez\" data-uniq-id=\"slfwz\"><strong>BUCHUNGSMETHODEN<\/strong><\/p>\n<p class=\"brz-tp-lg-paragraph brz-css-ljHl8\" data-generated-css=\"brz-css-rtein\" data-uniq-id=\"xnhkg\">Nur bei ge\u00f6ffnetem Betrieb: Es ist m\u00f6glich, die Buchung bis maximal 23.45 Uhr des Vortages vorzunehmen.<\/p>\n<p class=\"brz-tp-lg-paragraph brz-css-hiln2\" data-generated-css=\"brz-css-qmhnd\" data-uniq-id=\"mhupp\">Eine Online-Buchung f\u00fcr denselben Tag ist zul\u00e4ssig.<\/p>\n<p class=\"brz-tp-lg-paragraph brz-css-iUfOO\" data-generated-css=\"brz-css-qmhnd\" data-uniq-id=\"mhupp\">Es ist nicht m\u00f6glich, eine Rechnung \u00fcber die Website zu bestellen. Wer eine Rechnung ben\u00f6tigt, muss sich telefonisch unter der Nummer 0421 84272 oder per E-Mail an booking@caorlespiaggia.it an das B\u00fcro wenden. <\/p>\n<p class=\"brz-tp-lg-paragraph brz-css-yjhNR\" data-generated-css=\"brz-css-xyckr\" data-uniq-id=\"jayri\"><strong>STORNIERUNG UND \u00c4NDERUNG DER BUCHUNG<\/strong><\/p>\n<p class=\"brz-tp-lg-paragraph brz-css-jIFNa\" data-generated-css=\"brz-css-ehuuu\" data-uniq-id=\"kxpbv\">Es ist nicht m\u00f6glich, die vorgenommene Buchung zu stornieren und\/oder zu \u00e4ndern.<\/p>\n<p class=\"brz-tp-lg-paragraph brz-css-z7s0f\" data-generated-css=\"brz-css-hoylm\" data-uniq-id=\"mrrhy\">Es werden keine R\u00fcckerstattungen der gezahlten Betr\u00e4ge vorgenommen.<\/p>\n<p class=\"brz-tp-lg-paragraph brz-css-wIkRo\" data-generated-css=\"brz-css-ajcsa\" data-uniq-id=\"wywoe\">Ein Wechsel des gebuchten Platzes ist nicht m\u00f6glich.<\/p>\n<p class=\"brz-tp-lg-paragraph brz-css-syyvT\" data-generated-css=\"brz-css-zmtjv\" data-uniq-id=\"mwdca\"><strong>TYP STRANDPLATZ<\/strong><\/p>\n<p class=\"brz-tp-lg-paragraph brz-css-iEX2c\" data-generated-css=\"brz-css-gzadx\" data-uniq-id=\"zthwz\">Der Strandplatz besteht aus: 1 Sonnenschirm und 2 Liegest\u00fchlen, nutzbar von 2 Erwachsenen und nicht mehr als 4 Personen desselben Familienkerns (2 Erwachsene + 2 Jugendliche). Eventuelles zus\u00e4tzliches Material kann <strong>nicht<\/strong> zur Online-Buchung hinzugef\u00fcgt werden, sondern muss am Anreisetag direkt beim Strandverantwortlichen angefragt werden, vorbehaltlich Verf\u00fcgbarkeit und Bedingungen.<\/p>\n<p class=\"brz-tp-lg-paragraph brz-css-gWcQp\" data-generated-css=\"brz-css-yrrek\" data-uniq-id=\"vibra\"><strong>ZAHLUNG<\/strong><\/p>\n<p class=\"brz-tp-lg-paragraph brz-css-hxL1Q\" data-generated-css=\"brz-css-bmcdx\" data-uniq-id=\"jgjyx\">Der Online-Kauf kann ausschlie\u00dflich per Kreditkarte erfolgen. Es ist nicht m\u00f6glich, die Zahlung per Bank\u00fcberweisung oder PayPal-Methode vorzunehmen. <\/p>\n<p class=\"brz-tp-lg-paragraph brz-css-kEcwp\" data-generated-css=\"brz-css-jotfx\" data-uniq-id=\"mznqv\"><strong>AM STRAND <\/strong><\/p>\n<p class=\"brz-tp-lg-paragraph brz-css-mJigN\" data-generated-css=\"brz-css-nazlm\" data-uniq-id=\"wddcq\">Sobald der Kunde am Strand angekommen ist, muss er sich an den Verantwortlichen des Abschnitts wenden, der die Online-Buchung \u00fcberpr\u00fcft, die die Anzahl und die Namen der Insassen best\u00e4tigt. Anschlie\u00dfend weist der Verantwortliche dem Kunden den Platz zu, der sich dann setzen kann. <\/p>\n<p class=\"brz-tp-lg-paragraph brz-css-sKgxV\" data-uniq-id=\"tihdn\" data-generated-css=\"brz-css-jbkkb\">Achtung! Der Kunde muss die Dokumentation, die sein Recht auf die Nutzung der Stranddienstleistungen belegt (Verkaufsdokument), am Strandplatz aufbewahren, um sie auf Anfrage des f\u00fcr die Kontrollen zust\u00e4ndigen Unternehmenspersonals vorzeigen zu k\u00f6nnen. Sollte es dem Kunden nicht m\u00f6glich sein, die Dokumentation auszudrucken, kann er sie dem f\u00fcr die Kontrollen zust\u00e4ndigen Personal auf seinem Ger\u00e4t vorzeigen. Diese Verkaufsbedingungen werden durch die Dienstleistungsordnung f\u00fcr den Strand erg\u00e4nzt.<\/p>\n<\/div>\n<\/div>\n<\/div>\n<\/div>\n<\/div>\n<\/div>\t\t\t\t\t\t\t\t<\/div>\n\t\t\t\t\t<\/div>\n\t\t\t\t<\/div>\n\t\t\t\t<\/div>\n\t\t\t\t<\/div>\n\t\t","protected":false},"excerpt":{"rendered":"<p>Online-Verkaufsbedingungen Bedingungen. ONLINE-VERKAUFSBEDINGUNGEN RESERVIERUNG Vor Abschluss der Buchung empfehlen wir, besonders auf die Wahl der Zeitr\u00e4ume, des Strandes (Levante und Ponente \/ Baubeach), des jeweiligen Abschnitts und des Strandplatzes zu achten, da Stornierungen und\/oder \u00c4nderungen an best\u00e4tigten Buchungen nicht vorgesehen sind. BUCHUNGSMETHODEN Nur bei ge\u00f6ffnetem Betrieb: Es ist m\u00f6glich, die Buchung bis maximal 23.45 Uhr [&hellip;]<\/p>\n","protected":false},"author":1,"featured_media":0,"parent":0,"menu_order":0,"comment_status":"closed","ping_status":"closed","template":"elementor_header_footer","meta":{"_acf_changed":false,"footnotes":""},"class_list":["post-1439","page","type-page","status-publish","hentry"],"acf":[],"yoast_head":"<!-- This site is optimized with the Yoast SEO plugin v26.7 - https:\/\/yoast.com\/wordpress\/plugins\/seo\/ -->\n<title>Online-Verkaufsbedingungen - Caorle Spiaggia<\/title>\n<meta name=\"robots\" content=\"index, follow, max-snippet:-1, max-image-preview:large, max-video-preview:-1\" \/>\n<link rel=\"canonical\" href=\"https:\/\/caorlespiaggia.it\/de\/online-verkaufsbedingungen\/\" \/>\n<meta property=\"og:locale\" content=\"de_DE\" \/>\n<meta property=\"og:type\" content=\"article\" \/>\n<meta property=\"og:title\" content=\"Online-Verkaufsbedingungen - Caorle Spiaggia\" \/>\n<meta property=\"og:description\" content=\"Online-Verkaufsbedingungen Bedingungen. ONLINE-VERKAUFSBEDINGUNGEN RESERVIERUNG Vor Abschluss der Buchung empfehlen wir, besonders auf die Wahl der Zeitr\u00e4ume, des Strandes (Levante und Ponente \/ Baubeach), des jeweiligen Abschnitts und des Strandplatzes zu achten, da Stornierungen und\/oder \u00c4nderungen an best\u00e4tigten Buchungen nicht vorgesehen sind. BUCHUNGSMETHODEN Nur bei ge\u00f6ffnetem Betrieb: Es ist m\u00f6glich, die Buchung bis maximal 23.45 Uhr [&hellip;]\" \/>\n<meta property=\"og:url\" content=\"https:\/\/caorlespiaggia.it\/de\/online-verkaufsbedingungen\/\" \/>\n<meta property=\"og:site_name\" content=\"Caorle Spiaggia\" \/>\n<meta property=\"article:modified_time\" content=\"2026-02-19T13:36:51+00:00\" \/>\n<meta name=\"twitter:card\" content=\"summary_large_image\" \/>\n<meta name=\"twitter:label1\" content=\"Gesch\u00e4tzte Lesezeit\" \/>\n\t<meta name=\"twitter:data1\" content=\"2\u00a0Minuten\" \/>\n<script type=\"application\/ld+json\" class=\"yoast-schema-graph\">{\"@context\":\"https:\/\/schema.org\",\"@graph\":[{\"@type\":\"WebPage\",\"@id\":\"https:\/\/caorlespiaggia.it\/de\/online-verkaufsbedingungen\/\",\"url\":\"https:\/\/caorlespiaggia.it\/de\/online-verkaufsbedingungen\/\",\"name\":\"Online-Verkaufsbedingungen - Caorle Spiaggia\",\"isPartOf\":{\"@id\":\"https:\/\/caorlespiaggia.it\/de\/#website\"},\"datePublished\":\"2025-08-11T15:31:50+00:00\",\"dateModified\":\"2026-02-19T13:36:51+00:00\",\"breadcrumb\":{\"@id\":\"https:\/\/caorlespiaggia.it\/de\/online-verkaufsbedingungen\/#breadcrumb\"},\"inLanguage\":\"de\",\"potentialAction\":[{\"@type\":\"ReadAction\",\"target\":[\"https:\/\/caorlespiaggia.it\/de\/online-verkaufsbedingungen\/\"]}]},{\"@type\":\"BreadcrumbList\",\"@id\":\"https:\/\/caorlespiaggia.it\/de\/online-verkaufsbedingungen\/#breadcrumb\",\"itemListElement\":[{\"@type\":\"ListItem\",\"position\":1,\"name\":\"Startseite\",\"item\":\"https:\/\/caorlespiaggia.it\/de\/startseite\/\"},{\"@type\":\"ListItem\",\"position\":2,\"name\":\"Online-Verkaufsbedingungen\"}]},{\"@type\":\"WebSite\",\"@id\":\"https:\/\/caorlespiaggia.it\/de\/#website\",\"url\":\"https:\/\/caorlespiaggia.it\/de\/\",\"name\":\"Caorle Spiaggia\",\"description\":\"\",\"publisher\":{\"@id\":\"https:\/\/caorlespiaggia.it\/de\/#organization\"},\"potentialAction\":[{\"@type\":\"SearchAction\",\"target\":{\"@type\":\"EntryPoint\",\"urlTemplate\":\"https:\/\/caorlespiaggia.it\/de\/?s={search_term_string}\"},\"query-input\":{\"@type\":\"PropertyValueSpecification\",\"valueRequired\":true,\"valueName\":\"search_term_string\"}}],\"inLanguage\":\"de\"},{\"@type\":\"Organization\",\"@id\":\"https:\/\/caorlespiaggia.it\/de\/#organization\",\"name\":\"Caorle Strand\",\"alternateName\":\"Consorzio Arenili Caorle\",\"url\":\"https:\/\/caorlespiaggia.it\/de\/\",\"logo\":{\"@type\":\"ImageObject\",\"inLanguage\":\"de\",\"@id\":\"https:\/\/caorlespiaggia.it\/de\/#\/schema\/logo\/image\/\",\"url\":\"https:\/\/caorlespiaggia.it\/wp-content\/uploads\/2025\/07\/logo.png\",\"contentUrl\":\"https:\/\/caorlespiaggia.it\/wp-content\/uploads\/2025\/07\/logo.png\",\"width\":1080,\"height\":1080,\"caption\":\"Caorle Strand\"},\"image\":{\"@id\":\"https:\/\/caorlespiaggia.it\/de\/#\/schema\/logo\/image\/\"}}]}<\/script>\n<!-- \/ Yoast SEO plugin. -->","yoast_head_json":{"title":"Online-Verkaufsbedingungen - Caorle Spiaggia","robots":{"index":"index","follow":"follow","max-snippet":"max-snippet:-1","max-image-preview":"max-image-preview:large","max-video-preview":"max-video-preview:-1"},"canonical":"https:\/\/caorlespiaggia.it\/de\/online-verkaufsbedingungen\/","og_locale":"de_DE","og_type":"article","og_title":"Online-Verkaufsbedingungen - Caorle Spiaggia","og_description":"Online-Verkaufsbedingungen Bedingungen. ONLINE-VERKAUFSBEDINGUNGEN RESERVIERUNG Vor Abschluss der Buchung empfehlen wir, besonders auf die Wahl der Zeitr\u00e4ume, des Strandes (Levante und Ponente \/ Baubeach), des jeweiligen Abschnitts und des Strandplatzes zu achten, da Stornierungen und\/oder \u00c4nderungen an best\u00e4tigten Buchungen nicht vorgesehen sind. BUCHUNGSMETHODEN Nur bei ge\u00f6ffnetem Betrieb: Es ist m\u00f6glich, die Buchung bis maximal 23.45 Uhr [&hellip;]","og_url":"https:\/\/caorlespiaggia.it\/de\/online-verkaufsbedingungen\/","og_site_name":"Caorle Spiaggia","article_modified_time":"2026-02-19T13:36:51+00:00","twitter_card":"summary_large_image","twitter_misc":{"Gesch\u00e4tzte Lesezeit":"2\u00a0Minuten"},"schema":{"@context":"https:\/\/schema.org","@graph":[{"@type":"WebPage","@id":"https:\/\/caorlespiaggia.it\/de\/online-verkaufsbedingungen\/","url":"https:\/\/caorlespiaggia.it\/de\/online-verkaufsbedingungen\/","name":"Online-Verkaufsbedingungen - Caorle Spiaggia","isPartOf":{"@id":"https:\/\/caorlespiaggia.it\/de\/#website"},"datePublished":"2025-08-11T15:31:50+00:00","dateModified":"2026-02-19T13:36:51+00:00","breadcrumb":{"@id":"https:\/\/caorlespiaggia.it\/de\/online-verkaufsbedingungen\/#breadcrumb"},"inLanguage":"de","potentialAction":[{"@type":"ReadAction","target":["https:\/\/caorlespiaggia.it\/de\/online-verkaufsbedingungen\/"]}]},{"@type":"BreadcrumbList","@id":"https:\/\/caorlespiaggia.it\/de\/online-verkaufsbedingungen\/#breadcrumb","itemListElement":[{"@type":"ListItem","position":1,"name":"Startseite","item":"https:\/\/caorlespiaggia.it\/de\/startseite\/"},{"@type":"ListItem","position":2,"name":"Online-Verkaufsbedingungen"}]},{"@type":"WebSite","@id":"https:\/\/caorlespiaggia.it\/de\/#website","url":"https:\/\/caorlespiaggia.it\/de\/","name":"Caorle Spiaggia","description":"","publisher":{"@id":"https:\/\/caorlespiaggia.it\/de\/#organization"},"potentialAction":[{"@type":"SearchAction","target":{"@type":"EntryPoint","urlTemplate":"https:\/\/caorlespiaggia.it\/de\/?s={search_term_string}"},"query-input":{"@type":"PropertyValueSpecification","valueRequired":true,"valueName":"search_term_string"}}],"inLanguage":"de"},{"@type":"Organization","@id":"https:\/\/caorlespiaggia.it\/de\/#organization","name":"Caorle Strand","alternateName":"Consorzio Arenili Caorle","url":"https:\/\/caorlespiaggia.it\/de\/","logo":{"@type":"ImageObject","inLanguage":"de","@id":"https:\/\/caorlespiaggia.it\/de\/#\/schema\/logo\/image\/","url":"https:\/\/caorlespiaggia.it\/wp-content\/uploads\/2025\/07\/logo.png","contentUrl":"https:\/\/caorlespiaggia.it\/wp-content\/uploads\/2025\/07\/logo.png","width":1080,"height":1080,"caption":"Caorle Strand"},"image":{"@id":"https:\/\/caorlespiaggia.it\/de\/#\/schema\/logo\/image\/"}}]}},"_links":{"self":[{"href":"https:\/\/caorlespiaggia.it\/de\/wp-json\/wp\/v2\/pages\/1439","targetHints":{"allow":["GET"]}}],"collection":[{"href":"https:\/\/caorlespiaggia.it\/de\/wp-json\/wp\/v2\/pages"}],"about":[{"href":"https:\/\/caorlespiaggia.it\/de\/wp-json\/wp\/v2\/types\/page"}],"author":[{"embeddable":true,"href":"https:\/\/caorlespiaggia.it\/de\/wp-json\/wp\/v2\/users\/1"}],"replies":[{"embeddable":true,"href":"https:\/\/caorlespiaggia.it\/de\/wp-json\/wp\/v2\/comments?post=1439"}],"version-history":[{"count":2,"href":"https:\/\/caorlespiaggia.it\/de\/wp-json\/wp\/v2\/pages\/1439\/revisions"}],"predecessor-version":[{"id":1676,"href":"https:\/\/caorlespiaggia.it\/de\/wp-json\/wp\/v2\/pages\/1439\/revisions\/1676"}],"wp:attachment":[{"href":"https:\/\/caorlespiaggia.it\/de\/wp-json\/wp\/v2\/media?parent=1439"}],"curies":[{"name":"wp","href":"https:\/\/api.w.org\/{rel}","templated":true}]}}