{"id":1449,"date":"2025-08-08T08:25:52","date_gmt":"2025-08-08T08:25:52","guid":{"rendered":"https:\/\/caorlespiaggia.it\/toiletten\/"},"modified":"2025-08-13T14:05:28","modified_gmt":"2025-08-13T14:05:28","slug":"toiletten","status":"publish","type":"page","link":"https:\/\/caorlespiaggia.it\/de\/geschirr-sets\/toiletten\/","title":{"rendered":"Toiletten"},"content":{"rendered":"\t\t<div data-elementor-type=\"wp-post\" data-elementor-id=\"1449\" class=\"elementor elementor-1449 elementor-576\" data-elementor-post-type=\"page\">\n\t\t\t\t<div class=\"elementor-element elementor-element-5e169a44 e-con-full e-flex e-con e-parent\" data-id=\"5e169a44\" data-element_type=\"container\" data-settings=\"{&quot;background_background&quot;:&quot;classic&quot;}\">\n\t\t\t\t<div class=\"elementor-element elementor-element-6f160a2 elementor-widget elementor-widget-heading\" data-id=\"6f160a2\" data-element_type=\"widget\" data-widget_type=\"heading.default\">\n\t\t\t\t\t<h1 class=\"elementor-heading-title elementor-size-default\">Toiletten<\/h1>\t\t\t\t<\/div>\n\t\t\t\t<div class=\"elementor-element elementor-element-335b602 elementor-align-center elementor-widget elementor-widget-breadcrumbs\" data-id=\"335b602\" data-element_type=\"widget\" data-widget_type=\"breadcrumbs.default\">\n\t\t\t\t\t<p id=\"breadcrumbs\"><span><span><a href=\"https:\/\/caorlespiaggia.it\/de\/startseite\/\">Startseite<\/a><\/span><\/span><\/p>\t\t\t\t<\/div>\n\t\t\t\t<\/div>\n\t\t<div class=\"elementor-element elementor-element-1c907191 e-con-full e-flex e-con e-parent\" data-id=\"1c907191\" data-element_type=\"container\">\n\t\t<div class=\"elementor-element elementor-element-14ece124 e-con-full e-flex e-con e-child\" data-id=\"14ece124\" data-element_type=\"container\" data-settings=\"{&quot;background_background&quot;:&quot;slideshow&quot;,&quot;background_slideshow_gallery&quot;:[{&quot;id&quot;:337,&quot;url&quot;:&quot;https:\\\/\\\/caorlespiaggia.it\\\/wp-content\\\/uploads\\\/2025\\\/08\\\/servizi-igienici.jpg&quot;},{&quot;id&quot;:593,&quot;url&quot;:&quot;https:\\\/\\\/caorlespiaggia.it\\\/wp-content\\\/uploads\\\/2025\\\/08\\\/docce-calde-caorle.jpg&quot;}],&quot;background_slideshow_loop&quot;:&quot;yes&quot;,&quot;background_slideshow_slide_duration&quot;:5000,&quot;background_slideshow_slide_transition&quot;:&quot;fade&quot;,&quot;background_slideshow_transition_duration&quot;:500}\">\n\t\t\t\t<\/div>\n\t\t<div class=\"elementor-element elementor-element-f90a37b e-flex e-con-boxed e-con e-child\" data-id=\"f90a37b\" data-element_type=\"container\">\n\t\t\t\t\t<div class=\"e-con-inner\">\n\t\t\t\t<div class=\"elementor-element elementor-element-34a26ea2 elementor-widget elementor-widget-text-editor\" data-id=\"34a26ea2\" data-element_type=\"widget\" data-widget_type=\"text-editor.default\">\n\t\t\t\t\t\t\t\t\t<div id=\"\" class=\"brz-css-s19zC brz-wrapper\"><div class=\"brz-rich-text brz-rich-text__custom brz-css-eYEnz\" data-brz-custom-id=\"eoikdlrheljzqkukpmpwxvnuooaaseqaevcu\"><div data-brz-translate-text=\"1\"><div id=\"\" class=\"brz-css-fnwNr brz-wrapper\"><div class=\"brz-rich-text brz-rich-text__custom brz-css-auxn2\" data-brz-custom-id=\"eoikdlrheljzqkukpmpwxvnuooaaseqaevcu\"><div data-brz-translate-text=\"1\"><p class=\"brz-tp-lg-paragraph brz-css-bYKj5\" data-uniq-id=\"vznql\" data-generated-css=\"brz-css-ptoml\"><span class=\"brz-cp-color7\">Der gr\u00f6\u00dfte Komfort am Strand wird durch die gleichm\u00e4\u00dfige Verteilung effizienter Toilettenanlagen entlang des gesamten Strandes gew\u00e4hrleistet.<\/span><\/p><p class=\"brz-tp-lg-paragraph brz-css-hCQE2\" data-uniq-id=\"poqoq\" data-generated-css=\"brz-css-zhvlc\"><span class=\"brz-cp-color7\">Im Zust\u00e4ndigkeitsbereich des Strandkonsortiums Caorle befinden sich 9 Toilettenanlagen entlang des Levante-Strandes und 8 entlang des Ponente-Strandes. Dabei handelt es sich um Doppelstationen, die selbstverst\u00e4ndlich Herren- und Damenbereiche umfassen. Alle Einrichtungen (bis auf eine) verf\u00fcgen \u00fcber eine behindertengerechte Toilette.<\/span><\/p><p class=\"brz-tp-lg-paragraph brz-css-wU3cp\" data-uniq-id=\"sdjww\" data-generated-css=\"brz-css-gsviz\"><span class=\"brz-cp-color7\">Dar\u00fcber hinaus k\u00f6nnen Besucher, die sich an einem sonnigen Tag erfrischen oder nach einem Bad im Salzwasser duschen m\u00f6chten, die 200 Duschkabinen entlang des Strandes frei nutzen.<\/span><\/p><\/div><\/div><\/div><div id=\"\" class=\"brz-css-fnwNr brz-css-biPbH brz-wrapper\"> <\/div><\/div><\/div><\/div>\t\t\t\t\t\t\t\t<\/div>\n\t\t\t\t\t<\/div>\n\t\t\t\t<\/div>\n\t\t\t\t<\/div>\n\t\t<div class=\"elementor-element elementor-element-65705f13 e-con-full e-flex e-con e-parent\" data-id=\"65705f13\" data-element_type=\"container\">\n\t\t<div class=\"elementor-element elementor-element-904eac7 e-con-full e-flex e-con e-child\" data-id=\"904eac7\" data-element_type=\"container\" data-settings=\"{&quot;background_background&quot;:&quot;classic&quot;}\">\n\t\t\t\t<\/div>\n\t\t<div class=\"elementor-element elementor-element-7cb125ad e-con-full e-flex e-con e-child\" data-id=\"7cb125ad\" data-element_type=\"container\" data-settings=\"{&quot;background_background&quot;:&quot;classic&quot;}\">\n\t\t<div class=\"elementor-element elementor-element-1faecd44 e-con-full e-flex e-con e-child\" data-id=\"1faecd44\" data-element_type=\"container\">\n\t\t<div class=\"elementor-element elementor-element-68404612 e-con-full e-flex e-con e-child\" data-id=\"68404612\" data-element_type=\"container\">\n\t\t\t\t<div class=\"elementor-element elementor-element-715a99c elementor-widget elementor-widget-text-editor\" data-id=\"715a99c\" data-element_type=\"widget\" data-widget_type=\"text-editor.default\">\n\t\t\t\t\t\t\t\t\t<p>Zudem ist im Strandbereich <a href=\"https:\/\/caorlespiaggia.it\/la-spiaggia\/white-oasis\/\"><b>White Oasis<\/b><\/a> ein Service mit Warmwasserduschen und Umkleidekabinen verf\u00fcgbar, ideal f\u00fcr alle, die ihren Aufenthalt im Ort auch nach einem Strandtag verl\u00e4ngern m\u00f6chten.<\/p>\t\t\t\t\t\t\t\t<\/div>\n\t\t\t\t<\/div>\n\t\t\t\t<\/div>\n\t\t\t\t<\/div>\n\t\t\t\t<\/div>\n\t\t\t\t<\/div>\n\t\t","protected":false},"excerpt":{"rendered":"<p>Toiletten Der gr\u00f6\u00dfte Komfort am Strand wird durch die gleichm\u00e4\u00dfige Verteilung effizienter Toilettenanlagen entlang des gesamten Strandes gew\u00e4hrleistet. Im Zust\u00e4ndigkeitsbereich des Strandkonsortiums Caorle befinden sich 9 Toilettenanlagen entlang des Levante-Strandes und 8 entlang des Ponente-Strandes. Dabei handelt es sich um Doppelstationen, die selbstverst\u00e4ndlich Herren- und Damenbereiche umfassen. Alle Einrichtungen (bis auf eine) verf\u00fcgen \u00fcber eine [&hellip;]<\/p>\n","protected":false},"author":1,"featured_media":0,"parent":1511,"menu_order":0,"comment_status":"closed","ping_status":"closed","template":"elementor_header_footer","meta":{"_acf_changed":false,"footnotes":""},"class_list":["post-1449","page","type-page","status-publish","hentry"],"acf":[],"yoast_head":"<!-- This site is optimized with the Yoast SEO plugin v26.7 - https:\/\/yoast.com\/wordpress\/plugins\/seo\/ -->\n<title>Toiletten - Caorle Spiaggia<\/title>\n<meta name=\"robots\" content=\"index, follow, max-snippet:-1, max-image-preview:large, max-video-preview:-1\" \/>\n<link rel=\"canonical\" href=\"https:\/\/caorlespiaggia.it\/de\/geschirr-sets\/toiletten\/\" \/>\n<meta property=\"og:locale\" content=\"de_DE\" \/>\n<meta property=\"og:type\" content=\"article\" \/>\n<meta property=\"og:title\" content=\"Toiletten - Caorle Spiaggia\" \/>\n<meta property=\"og:description\" content=\"Toiletten Der gr\u00f6\u00dfte Komfort am Strand wird durch die gleichm\u00e4\u00dfige Verteilung effizienter Toilettenanlagen entlang des gesamten Strandes gew\u00e4hrleistet. Im Zust\u00e4ndigkeitsbereich des Strandkonsortiums Caorle befinden sich 9 Toilettenanlagen entlang des Levante-Strandes und 8 entlang des Ponente-Strandes. Dabei handelt es sich um Doppelstationen, die selbstverst\u00e4ndlich Herren- und Damenbereiche umfassen. Alle Einrichtungen (bis auf eine) verf\u00fcgen \u00fcber eine [&hellip;]\" \/>\n<meta property=\"og:url\" content=\"https:\/\/caorlespiaggia.it\/de\/geschirr-sets\/toiletten\/\" \/>\n<meta property=\"og:site_name\" content=\"Caorle Spiaggia\" \/>\n<meta property=\"article:modified_time\" content=\"2025-08-13T14:05:28+00:00\" \/>\n<meta name=\"twitter:card\" content=\"summary_large_image\" \/>\n<meta name=\"twitter:label1\" content=\"Gesch\u00e4tzte Lesezeit\" \/>\n\t<meta name=\"twitter:data1\" content=\"1\u00a0Minute\" \/>\n<script type=\"application\/ld+json\" class=\"yoast-schema-graph\">{\"@context\":\"https:\/\/schema.org\",\"@graph\":[{\"@type\":\"WebPage\",\"@id\":\"https:\/\/caorlespiaggia.it\/de\/geschirr-sets\/toiletten\/\",\"url\":\"https:\/\/caorlespiaggia.it\/de\/geschirr-sets\/toiletten\/\",\"name\":\"Toiletten - Caorle Spiaggia\",\"isPartOf\":{\"@id\":\"https:\/\/caorlespiaggia.it\/de\/#website\"},\"datePublished\":\"2025-08-08T08:25:52+00:00\",\"dateModified\":\"2025-08-13T14:05:28+00:00\",\"breadcrumb\":{\"@id\":\"https:\/\/caorlespiaggia.it\/de\/geschirr-sets\/toiletten\/#breadcrumb\"},\"inLanguage\":\"de\",\"potentialAction\":[{\"@type\":\"ReadAction\",\"target\":[\"https:\/\/caorlespiaggia.it\/de\/geschirr-sets\/toiletten\/\"]}]},{\"@type\":\"BreadcrumbList\",\"@id\":\"https:\/\/caorlespiaggia.it\/de\/geschirr-sets\/toiletten\/#breadcrumb\",\"itemListElement\":[{\"@type\":\"ListItem\",\"position\":1,\"name\":\"Startseite\",\"item\":\"https:\/\/caorlespiaggia.it\/de\/startseite\/\"},{\"@type\":\"ListItem\",\"position\":2,\"name\":\"Dienstleistungen\",\"item\":\"https:\/\/caorlespiaggia.it\/de\/geschirr-sets\/\"},{\"@type\":\"ListItem\",\"position\":3,\"name\":\"Toiletten\"}]},{\"@type\":\"WebSite\",\"@id\":\"https:\/\/caorlespiaggia.it\/de\/#website\",\"url\":\"https:\/\/caorlespiaggia.it\/de\/\",\"name\":\"Caorle Spiaggia\",\"description\":\"\",\"publisher\":{\"@id\":\"https:\/\/caorlespiaggia.it\/de\/#organization\"},\"potentialAction\":[{\"@type\":\"SearchAction\",\"target\":{\"@type\":\"EntryPoint\",\"urlTemplate\":\"https:\/\/caorlespiaggia.it\/de\/?s={search_term_string}\"},\"query-input\":{\"@type\":\"PropertyValueSpecification\",\"valueRequired\":true,\"valueName\":\"search_term_string\"}}],\"inLanguage\":\"de\"},{\"@type\":\"Organization\",\"@id\":\"https:\/\/caorlespiaggia.it\/de\/#organization\",\"name\":\"Caorle Strand\",\"alternateName\":\"Consorzio Arenili Caorle\",\"url\":\"https:\/\/caorlespiaggia.it\/de\/\",\"logo\":{\"@type\":\"ImageObject\",\"inLanguage\":\"de\",\"@id\":\"https:\/\/caorlespiaggia.it\/de\/#\/schema\/logo\/image\/\",\"url\":\"https:\/\/caorlespiaggia.it\/wp-content\/uploads\/2025\/07\/logo.png\",\"contentUrl\":\"https:\/\/caorlespiaggia.it\/wp-content\/uploads\/2025\/07\/logo.png\",\"width\":1080,\"height\":1080,\"caption\":\"Caorle Strand\"},\"image\":{\"@id\":\"https:\/\/caorlespiaggia.it\/de\/#\/schema\/logo\/image\/\"}}]}<\/script>\n<!-- \/ Yoast SEO plugin. -->","yoast_head_json":{"title":"Toiletten - Caorle Spiaggia","robots":{"index":"index","follow":"follow","max-snippet":"max-snippet:-1","max-image-preview":"max-image-preview:large","max-video-preview":"max-video-preview:-1"},"canonical":"https:\/\/caorlespiaggia.it\/de\/geschirr-sets\/toiletten\/","og_locale":"de_DE","og_type":"article","og_title":"Toiletten - Caorle Spiaggia","og_description":"Toiletten Der gr\u00f6\u00dfte Komfort am Strand wird durch die gleichm\u00e4\u00dfige Verteilung effizienter Toilettenanlagen entlang des gesamten Strandes gew\u00e4hrleistet. Im Zust\u00e4ndigkeitsbereich des Strandkonsortiums Caorle befinden sich 9 Toilettenanlagen entlang des Levante-Strandes und 8 entlang des Ponente-Strandes. Dabei handelt es sich um Doppelstationen, die selbstverst\u00e4ndlich Herren- und Damenbereiche umfassen. Alle Einrichtungen (bis auf eine) verf\u00fcgen \u00fcber eine [&hellip;]","og_url":"https:\/\/caorlespiaggia.it\/de\/geschirr-sets\/toiletten\/","og_site_name":"Caorle Spiaggia","article_modified_time":"2025-08-13T14:05:28+00:00","twitter_card":"summary_large_image","twitter_misc":{"Gesch\u00e4tzte Lesezeit":"1\u00a0Minute"},"schema":{"@context":"https:\/\/schema.org","@graph":[{"@type":"WebPage","@id":"https:\/\/caorlespiaggia.it\/de\/geschirr-sets\/toiletten\/","url":"https:\/\/caorlespiaggia.it\/de\/geschirr-sets\/toiletten\/","name":"Toiletten - Caorle Spiaggia","isPartOf":{"@id":"https:\/\/caorlespiaggia.it\/de\/#website"},"datePublished":"2025-08-08T08:25:52+00:00","dateModified":"2025-08-13T14:05:28+00:00","breadcrumb":{"@id":"https:\/\/caorlespiaggia.it\/de\/geschirr-sets\/toiletten\/#breadcrumb"},"inLanguage":"de","potentialAction":[{"@type":"ReadAction","target":["https:\/\/caorlespiaggia.it\/de\/geschirr-sets\/toiletten\/"]}]},{"@type":"BreadcrumbList","@id":"https:\/\/caorlespiaggia.it\/de\/geschirr-sets\/toiletten\/#breadcrumb","itemListElement":[{"@type":"ListItem","position":1,"name":"Startseite","item":"https:\/\/caorlespiaggia.it\/de\/startseite\/"},{"@type":"ListItem","position":2,"name":"Dienstleistungen","item":"https:\/\/caorlespiaggia.it\/de\/geschirr-sets\/"},{"@type":"ListItem","position":3,"name":"Toiletten"}]},{"@type":"WebSite","@id":"https:\/\/caorlespiaggia.it\/de\/#website","url":"https:\/\/caorlespiaggia.it\/de\/","name":"Caorle Spiaggia","description":"","publisher":{"@id":"https:\/\/caorlespiaggia.it\/de\/#organization"},"potentialAction":[{"@type":"SearchAction","target":{"@type":"EntryPoint","urlTemplate":"https:\/\/caorlespiaggia.it\/de\/?s={search_term_string}"},"query-input":{"@type":"PropertyValueSpecification","valueRequired":true,"valueName":"search_term_string"}}],"inLanguage":"de"},{"@type":"Organization","@id":"https:\/\/caorlespiaggia.it\/de\/#organization","name":"Caorle Strand","alternateName":"Consorzio Arenili Caorle","url":"https:\/\/caorlespiaggia.it\/de\/","logo":{"@type":"ImageObject","inLanguage":"de","@id":"https:\/\/caorlespiaggia.it\/de\/#\/schema\/logo\/image\/","url":"https:\/\/caorlespiaggia.it\/wp-content\/uploads\/2025\/07\/logo.png","contentUrl":"https:\/\/caorlespiaggia.it\/wp-content\/uploads\/2025\/07\/logo.png","width":1080,"height":1080,"caption":"Caorle Strand"},"image":{"@id":"https:\/\/caorlespiaggia.it\/de\/#\/schema\/logo\/image\/"}}]}},"_links":{"self":[{"href":"https:\/\/caorlespiaggia.it\/de\/wp-json\/wp\/v2\/pages\/1449","targetHints":{"allow":["GET"]}}],"collection":[{"href":"https:\/\/caorlespiaggia.it\/de\/wp-json\/wp\/v2\/pages"}],"about":[{"href":"https:\/\/caorlespiaggia.it\/de\/wp-json\/wp\/v2\/types\/page"}],"author":[{"embeddable":true,"href":"https:\/\/caorlespiaggia.it\/de\/wp-json\/wp\/v2\/users\/1"}],"replies":[{"embeddable":true,"href":"https:\/\/caorlespiaggia.it\/de\/wp-json\/wp\/v2\/comments?post=1449"}],"version-history":[{"count":1,"href":"https:\/\/caorlespiaggia.it\/de\/wp-json\/wp\/v2\/pages\/1449\/revisions"}],"predecessor-version":[{"id":1450,"href":"https:\/\/caorlespiaggia.it\/de\/wp-json\/wp\/v2\/pages\/1449\/revisions\/1450"}],"up":[{"embeddable":true,"href":"https:\/\/caorlespiaggia.it\/de\/wp-json\/wp\/v2\/pages\/1511"}],"wp:attachment":[{"href":"https:\/\/caorlespiaggia.it\/de\/wp-json\/wp\/v2\/media?parent=1449"}],"curies":[{"name":"wp","href":"https:\/\/api.w.org\/{rel}","templated":true}]}}