{"id":1469,"date":"2025-08-08T07:59:28","date_gmt":"2025-08-08T07:59:28","guid":{"rendered":"https:\/\/caorlespiaggia.it\/inklusiver-strand\/"},"modified":"2025-08-13T14:05:28","modified_gmt":"2025-08-13T14:05:28","slug":"inklusiver-strand","status":"publish","type":"page","link":"https:\/\/caorlespiaggia.it\/de\/geschirr-sets\/inklusiver-strand\/","title":{"rendered":"Inklusiver Strand"},"content":{"rendered":"\t\t<div data-elementor-type=\"wp-post\" data-elementor-id=\"1469\" class=\"elementor elementor-1469 elementor-571\" data-elementor-post-type=\"page\">\n\t\t\t\t<div class=\"elementor-element elementor-element-5e169a44 e-con-full e-flex e-con e-parent\" data-id=\"5e169a44\" data-element_type=\"container\" data-settings=\"{&quot;background_background&quot;:&quot;classic&quot;}\">\n\t\t\t\t<div class=\"elementor-element elementor-element-3bdb84fc elementor-widget elementor-widget-heading\" data-id=\"3bdb84fc\" data-element_type=\"widget\" data-widget_type=\"heading.default\">\n\t\t\t\t\t<h3 class=\"elementor-heading-title elementor-size-default\"><img decoding=\"async\" role=\"img\" class=\"emoji\" alt=\"\ud83c\udfd6\ufe0f\" src=\"https:\/\/s.w.org\/images\/core\/emoji\/16.0.1\/svg\/1f3d6.svg\">  das Meer f\u00fcr alle  <\/h3>\t\t\t\t<\/div>\n\t\t\t\t<div class=\"elementor-element elementor-element-6f160a2 elementor-widget elementor-widget-heading\" data-id=\"6f160a2\" data-element_type=\"widget\" data-widget_type=\"heading.default\">\n\t\t\t\t\t<h1 class=\"elementor-heading-title elementor-size-default\">Inklusiver Strand<\/h1>\t\t\t\t<\/div>\n\t\t\t\t<div class=\"elementor-element elementor-element-28af6a7 elementor-align-center elementor-widget elementor-widget-breadcrumbs\" data-id=\"28af6a7\" data-element_type=\"widget\" data-widget_type=\"breadcrumbs.default\">\n\t\t\t\t\t<p id=\"breadcrumbs\"><span><span><a href=\"https:\/\/caorlespiaggia.it\/de\/startseite\/\">Startseite<\/a><\/span><\/span><\/p>\t\t\t\t<\/div>\n\t\t\t\t<\/div>\n\t\t<div class=\"elementor-element elementor-element-1c907191 e-con-full e-flex e-con e-parent\" data-id=\"1c907191\" data-element_type=\"container\">\n\t\t<div class=\"elementor-element elementor-element-14ece124 e-con-full e-flex e-con e-child\" data-id=\"14ece124\" data-element_type=\"container\" data-settings=\"{&quot;background_background&quot;:&quot;slideshow&quot;,&quot;background_slideshow_gallery&quot;:[{&quot;id&quot;:341,&quot;url&quot;:&quot;https:\\\/\\\/caorlespiaggia.it\\\/wp-content\\\/uploads\\\/2025\\\/08\\\/maredituttiimg-scaled-1.jpg&quot;},{&quot;id&quot;:584,&quot;url&quot;:&quot;https:\\\/\\\/caorlespiaggia.it\\\/wp-content\\\/uploads\\\/2025\\\/08\\\/inclusivo-spiaggia-caorle.jpg&quot;},{&quot;id&quot;:585,&quot;url&quot;:&quot;https:\\\/\\\/caorlespiaggia.it\\\/wp-content\\\/uploads\\\/2025\\\/08\\\/mare-inclusivo-3.jpg&quot;},{&quot;id&quot;:586,&quot;url&quot;:&quot;https:\\\/\\\/caorlespiaggia.it\\\/wp-content\\\/uploads\\\/2025\\\/08\\\/mare-inclusivo-2.jpg&quot;},{&quot;id&quot;:587,&quot;url&quot;:&quot;https:\\\/\\\/caorlespiaggia.it\\\/wp-content\\\/uploads\\\/2025\\\/08\\\/mare-inclusivo-1.jpg&quot;},{&quot;id&quot;:588,&quot;url&quot;:&quot;https:\\\/\\\/caorlespiaggia.it\\\/wp-content\\\/uploads\\\/2025\\\/08\\\/mare-inclusivo.jpg&quot;}],&quot;background_slideshow_loop&quot;:&quot;yes&quot;,&quot;background_slideshow_slide_duration&quot;:5000,&quot;background_slideshow_slide_transition&quot;:&quot;fade&quot;,&quot;background_slideshow_transition_duration&quot;:500}\">\n\t\t\t\t<\/div>\n\t\t<div class=\"elementor-element elementor-element-f90a37b e-flex e-con-boxed e-con e-child\" data-id=\"f90a37b\" data-element_type=\"container\">\n\t\t\t\t\t<div class=\"e-con-inner\">\n\t\t\t\t<div class=\"elementor-element elementor-element-34a26ea2 elementor-widget elementor-widget-text-editor\" data-id=\"34a26ea2\" data-element_type=\"widget\" data-widget_type=\"text-editor.default\">\n\t\t\t\t\t\t\t\t\t<div id=\"\" class=\"brz-css-s19zC brz-wrapper\"><div class=\"brz-rich-text brz-rich-text__custom brz-css-eYEnz\" data-brz-custom-id=\"eoikdlrheljzqkukpmpwxvnuooaaseqaevcu\"><div data-brz-translate-text=\"1\"><div>Unser Strand ist so konzipiert, dass er jedem Menschen ein barrierefreies Erlebnis am Meer erm\u00f6glicht, mit einfachem Zugang zum Strandplatz. Es stehen spezielle Rollst\u00fchle zur Verf\u00fcgung, die f\u00fcr die problemlose Bewegung im Sand und f\u00fcr den Zugang zum Wasser konzipiert sind, sowie spezielle Sonnenschirmpl\u00e4tze mit direktem Zugang vom Steg und h\u00f6heren Liegen, die Komfort und Bequemlichkeit f\u00fcr Menschen mit besonderen Mobilit\u00e4tsbed\u00fcrfnissen gew\u00e4hrleisten. <\/div><\/div><\/div><\/div>\t\t\t\t\t\t\t\t<\/div>\n\t\t\t\t\t<\/div>\n\t\t\t\t<\/div>\n\t\t\t\t<\/div>\n\t\t<div class=\"elementor-element elementor-element-65705f13 e-con-full e-flex e-con e-parent\" data-id=\"65705f13\" data-element_type=\"container\">\n\t\t<div class=\"elementor-element elementor-element-904eac7 e-con-full e-flex e-con e-child\" data-id=\"904eac7\" data-element_type=\"container\" data-settings=\"{&quot;background_background&quot;:&quot;classic&quot;}\">\n\t\t\t\t<\/div>\n\t\t<div class=\"elementor-element elementor-element-7cb125ad e-con-full e-flex e-con e-child\" data-id=\"7cb125ad\" data-element_type=\"container\" data-settings=\"{&quot;background_background&quot;:&quot;classic&quot;}\">\n\t\t<div class=\"elementor-element elementor-element-1faecd44 e-con-full e-flex e-con e-child\" data-id=\"1faecd44\" data-element_type=\"container\">\n\t\t<div class=\"elementor-element elementor-element-68404612 e-con-full e-flex e-con e-child\" data-id=\"68404612\" data-element_type=\"container\">\n\t\t\t\t<div class=\"elementor-element elementor-element-579d53f elementor-widget elementor-widget-text-editor\" data-id=\"579d53f\" data-element_type=\"widget\" data-widget_type=\"text-editor.default\">\n\t\t\t\t\t\t\t\t\t<div>Unser Strandteam steht Ihnen zur Verf\u00fcgung, um das Erlebnis am Meer inklusiv und barrierefrei zu gestalten, indem es Menschen mit motorischen Schwierigkeiten kontinuierlich unterst\u00fctzt, z. B. durch die Begleitung ins Wasser, zusammen mit einem \u201eumfassenden Service, der detaillierte Informationen und praktische Hilfe umfasst, um den vollen Genuss der Badeeinrichtungen in v\u00f6lliger Sicherheit und Komfort zu gew\u00e4hrleisten.\u201c<\/div>\t\t\t\t\t\t\t\t<\/div>\n\t\t\t\t<\/div>\n\t\t\t\t<\/div>\n\t\t\t\t<\/div>\n\t\t\t\t<\/div>\n\t\t\t\t<\/div>\n\t\t","protected":false},"excerpt":{"rendered":"<p>das Meer f\u00fcr alle Inklusiver Strand Unser Strand ist so konzipiert, dass er jedem Menschen ein barrierefreies Erlebnis am Meer erm\u00f6glicht, mit einfachem Zugang zum Strandplatz. Es stehen spezielle Rollst\u00fchle zur Verf\u00fcgung, die f\u00fcr die problemlose Bewegung im Sand und f\u00fcr den Zugang zum Wasser konzipiert sind, sowie spezielle Sonnenschirmpl\u00e4tze mit direktem Zugang vom Steg [&hellip;]<\/p>\n","protected":false},"author":1,"featured_media":0,"parent":1511,"menu_order":0,"comment_status":"closed","ping_status":"closed","template":"elementor_header_footer","meta":{"_acf_changed":false,"footnotes":""},"class_list":["post-1469","page","type-page","status-publish","hentry"],"acf":[],"yoast_head":"<!-- This site is optimized with the Yoast SEO plugin v26.7 - https:\/\/yoast.com\/wordpress\/plugins\/seo\/ -->\n<title>Inklusiver Strand - Caorle Spiaggia<\/title>\n<meta name=\"robots\" content=\"index, follow, max-snippet:-1, max-image-preview:large, max-video-preview:-1\" \/>\n<link rel=\"canonical\" href=\"https:\/\/caorlespiaggia.it\/de\/geschirr-sets\/inklusiver-strand\/\" \/>\n<meta property=\"og:locale\" content=\"de_DE\" \/>\n<meta property=\"og:type\" content=\"article\" \/>\n<meta property=\"og:title\" content=\"Inklusiver Strand - Caorle Spiaggia\" \/>\n<meta property=\"og:description\" content=\"das Meer f\u00fcr alle Inklusiver Strand Unser Strand ist so konzipiert, dass er jedem Menschen ein barrierefreies Erlebnis am Meer erm\u00f6glicht, mit einfachem Zugang zum Strandplatz. Es stehen spezielle Rollst\u00fchle zur Verf\u00fcgung, die f\u00fcr die problemlose Bewegung im Sand und f\u00fcr den Zugang zum Wasser konzipiert sind, sowie spezielle Sonnenschirmpl\u00e4tze mit direktem Zugang vom Steg [&hellip;]\" \/>\n<meta property=\"og:url\" content=\"https:\/\/caorlespiaggia.it\/de\/geschirr-sets\/inklusiver-strand\/\" \/>\n<meta property=\"og:site_name\" content=\"Caorle Spiaggia\" \/>\n<meta property=\"article:modified_time\" content=\"2025-08-13T14:05:28+00:00\" \/>\n<meta property=\"og:image\" content=\"https:\/\/s.w.org\/images\/core\/emoji\/16.0.1\/svg\/1f3d6.svg\" \/>\n<meta name=\"twitter:card\" content=\"summary_large_image\" \/>\n<meta name=\"twitter:label1\" content=\"Gesch\u00e4tzte Lesezeit\" \/>\n\t<meta name=\"twitter:data1\" content=\"1\u00a0Minute\" \/>\n<script type=\"application\/ld+json\" class=\"yoast-schema-graph\">{\"@context\":\"https:\/\/schema.org\",\"@graph\":[{\"@type\":\"WebPage\",\"@id\":\"https:\/\/caorlespiaggia.it\/de\/geschirr-sets\/inklusiver-strand\/\",\"url\":\"https:\/\/caorlespiaggia.it\/de\/geschirr-sets\/inklusiver-strand\/\",\"name\":\"Inklusiver Strand - Caorle Spiaggia\",\"isPartOf\":{\"@id\":\"https:\/\/caorlespiaggia.it\/de\/#website\"},\"primaryImageOfPage\":{\"@id\":\"https:\/\/caorlespiaggia.it\/de\/geschirr-sets\/inklusiver-strand\/#primaryimage\"},\"image\":{\"@id\":\"https:\/\/caorlespiaggia.it\/de\/geschirr-sets\/inklusiver-strand\/#primaryimage\"},\"thumbnailUrl\":\"https:\/\/s.w.org\/images\/core\/emoji\/16.0.1\/svg\/1f3d6.svg\",\"datePublished\":\"2025-08-08T07:59:28+00:00\",\"dateModified\":\"2025-08-13T14:05:28+00:00\",\"breadcrumb\":{\"@id\":\"https:\/\/caorlespiaggia.it\/de\/geschirr-sets\/inklusiver-strand\/#breadcrumb\"},\"inLanguage\":\"de\",\"potentialAction\":[{\"@type\":\"ReadAction\",\"target\":[\"https:\/\/caorlespiaggia.it\/de\/geschirr-sets\/inklusiver-strand\/\"]}]},{\"@type\":\"ImageObject\",\"inLanguage\":\"de\",\"@id\":\"https:\/\/caorlespiaggia.it\/de\/geschirr-sets\/inklusiver-strand\/#primaryimage\",\"url\":\"https:\/\/s.w.org\/images\/core\/emoji\/16.0.1\/svg\/1f3d6.svg\",\"contentUrl\":\"https:\/\/s.w.org\/images\/core\/emoji\/16.0.1\/svg\/1f3d6.svg\"},{\"@type\":\"BreadcrumbList\",\"@id\":\"https:\/\/caorlespiaggia.it\/de\/geschirr-sets\/inklusiver-strand\/#breadcrumb\",\"itemListElement\":[{\"@type\":\"ListItem\",\"position\":1,\"name\":\"Startseite\",\"item\":\"https:\/\/caorlespiaggia.it\/de\/startseite\/\"},{\"@type\":\"ListItem\",\"position\":2,\"name\":\"Dienstleistungen\",\"item\":\"https:\/\/caorlespiaggia.it\/de\/geschirr-sets\/\"},{\"@type\":\"ListItem\",\"position\":3,\"name\":\"Inklusiver Strand\"}]},{\"@type\":\"WebSite\",\"@id\":\"https:\/\/caorlespiaggia.it\/de\/#website\",\"url\":\"https:\/\/caorlespiaggia.it\/de\/\",\"name\":\"Caorle Spiaggia\",\"description\":\"\",\"publisher\":{\"@id\":\"https:\/\/caorlespiaggia.it\/de\/#organization\"},\"potentialAction\":[{\"@type\":\"SearchAction\",\"target\":{\"@type\":\"EntryPoint\",\"urlTemplate\":\"https:\/\/caorlespiaggia.it\/de\/?s={search_term_string}\"},\"query-input\":{\"@type\":\"PropertyValueSpecification\",\"valueRequired\":true,\"valueName\":\"search_term_string\"}}],\"inLanguage\":\"de\"},{\"@type\":\"Organization\",\"@id\":\"https:\/\/caorlespiaggia.it\/de\/#organization\",\"name\":\"Caorle Strand\",\"alternateName\":\"Consorzio Arenili Caorle\",\"url\":\"https:\/\/caorlespiaggia.it\/de\/\",\"logo\":{\"@type\":\"ImageObject\",\"inLanguage\":\"de\",\"@id\":\"https:\/\/caorlespiaggia.it\/de\/#\/schema\/logo\/image\/\",\"url\":\"https:\/\/caorlespiaggia.it\/wp-content\/uploads\/2025\/07\/logo.png\",\"contentUrl\":\"https:\/\/caorlespiaggia.it\/wp-content\/uploads\/2025\/07\/logo.png\",\"width\":1080,\"height\":1080,\"caption\":\"Caorle Strand\"},\"image\":{\"@id\":\"https:\/\/caorlespiaggia.it\/de\/#\/schema\/logo\/image\/\"}}]}<\/script>\n<!-- \/ Yoast SEO plugin. -->","yoast_head_json":{"title":"Inklusiver Strand - Caorle Spiaggia","robots":{"index":"index","follow":"follow","max-snippet":"max-snippet:-1","max-image-preview":"max-image-preview:large","max-video-preview":"max-video-preview:-1"},"canonical":"https:\/\/caorlespiaggia.it\/de\/geschirr-sets\/inklusiver-strand\/","og_locale":"de_DE","og_type":"article","og_title":"Inklusiver Strand - Caorle Spiaggia","og_description":"das Meer f\u00fcr alle Inklusiver Strand Unser Strand ist so konzipiert, dass er jedem Menschen ein barrierefreies Erlebnis am Meer erm\u00f6glicht, mit einfachem Zugang zum Strandplatz. Es stehen spezielle Rollst\u00fchle zur Verf\u00fcgung, die f\u00fcr die problemlose Bewegung im Sand und f\u00fcr den Zugang zum Wasser konzipiert sind, sowie spezielle Sonnenschirmpl\u00e4tze mit direktem Zugang vom Steg [&hellip;]","og_url":"https:\/\/caorlespiaggia.it\/de\/geschirr-sets\/inklusiver-strand\/","og_site_name":"Caorle Spiaggia","article_modified_time":"2025-08-13T14:05:28+00:00","og_image":[{"url":"https:\/\/s.w.org\/images\/core\/emoji\/16.0.1\/svg\/1f3d6.svg","type":"","width":"","height":""}],"twitter_card":"summary_large_image","twitter_misc":{"Gesch\u00e4tzte Lesezeit":"1\u00a0Minute"},"schema":{"@context":"https:\/\/schema.org","@graph":[{"@type":"WebPage","@id":"https:\/\/caorlespiaggia.it\/de\/geschirr-sets\/inklusiver-strand\/","url":"https:\/\/caorlespiaggia.it\/de\/geschirr-sets\/inklusiver-strand\/","name":"Inklusiver Strand - Caorle Spiaggia","isPartOf":{"@id":"https:\/\/caorlespiaggia.it\/de\/#website"},"primaryImageOfPage":{"@id":"https:\/\/caorlespiaggia.it\/de\/geschirr-sets\/inklusiver-strand\/#primaryimage"},"image":{"@id":"https:\/\/caorlespiaggia.it\/de\/geschirr-sets\/inklusiver-strand\/#primaryimage"},"thumbnailUrl":"https:\/\/s.w.org\/images\/core\/emoji\/16.0.1\/svg\/1f3d6.svg","datePublished":"2025-08-08T07:59:28+00:00","dateModified":"2025-08-13T14:05:28+00:00","breadcrumb":{"@id":"https:\/\/caorlespiaggia.it\/de\/geschirr-sets\/inklusiver-strand\/#breadcrumb"},"inLanguage":"de","potentialAction":[{"@type":"ReadAction","target":["https:\/\/caorlespiaggia.it\/de\/geschirr-sets\/inklusiver-strand\/"]}]},{"@type":"ImageObject","inLanguage":"de","@id":"https:\/\/caorlespiaggia.it\/de\/geschirr-sets\/inklusiver-strand\/#primaryimage","url":"https:\/\/s.w.org\/images\/core\/emoji\/16.0.1\/svg\/1f3d6.svg","contentUrl":"https:\/\/s.w.org\/images\/core\/emoji\/16.0.1\/svg\/1f3d6.svg"},{"@type":"BreadcrumbList","@id":"https:\/\/caorlespiaggia.it\/de\/geschirr-sets\/inklusiver-strand\/#breadcrumb","itemListElement":[{"@type":"ListItem","position":1,"name":"Startseite","item":"https:\/\/caorlespiaggia.it\/de\/startseite\/"},{"@type":"ListItem","position":2,"name":"Dienstleistungen","item":"https:\/\/caorlespiaggia.it\/de\/geschirr-sets\/"},{"@type":"ListItem","position":3,"name":"Inklusiver Strand"}]},{"@type":"WebSite","@id":"https:\/\/caorlespiaggia.it\/de\/#website","url":"https:\/\/caorlespiaggia.it\/de\/","name":"Caorle Spiaggia","description":"","publisher":{"@id":"https:\/\/caorlespiaggia.it\/de\/#organization"},"potentialAction":[{"@type":"SearchAction","target":{"@type":"EntryPoint","urlTemplate":"https:\/\/caorlespiaggia.it\/de\/?s={search_term_string}"},"query-input":{"@type":"PropertyValueSpecification","valueRequired":true,"valueName":"search_term_string"}}],"inLanguage":"de"},{"@type":"Organization","@id":"https:\/\/caorlespiaggia.it\/de\/#organization","name":"Caorle Strand","alternateName":"Consorzio Arenili Caorle","url":"https:\/\/caorlespiaggia.it\/de\/","logo":{"@type":"ImageObject","inLanguage":"de","@id":"https:\/\/caorlespiaggia.it\/de\/#\/schema\/logo\/image\/","url":"https:\/\/caorlespiaggia.it\/wp-content\/uploads\/2025\/07\/logo.png","contentUrl":"https:\/\/caorlespiaggia.it\/wp-content\/uploads\/2025\/07\/logo.png","width":1080,"height":1080,"caption":"Caorle Strand"},"image":{"@id":"https:\/\/caorlespiaggia.it\/de\/#\/schema\/logo\/image\/"}}]}},"_links":{"self":[{"href":"https:\/\/caorlespiaggia.it\/de\/wp-json\/wp\/v2\/pages\/1469","targetHints":{"allow":["GET"]}}],"collection":[{"href":"https:\/\/caorlespiaggia.it\/de\/wp-json\/wp\/v2\/pages"}],"about":[{"href":"https:\/\/caorlespiaggia.it\/de\/wp-json\/wp\/v2\/types\/page"}],"author":[{"embeddable":true,"href":"https:\/\/caorlespiaggia.it\/de\/wp-json\/wp\/v2\/users\/1"}],"replies":[{"embeddable":true,"href":"https:\/\/caorlespiaggia.it\/de\/wp-json\/wp\/v2\/comments?post=1469"}],"version-history":[{"count":1,"href":"https:\/\/caorlespiaggia.it\/de\/wp-json\/wp\/v2\/pages\/1469\/revisions"}],"predecessor-version":[{"id":1470,"href":"https:\/\/caorlespiaggia.it\/de\/wp-json\/wp\/v2\/pages\/1469\/revisions\/1470"}],"up":[{"embeddable":true,"href":"https:\/\/caorlespiaggia.it\/de\/wp-json\/wp\/v2\/pages\/1511"}],"wp:attachment":[{"href":"https:\/\/caorlespiaggia.it\/de\/wp-json\/wp\/v2\/media?parent=1469"}],"curies":[{"name":"wp","href":"https:\/\/api.w.org\/{rel}","templated":true}]}}