{"id":1479,"date":"2025-08-12T16:21:34","date_gmt":"2025-08-12T16:21:34","guid":{"rendered":"https:\/\/caorlespiaggia.it\/datenschutzerklaerung\/"},"modified":"2025-08-13T14:05:04","modified_gmt":"2025-08-13T14:05:04","slug":"datenschutzerklaerung","status":"publish","type":"page","link":"https:\/\/caorlespiaggia.it\/de\/datenschutzerklaerung\/","title":{"rendered":"Datenschutzerkl\u00e4rung"},"content":{"rendered":"\t\t<div data-elementor-type=\"wp-post\" data-elementor-id=\"1479\" class=\"elementor elementor-1479 elementor-1049\" data-elementor-post-type=\"page\">\n\t\t\t\t<div class=\"elementor-element elementor-element-5e169a44 e-con-full e-flex e-con e-parent\" data-id=\"5e169a44\" data-element_type=\"container\" data-settings=\"{&quot;background_background&quot;:&quot;classic&quot;}\">\n\t\t\t\t<div class=\"elementor-element elementor-element-3bdb84fc elementor-widget elementor-widget-heading\" data-id=\"3bdb84fc\" data-element_type=\"widget\" data-widget_type=\"heading.default\">\n\t\t\t\t\t<h3 class=\"elementor-heading-title elementor-size-default\">Datenschutzrichtlinie, Cookie-Richtlinie...<\/h3>\t\t\t\t<\/div>\n\t\t\t\t<div class=\"elementor-element elementor-element-6f160a2 elementor-widget elementor-widget-heading\" data-id=\"6f160a2\" data-element_type=\"widget\" data-widget_type=\"heading.default\">\n\t\t\t\t\t<h1 class=\"elementor-heading-title elementor-size-default\">Datenschutzerkl\u00e4rung<\/h1>\t\t\t\t<\/div>\n\t\t\t\t<\/div>\n\t\t<div class=\"elementor-element elementor-element-4235bb1 e-con-full e-flex e-con e-parent\" data-id=\"4235bb1\" data-element_type=\"container\">\n\t\t\t\t<div class=\"elementor-element elementor-element-346a69e elementor-widget elementor-widget-text-editor\" data-id=\"346a69e\" data-element_type=\"widget\" data-widget_type=\"text-editor.default\">\n\t\t\t\t\t\t\t\t\t<p><\/p>\n<p>Unsere Organisation hat ein System f\u00fcr das Management der Privatsph\u00e4re (S.G.P.) definiert, mit dem sie die Kontrolle \u00fcber die technischen und organisatorischen Ma\u00dfnahmen eingef\u00fchrt hat, die darauf abzielen, die Einhaltung der Grunds\u00e4tze zu gew\u00e4hrleisten, die wir an alle weitergeben, die in unseren Prozessen t\u00e4tig sind, und in \u00dcbereinstimmung mit der Verordnung 679\/2016 und den auf die durchgef\u00fchrten Verarbeitungen anwendbaren Gesetzen.<\/p>\n<p> <\/p>\n<p>Insbesondere unterst\u00fctzt die Direktion die folgenden Grunds\u00e4tze:<\/p>\n<p> <\/p>\n<p><strong>Rechenschaftspflicht,<\/strong> da sie ein System f\u00fcr das Management der Privatsph\u00e4re definiert hat, das es erm\u00f6glicht, die Verantwortlichen f\u00fcr ihre Handlungen zu identifizieren und Dritten, die dies beantragen, Rechenschaft abzulegen.<\/p>\n<p> <\/p>\n<p>\u201e<strong>Privacy by Design und by Default<\/strong>\u201c, wonach die Produkte und Dienstleistungen von \u201eAnfang an so konzipiert werden m\u00fcssen, dass die Privatsph\u00e4re der Nutzer gesch\u00fctzt wird, d. h. die Verarbeitung muss von Anfang an vorgesehen und konfiguriert werden\u201c, wobei die Garantien zum Schutz der Rechte der Betroffenen vorgesehen werden;<\/p>\n<p> <\/p>\n<p><strong>Rechtm\u00e4\u00dfigkeit und Korrektheit<\/strong> &#8211; Die Verarbeitung ist nur unter den Bedingungen rechtm\u00e4\u00dfig, die ausdr\u00fccklich in \u201eArt. 6 der Verordnung vorgesehen sind, d. h. wenn der\u201c Betroffene seine Einwilligung gegeben hat. <\/p>\n<p> <\/p>\n<p><strong>Transparenz<\/strong> \u2013 Ein Recht f\u00fcr den Betroffenen, das auch durch die Verbreitung von Informationen gew\u00e4hrleistet wird.<\/p>\n<p> <\/p>\n<p><strong>Beschr\u00e4nkung der Datennutzungszwecke<\/strong>: Wir verpflichten uns, die Daten f\u00fcr bestimmte, eindeutige und legitime Zwecke zu erheben und sie in einer Weise zu verarbeiten, die mit diesen Zwecken vereinbar ist.<\/p>\n<p> <\/p>\n<p><strong>Minimierung der Datennutzung<\/strong>: Die von uns erhobenen Daten m\u00fcssen angemessen, relevant und auf das beschr\u00e4nkt sein, was f\u00fcr die Verfolgung der Zwecke, f\u00fcr die sie erhoben und verarbeitet werden, erforderlich ist, also unter Wahrung der Verh\u00e4ltnism\u00e4\u00dfigkeit und der Notwendigkeit.<\/p>\n<p> <\/p>\n<p><strong>Richtigkeit der Daten<\/strong>: Sie m\u00fcssen immer korrekt und aktuell sein. Etwaige Ungenauigkeiten m\u00fcssen unverz\u00fcglich berichtigt bzw. die unrichtigen Daten gel\u00f6scht werden. <br><strong>Begrenzung der Aufbewahrung<\/strong>: Die Daten m\u00fcssen so lange aufbewahrt werden, wie es f\u00fcr die Erreichung der Zwecke, f\u00fcr die sie verarbeitet werden, erforderlich ist.<\/p>\n<p> <\/p>\n<p><strong>Vertraulichkeit<\/strong>: Die Daten werden nur an die Personen weitergegeben, die f\u00fcr die Verfolgung der Zwecke unbedingt befugt und erforderlich sind.<\/p>\n<p> <\/p>\n<p><strong>Navigation auf den Websites<\/strong><\/p>\n<p> <\/p>\n<p>Auf den Unternehmenswebsites sind die verwendeten Cookies in den \u201eCookie-Informationen\u201c aufgef\u00fchrt.<br>Die Verwendung von Session-Cookies (d. h. tempor\u00e4ren Cookies, die mit dem Schlie\u00dfen der Browser-Session verfallen) ist streng funktional f\u00fcr die Optimierung der Nutzung der Websites und damit f\u00fcr die Gew\u00e4hrleistung der besten Navigation innerhalb der Websites.<\/p>\n<p> <\/p>\n<p>Andere Websites, auf die diese Websites m\u00f6glicherweise \u201everlinken\u201c, k\u00f6nnen Tracking-Systeme enthalten, die dem Inhaber der Websites unbekannt sind. Es wird nicht garantiert, dass diese externen Websites \u00fcber geeignete Sicherheitssysteme verf\u00fcgen, die darauf abzielen, die verarbeiteten Daten zu sch\u00fctzen und Sch\u00e4den (z. B. durch Computerviren) zu verhindern. <\/p>\n<p> <\/p>\n<p><strong>Sicherheitsma\u00dfnahmen der Websites<\/strong><\/p>\n<p> <\/p>\n<p>F\u00fcr die Verwaltung der Websites wurden spezifische Sicherheitsma\u00dfnahmen getroffen, die darauf abzielen, den sicheren Zugriff zu gew\u00e4hrleisten und die auf den Websites enthaltenen Informationen vor dem Risiko des Verlusts oder der auch versehentlichen Zerst\u00f6rung zu sch\u00fctzen.<\/p>\n<p> <\/p>\n<p>F\u00fcr die Zwecke der Datenverarbeitung wird auf die detaillierte Datenschutzerkl\u00e4rung f\u00fcr die Website verwiesen.<\/p>\n<p> <\/p>\n<p><strong>Schlussfolgerungen<\/strong><\/p>\n<p> <\/p>\n<p>Alle Grunds\u00e4tze werden mit den Mitarbeitern geteilt, die sich nicht nur f\u00fcr die korrekte Verwaltung des Systems einsetzen, sondern auch der Direktion Anregungen f\u00fcr die Implementierung und die kontinuierliche Verbesserung desselben geben.<\/p>\n<p> <\/p>\n<p>Unsere Aufmerksamkeit f\u00fcr die Risiken, die sich aus der Verwaltung der Daten der Betroffenen ergeben, ist ein Engagement, das auf allen Ebenen unserer Organisation verbreitet ist, sowohl intern als auch extern und gegen\u00fcber unseren Mitarbeitern und Partnern.<\/p>\n<p> <\/p>\n<p><strong>Unsere Organisation definiert und analysiert ihre Prozesse unter Verwendung der Techniken des Risikomanagements. Wir haben die Bedrohungen und Chancen identifiziert, die unser Unternehmen mit geeigneten Ma\u00dfnahmen verwaltet. Ma\u00dfnahmen, die darauf abzielen, geeignete Managementsysteme zu definieren, die in Funktion der regulatorischen \u00c4nderungen und der Betroffenen aktualisiert werden.<br>Unser S.G.P. wird daher entwickelt und aktualisiert, um den notwendigen und angemessenen Schutz der Daten der  <\/strong><\/p>\n<p> <\/p>\n<p><strong>Betroffenen, wie in der \u201eDatenschutzerkl\u00e4rung des Unternehmens\u201c definiert, zu gew\u00e4hrleisten.<\/strong><\/p>\n<p> <\/p>\n<p>Am Ende der Seite k\u00f6nnen Sie alle Abschnitte der Informationen herunterladen.<\/p>\n<p> <\/p>\n<p><\/p>\n<p> <\/p>\n<p>_______________________________________________________________________________________________________________________<br>F\u00fcr weitere Informationen k\u00f6nnen Sie sich an den Verantwortlichen f\u00fcr die Datenverarbeitung wenden:<\/p>\n<p> <\/p>\n<p>CONSORZIO PER LO SVILUPPO E LA GESTIONE DEGLI ARENILI DELLA MARINA DI CAORLE SRL<\/p>\n<p> <\/p>\n<p>Viale dell&#8217;Artigiano, 9 \u2013 30021 Caorle (VE)<\/p>\n<p> <\/p>\n<p>Tel.&nbsp;<a href=\"tel:+39042184272\">+39 0421 84272<\/a> \u2013 Fax. +39 0421 82110<\/p>\n<p> <\/p>\n<p>E-Mail<a href=\"mailto:info@caorlespiaggia.it\"> info@caorlespiaggia.it<\/a><\/p><p><br><\/p><p><br><\/p>\n<p> <\/p>\n<div class=\"wp-block-group\"><p><\/p>\n<div class=\"wp-block-file\"><a id=\"wp-block-file--media-a9743d55-0d70-47a1-a419-53f2be7edcb7\" href=\"https:\/\/caorlespiaggia.it\/media\/2021\/12\/it_privacy-policy_3.pdf\" target=\"_blank\" rel=\"noreferrer noopener\">Politik zur Datenverarbeitung<\/a><\/div>\n<p> <\/p>\n<div class=\"wp-block-file\"><a id=\"wp-block-file--media-c2d85c2d-4081-4ed0-8550-5f143fa8d808\" href=\"https:\/\/caorlespiaggia.it\/media\/2021\/12\/it_privacy-policy_4.pdf\" target=\"_blank\" rel=\"noreferrer noopener\">Datenschutzerkl\u00e4rung WEB<\/a><\/div>\n<p> <\/p>\n<div class=\"wp-block-file\"><a id=\"wp-block-file--media-3bc2c20f-4808-42a7-880a-c75e6a9c5f9b\" href=\"https:\/\/caorlespiaggia.it\/media\/2022\/09\/mod-05-informativa-cookie.pdf\" target=\"_blank\" rel=\"noreferrer noopener\">Informationen zu Cookies<\/a><\/div>\n<p> <\/p>\n<div class=\"wp-block-file\"><a id=\"wp-block-file--media-08cdfc51-bf6a-4bfc-b80b-1f7336635252\" href=\"https:\/\/caorlespiaggia.it\/media\/2021\/12\/it_privacy-policy_6.pdf\" target=\"_blank\" rel=\"noreferrer noopener\">Informationen zu Newslettern<\/a><\/div>\n<p> <\/p>\n<div class=\"wp-block-file\"><a id=\"wp-block-file--media-0fc1ce7d-05d7-49ca-ac7f-5bd1e415f06e\" href=\"https:\/\/caorlespiaggia.it\/media\/2021\/12\/it_privacy-policy_7.pdf\" target=\"_blank\" rel=\"noreferrer noopener\">Informationen zur Webkonferenz<\/a><\/div>\n<p> <\/p>\n<div class=\"wp-block-file\"><a id=\"wp-block-file--media-3f6cf64a-eb23-408e-8f3d-59d27d973d53\" href=\"https:\/\/caorlespiaggia.it\/media\/2021\/12\/it_privacy-policy_8.pdf\" target=\"_blank\" rel=\"noreferrer noopener\">Informationen zur Video\u00fcberwachung<\/a><\/div>\n<p><\/p><\/div>\n<p><\/p>\t\t\t\t\t\t\t\t<\/div>\n\t\t\t\t<\/div>\n\t\t\t\t<\/div>\n\t\t","protected":false},"excerpt":{"rendered":"<p>Datenschutzrichtlinie, Cookie-Richtlinie&#8230; Datenschutzerkl\u00e4rung Unsere Organisation hat ein System f\u00fcr das Management der Privatsph\u00e4re (S.G.P.) definiert, mit dem sie die Kontrolle \u00fcber die technischen und organisatorischen Ma\u00dfnahmen eingef\u00fchrt hat, die darauf abzielen, die Einhaltung der Grunds\u00e4tze zu gew\u00e4hrleisten, die wir an alle weitergeben, die in unseren Prozessen t\u00e4tig sind, und in \u00dcbereinstimmung mit der Verordnung 679\/2016 [&hellip;]<\/p>\n","protected":false},"author":1,"featured_media":0,"parent":0,"menu_order":0,"comment_status":"closed","ping_status":"closed","template":"elementor_header_footer","meta":{"_acf_changed":false,"footnotes":""},"class_list":["post-1479","page","type-page","status-publish","hentry"],"acf":[],"yoast_head":"<!-- This site is optimized with the Yoast SEO plugin v26.7 - https:\/\/yoast.com\/wordpress\/plugins\/seo\/ -->\n<title>Datenschutzerkl\u00e4rung - Caorle Spiaggia<\/title>\n<meta name=\"robots\" content=\"index, follow, max-snippet:-1, max-image-preview:large, max-video-preview:-1\" \/>\n<link rel=\"canonical\" href=\"https:\/\/caorlespiaggia.it\/de\/datenschutzerklaerung\/\" \/>\n<meta property=\"og:locale\" content=\"de_DE\" \/>\n<meta property=\"og:type\" content=\"article\" \/>\n<meta property=\"og:title\" content=\"Datenschutzerkl\u00e4rung - Caorle Spiaggia\" \/>\n<meta property=\"og:description\" content=\"Datenschutzrichtlinie, Cookie-Richtlinie&#8230; Datenschutzerkl\u00e4rung Unsere Organisation hat ein System f\u00fcr das Management der Privatsph\u00e4re (S.G.P.) definiert, mit dem sie die Kontrolle \u00fcber die technischen und organisatorischen Ma\u00dfnahmen eingef\u00fchrt hat, die darauf abzielen, die Einhaltung der Grunds\u00e4tze zu gew\u00e4hrleisten, die wir an alle weitergeben, die in unseren Prozessen t\u00e4tig sind, und in \u00dcbereinstimmung mit der Verordnung 679\/2016 [&hellip;]\" \/>\n<meta property=\"og:url\" content=\"https:\/\/caorlespiaggia.it\/de\/datenschutzerklaerung\/\" \/>\n<meta property=\"og:site_name\" content=\"Caorle Spiaggia\" \/>\n<meta property=\"article:modified_time\" content=\"2025-08-13T14:05:04+00:00\" \/>\n<meta name=\"twitter:card\" content=\"summary_large_image\" \/>\n<meta name=\"twitter:label1\" content=\"Gesch\u00e4tzte Lesezeit\" \/>\n\t<meta name=\"twitter:data1\" content=\"4\u00a0Minuten\" \/>\n<script type=\"application\/ld+json\" class=\"yoast-schema-graph\">{\"@context\":\"https:\/\/schema.org\",\"@graph\":[{\"@type\":\"WebPage\",\"@id\":\"https:\/\/caorlespiaggia.it\/de\/datenschutzerklaerung\/\",\"url\":\"https:\/\/caorlespiaggia.it\/de\/datenschutzerklaerung\/\",\"name\":\"Datenschutzerkl\u00e4rung - Caorle Spiaggia\",\"isPartOf\":{\"@id\":\"https:\/\/caorlespiaggia.it\/de\/#website\"},\"datePublished\":\"2025-08-12T16:21:34+00:00\",\"dateModified\":\"2025-08-13T14:05:04+00:00\",\"breadcrumb\":{\"@id\":\"https:\/\/caorlespiaggia.it\/de\/datenschutzerklaerung\/#breadcrumb\"},\"inLanguage\":\"de\",\"potentialAction\":[{\"@type\":\"ReadAction\",\"target\":[\"https:\/\/caorlespiaggia.it\/de\/datenschutzerklaerung\/\"]}]},{\"@type\":\"BreadcrumbList\",\"@id\":\"https:\/\/caorlespiaggia.it\/de\/datenschutzerklaerung\/#breadcrumb\",\"itemListElement\":[{\"@type\":\"ListItem\",\"position\":1,\"name\":\"Startseite\",\"item\":\"https:\/\/caorlespiaggia.it\/de\/startseite\/\"},{\"@type\":\"ListItem\",\"position\":2,\"name\":\"Datenschutzerkl\u00e4rung\"}]},{\"@type\":\"WebSite\",\"@id\":\"https:\/\/caorlespiaggia.it\/de\/#website\",\"url\":\"https:\/\/caorlespiaggia.it\/de\/\",\"name\":\"Caorle Spiaggia\",\"description\":\"\",\"publisher\":{\"@id\":\"https:\/\/caorlespiaggia.it\/de\/#organization\"},\"potentialAction\":[{\"@type\":\"SearchAction\",\"target\":{\"@type\":\"EntryPoint\",\"urlTemplate\":\"https:\/\/caorlespiaggia.it\/de\/?s={search_term_string}\"},\"query-input\":{\"@type\":\"PropertyValueSpecification\",\"valueRequired\":true,\"valueName\":\"search_term_string\"}}],\"inLanguage\":\"de\"},{\"@type\":\"Organization\",\"@id\":\"https:\/\/caorlespiaggia.it\/de\/#organization\",\"name\":\"Caorle Strand\",\"alternateName\":\"Consorzio Arenili Caorle\",\"url\":\"https:\/\/caorlespiaggia.it\/de\/\",\"logo\":{\"@type\":\"ImageObject\",\"inLanguage\":\"de\",\"@id\":\"https:\/\/caorlespiaggia.it\/de\/#\/schema\/logo\/image\/\",\"url\":\"https:\/\/caorlespiaggia.it\/wp-content\/uploads\/2025\/07\/logo.png\",\"contentUrl\":\"https:\/\/caorlespiaggia.it\/wp-content\/uploads\/2025\/07\/logo.png\",\"width\":1080,\"height\":1080,\"caption\":\"Caorle Strand\"},\"image\":{\"@id\":\"https:\/\/caorlespiaggia.it\/de\/#\/schema\/logo\/image\/\"}}]}<\/script>\n<!-- \/ Yoast SEO plugin. -->","yoast_head_json":{"title":"Datenschutzerkl\u00e4rung - Caorle Spiaggia","robots":{"index":"index","follow":"follow","max-snippet":"max-snippet:-1","max-image-preview":"max-image-preview:large","max-video-preview":"max-video-preview:-1"},"canonical":"https:\/\/caorlespiaggia.it\/de\/datenschutzerklaerung\/","og_locale":"de_DE","og_type":"article","og_title":"Datenschutzerkl\u00e4rung - Caorle Spiaggia","og_description":"Datenschutzrichtlinie, Cookie-Richtlinie&#8230; Datenschutzerkl\u00e4rung Unsere Organisation hat ein System f\u00fcr das Management der Privatsph\u00e4re (S.G.P.) definiert, mit dem sie die Kontrolle \u00fcber die technischen und organisatorischen Ma\u00dfnahmen eingef\u00fchrt hat, die darauf abzielen, die Einhaltung der Grunds\u00e4tze zu gew\u00e4hrleisten, die wir an alle weitergeben, die in unseren Prozessen t\u00e4tig sind, und in \u00dcbereinstimmung mit der Verordnung 679\/2016 [&hellip;]","og_url":"https:\/\/caorlespiaggia.it\/de\/datenschutzerklaerung\/","og_site_name":"Caorle Spiaggia","article_modified_time":"2025-08-13T14:05:04+00:00","twitter_card":"summary_large_image","twitter_misc":{"Gesch\u00e4tzte Lesezeit":"4\u00a0Minuten"},"schema":{"@context":"https:\/\/schema.org","@graph":[{"@type":"WebPage","@id":"https:\/\/caorlespiaggia.it\/de\/datenschutzerklaerung\/","url":"https:\/\/caorlespiaggia.it\/de\/datenschutzerklaerung\/","name":"Datenschutzerkl\u00e4rung - Caorle Spiaggia","isPartOf":{"@id":"https:\/\/caorlespiaggia.it\/de\/#website"},"datePublished":"2025-08-12T16:21:34+00:00","dateModified":"2025-08-13T14:05:04+00:00","breadcrumb":{"@id":"https:\/\/caorlespiaggia.it\/de\/datenschutzerklaerung\/#breadcrumb"},"inLanguage":"de","potentialAction":[{"@type":"ReadAction","target":["https:\/\/caorlespiaggia.it\/de\/datenschutzerklaerung\/"]}]},{"@type":"BreadcrumbList","@id":"https:\/\/caorlespiaggia.it\/de\/datenschutzerklaerung\/#breadcrumb","itemListElement":[{"@type":"ListItem","position":1,"name":"Startseite","item":"https:\/\/caorlespiaggia.it\/de\/startseite\/"},{"@type":"ListItem","position":2,"name":"Datenschutzerkl\u00e4rung"}]},{"@type":"WebSite","@id":"https:\/\/caorlespiaggia.it\/de\/#website","url":"https:\/\/caorlespiaggia.it\/de\/","name":"Caorle Spiaggia","description":"","publisher":{"@id":"https:\/\/caorlespiaggia.it\/de\/#organization"},"potentialAction":[{"@type":"SearchAction","target":{"@type":"EntryPoint","urlTemplate":"https:\/\/caorlespiaggia.it\/de\/?s={search_term_string}"},"query-input":{"@type":"PropertyValueSpecification","valueRequired":true,"valueName":"search_term_string"}}],"inLanguage":"de"},{"@type":"Organization","@id":"https:\/\/caorlespiaggia.it\/de\/#organization","name":"Caorle Strand","alternateName":"Consorzio Arenili Caorle","url":"https:\/\/caorlespiaggia.it\/de\/","logo":{"@type":"ImageObject","inLanguage":"de","@id":"https:\/\/caorlespiaggia.it\/de\/#\/schema\/logo\/image\/","url":"https:\/\/caorlespiaggia.it\/wp-content\/uploads\/2025\/07\/logo.png","contentUrl":"https:\/\/caorlespiaggia.it\/wp-content\/uploads\/2025\/07\/logo.png","width":1080,"height":1080,"caption":"Caorle Strand"},"image":{"@id":"https:\/\/caorlespiaggia.it\/de\/#\/schema\/logo\/image\/"}}]}},"_links":{"self":[{"href":"https:\/\/caorlespiaggia.it\/de\/wp-json\/wp\/v2\/pages\/1479","targetHints":{"allow":["GET"]}}],"collection":[{"href":"https:\/\/caorlespiaggia.it\/de\/wp-json\/wp\/v2\/pages"}],"about":[{"href":"https:\/\/caorlespiaggia.it\/de\/wp-json\/wp\/v2\/types\/page"}],"author":[{"embeddable":true,"href":"https:\/\/caorlespiaggia.it\/de\/wp-json\/wp\/v2\/users\/1"}],"replies":[{"embeddable":true,"href":"https:\/\/caorlespiaggia.it\/de\/wp-json\/wp\/v2\/comments?post=1479"}],"version-history":[{"count":3,"href":"https:\/\/caorlespiaggia.it\/de\/wp-json\/wp\/v2\/pages\/1479\/revisions"}],"predecessor-version":[{"id":1484,"href":"https:\/\/caorlespiaggia.it\/de\/wp-json\/wp\/v2\/pages\/1479\/revisions\/1484"}],"wp:attachment":[{"href":"https:\/\/caorlespiaggia.it\/de\/wp-json\/wp\/v2\/media?parent=1479"}],"curies":[{"name":"wp","href":"https:\/\/api.w.org\/{rel}","templated":true}]}}