{"id":1480,"date":"2025-08-07T14:22:30","date_gmt":"2025-08-07T14:22:30","guid":{"rendered":"https:\/\/caorlespiaggia.it\/spiele-fuer-kinder\/"},"modified":"2025-08-13T14:05:28","modified_gmt":"2025-08-13T14:05:28","slug":"spiele-fuer-kinder","status":"publish","type":"page","link":"https:\/\/caorlespiaggia.it\/de\/geschirr-sets\/spiele-fuer-kinder\/","title":{"rendered":"Spiele f\u00fcr Kinder"},"content":{"rendered":"\t\t<div data-elementor-type=\"wp-post\" data-elementor-id=\"1480\" class=\"elementor elementor-1480 elementor-530\" data-elementor-post-type=\"page\">\n\t\t\t\t<div class=\"elementor-element elementor-element-5e169a44 e-con-full e-flex e-con e-parent\" data-id=\"5e169a44\" data-element_type=\"container\" data-settings=\"{&quot;background_background&quot;:&quot;classic&quot;}\">\n\t\t\t\t<div class=\"elementor-element elementor-element-3bdb84fc elementor-widget elementor-widget-heading\" data-id=\"3bdb84fc\" data-element_type=\"widget\" data-widget_type=\"heading.default\">\n\t\t\t\t\t<h3 class=\"elementor-heading-title elementor-size-default\">den Kleinsten gewidmet<\/h3>\t\t\t\t<\/div>\n\t\t\t\t<div class=\"elementor-element elementor-element-6f160a2 elementor-widget elementor-widget-heading\" data-id=\"6f160a2\" data-element_type=\"widget\" data-widget_type=\"heading.default\">\n\t\t\t\t\t<h1 class=\"elementor-heading-title elementor-size-default\">Spiele am Strand<\/h1>\t\t\t\t<\/div>\n\t\t\t\t<div class=\"elementor-element elementor-element-c56ad57 elementor-align-center elementor-widget elementor-widget-breadcrumbs\" data-id=\"c56ad57\" data-element_type=\"widget\" data-widget_type=\"breadcrumbs.default\">\n\t\t\t\t\t<p id=\"breadcrumbs\"><span><span><a href=\"https:\/\/caorlespiaggia.it\/de\/startseite\/\">Startseite<\/a><\/span><\/span><\/p>\t\t\t\t<\/div>\n\t\t\t\t<\/div>\n\t\t<div class=\"elementor-element elementor-element-1c907191 e-con-full e-flex e-con e-parent\" data-id=\"1c907191\" data-element_type=\"container\">\n\t\t<div class=\"elementor-element elementor-element-14ece124 e-con-full e-flex e-con e-child\" data-id=\"14ece124\" data-element_type=\"container\" data-settings=\"{&quot;background_background&quot;:&quot;slideshow&quot;,&quot;background_slideshow_gallery&quot;:[{&quot;id&quot;:413,&quot;url&quot;:&quot;https:\\\/\\\/caorlespiaggia.it\\\/wp-content\\\/uploads\\\/2025\\\/08\\\/giochi-in-spiaggia-caorle.jpg&quot;}],&quot;background_slideshow_loop&quot;:&quot;yes&quot;,&quot;background_slideshow_slide_duration&quot;:5000,&quot;background_slideshow_slide_transition&quot;:&quot;fade&quot;,&quot;background_slideshow_transition_duration&quot;:500}\">\n\t\t\t\t<\/div>\n\t\t<div class=\"elementor-element elementor-element-f90a37b e-flex e-con-boxed e-con e-child\" data-id=\"f90a37b\" data-element_type=\"container\">\n\t\t\t\t\t<div class=\"e-con-inner\">\n\t\t\t\t<div class=\"elementor-element elementor-element-34a26ea2 elementor-widget elementor-widget-text-editor\" data-id=\"34a26ea2\" data-element_type=\"widget\" data-widget_type=\"text-editor.default\">\n\t\t\t\t\t\t\t\t\t<div id=\"\" class=\"brz-css-s19zC brz-wrapper\"><div class=\"brz-rich-text brz-rich-text__custom brz-css-eYEnz\" data-brz-custom-id=\"eoikdlrheljzqkukpmpwxvnuooaaseqaevcu\"><div data-brz-translate-text=\"1\"><p class=\"brz-tp-lg-paragraph brz-css-yQI9V\" data-generated-css=\"brz-css-vchfm\" data-uniq-id=\"xxnxs\"><span class=\"brz-cp-color7\">Kinder brauchen nicht viel, um Spa\u00df zu haben: eine Sandburg, ein Drachen, den man hoch in den Himmel steigen lassen kann.<\/span><\/p><p class=\"brz-tp-lg-paragraph brz-css-qeHEF\" data-generated-css=\"brz-css-iqzsu\" data-uniq-id=\"uhrlz\"><span class=\"brz-cp-color7\">Dem Arenili-Konsortium von Caorle liegt die Zufriedenheit und der Spa\u00df seiner kleinen G\u00e4ste sehr am Herzen. Aus diesem Grund hat es am gesamten Strand Spielbereiche mit Rutschen, Schaukeln und vielem mehr eingerichtet, wo sowohl die Kleinsten als auch die Gr\u00f6\u00dferen die Zeit gemeinsam an einem Treffpunkt verbringen k\u00f6nnen, wo sie auch mit anderen Kindern Freundschaften schlie\u00dfen k\u00f6nnen.<\/span><\/p><\/div><\/div><\/div>\t\t\t\t\t\t\t\t<\/div>\n\t\t\t\t\t<\/div>\n\t\t\t\t<\/div>\n\t\t\t\t<\/div>\n\t\t<div class=\"elementor-element elementor-element-65705f13 e-con-full e-flex e-con e-parent\" data-id=\"65705f13\" data-element_type=\"container\">\n\t\t<div class=\"elementor-element elementor-element-904eac7 e-con-full e-flex e-con e-child\" data-id=\"904eac7\" data-element_type=\"container\" data-settings=\"{&quot;background_background&quot;:&quot;classic&quot;}\">\n\t\t\t\t<\/div>\n\t\t<div class=\"elementor-element elementor-element-7cb125ad e-con-full e-flex e-con e-child\" data-id=\"7cb125ad\" data-element_type=\"container\" data-settings=\"{&quot;background_background&quot;:&quot;classic&quot;}\">\n\t\t<div class=\"elementor-element elementor-element-1faecd44 e-con-full e-flex e-con e-child\" data-id=\"1faecd44\" data-element_type=\"container\">\n\t\t<div class=\"elementor-element elementor-element-68404612 e-con-full e-flex e-con e-child\" data-id=\"68404612\" data-element_type=\"container\">\n\t\t\t\t<div class=\"elementor-element elementor-element-579d53f elementor-widget elementor-widget-text-editor\" data-id=\"579d53f\" data-element_type=\"widget\" data-widget_type=\"text-editor.default\">\n\t\t\t\t\t\t\t\t\t<p>Entdecken Sie auch die Animationsaktivit\u00e4ten f\u00fcr die Kleinsten<\/p>\t\t\t\t\t\t\t\t<\/div>\n\t\t\t\t<\/div>\n\t\t\t\t<\/div>\n\t\t\t\t<div class=\"elementor-element elementor-element-ae24f3d elementor-widget__width-auto elementor-widget elementor-widget-button\" data-id=\"ae24f3d\" data-element_type=\"widget\" data-widget_type=\"button.default\">\n\t\t\t\t\t\t\t\t\t\t<a class=\"elementor-button elementor-button-link elementor-size-sm\" href=\"https:\/\/caorlespiaggia.it\/de\/geschirr-sets\/animation\/\">\n\t\t\t\t\t\t<span class=\"elementor-button-content-wrapper\">\n\t\t\t\t\t\t<span class=\"elementor-button-icon\">\n\t\t\t\t<svg aria-hidden=\"true\" class=\"e-font-icon-svg e-fas-angle-right\" viewBox=\"0 0 256 512\" xmlns=\"http:\/\/www.w3.org\/2000\/svg\"><path d=\"M224.3 273l-136 136c-9.4 9.4-24.6 9.4-33.9 0l-22.6-22.6c-9.4-9.4-9.4-24.6 0-33.9l96.4-96.4-96.4-96.4c-9.4-9.4-9.4-24.6 0-33.9L54.3 103c9.4-9.4 24.6-9.4 33.9 0l136 136c9.5 9.4 9.5 24.6.1 34z\"><\/path><\/svg>\t\t\t<\/span>\n\t\t\t\t\t\t\t\t\t<span class=\"elementor-button-text\">Animation am Strand<\/span>\n\t\t\t\t\t<\/span>\n\t\t\t\t\t<\/a>\n\t\t\t\t\t\t\t\t<\/div>\n\t\t\t\t<\/div>\n\t\t\t\t<\/div>\n\t\t\t\t<\/div>\n\t\t","protected":false},"excerpt":{"rendered":"<p>den Kleinsten gewidmet Spiele am Strand Kinder brauchen nicht viel, um Spa\u00df zu haben: eine Sandburg, ein Drachen, den man hoch in den Himmel steigen lassen kann. Dem Arenili-Konsortium von Caorle liegt die Zufriedenheit und der Spa\u00df seiner kleinen G\u00e4ste sehr am Herzen. Aus diesem Grund hat es am gesamten Strand Spielbereiche mit Rutschen, Schaukeln [&hellip;]<\/p>\n","protected":false},"author":1,"featured_media":0,"parent":1511,"menu_order":0,"comment_status":"closed","ping_status":"closed","template":"elementor_header_footer","meta":{"_acf_changed":false,"footnotes":""},"class_list":["post-1480","page","type-page","status-publish","hentry"],"acf":[],"yoast_head":"<!-- This site is optimized with the Yoast SEO plugin v26.7 - https:\/\/yoast.com\/wordpress\/plugins\/seo\/ -->\n<title>Spiele f\u00fcr Kinder - Caorle Spiaggia<\/title>\n<meta name=\"robots\" content=\"index, follow, max-snippet:-1, max-image-preview:large, max-video-preview:-1\" \/>\n<link rel=\"canonical\" href=\"https:\/\/caorlespiaggia.it\/de\/geschirr-sets\/spiele-fuer-kinder\/\" \/>\n<meta property=\"og:locale\" content=\"de_DE\" \/>\n<meta property=\"og:type\" content=\"article\" \/>\n<meta property=\"og:title\" content=\"Spiele f\u00fcr Kinder - Caorle Spiaggia\" \/>\n<meta property=\"og:description\" content=\"den Kleinsten gewidmet Spiele am Strand Kinder brauchen nicht viel, um Spa\u00df zu haben: eine Sandburg, ein Drachen, den man hoch in den Himmel steigen lassen kann. Dem Arenili-Konsortium von Caorle liegt die Zufriedenheit und der Spa\u00df seiner kleinen G\u00e4ste sehr am Herzen. Aus diesem Grund hat es am gesamten Strand Spielbereiche mit Rutschen, Schaukeln [&hellip;]\" \/>\n<meta property=\"og:url\" content=\"https:\/\/caorlespiaggia.it\/de\/geschirr-sets\/spiele-fuer-kinder\/\" \/>\n<meta property=\"og:site_name\" content=\"Caorle Spiaggia\" \/>\n<meta property=\"article:modified_time\" content=\"2025-08-13T14:05:28+00:00\" \/>\n<meta name=\"twitter:card\" content=\"summary_large_image\" \/>\n<meta name=\"twitter:label1\" content=\"Gesch\u00e4tzte Lesezeit\" \/>\n\t<meta name=\"twitter:data1\" content=\"1\u00a0Minute\" \/>\n<script type=\"application\/ld+json\" class=\"yoast-schema-graph\">{\"@context\":\"https:\/\/schema.org\",\"@graph\":[{\"@type\":\"WebPage\",\"@id\":\"https:\/\/caorlespiaggia.it\/de\/geschirr-sets\/spiele-fuer-kinder\/\",\"url\":\"https:\/\/caorlespiaggia.it\/de\/geschirr-sets\/spiele-fuer-kinder\/\",\"name\":\"Spiele f\u00fcr Kinder - Caorle Spiaggia\",\"isPartOf\":{\"@id\":\"https:\/\/caorlespiaggia.it\/de\/#website\"},\"datePublished\":\"2025-08-07T14:22:30+00:00\",\"dateModified\":\"2025-08-13T14:05:28+00:00\",\"breadcrumb\":{\"@id\":\"https:\/\/caorlespiaggia.it\/de\/geschirr-sets\/spiele-fuer-kinder\/#breadcrumb\"},\"inLanguage\":\"de\",\"potentialAction\":[{\"@type\":\"ReadAction\",\"target\":[\"https:\/\/caorlespiaggia.it\/de\/geschirr-sets\/spiele-fuer-kinder\/\"]}]},{\"@type\":\"BreadcrumbList\",\"@id\":\"https:\/\/caorlespiaggia.it\/de\/geschirr-sets\/spiele-fuer-kinder\/#breadcrumb\",\"itemListElement\":[{\"@type\":\"ListItem\",\"position\":1,\"name\":\"Startseite\",\"item\":\"https:\/\/caorlespiaggia.it\/de\/startseite\/\"},{\"@type\":\"ListItem\",\"position\":2,\"name\":\"Dienstleistungen\",\"item\":\"https:\/\/caorlespiaggia.it\/de\/geschirr-sets\/\"},{\"@type\":\"ListItem\",\"position\":3,\"name\":\"Spiele f\u00fcr Kinder\"}]},{\"@type\":\"WebSite\",\"@id\":\"https:\/\/caorlespiaggia.it\/de\/#website\",\"url\":\"https:\/\/caorlespiaggia.it\/de\/\",\"name\":\"Caorle Spiaggia\",\"description\":\"\",\"publisher\":{\"@id\":\"https:\/\/caorlespiaggia.it\/de\/#organization\"},\"potentialAction\":[{\"@type\":\"SearchAction\",\"target\":{\"@type\":\"EntryPoint\",\"urlTemplate\":\"https:\/\/caorlespiaggia.it\/de\/?s={search_term_string}\"},\"query-input\":{\"@type\":\"PropertyValueSpecification\",\"valueRequired\":true,\"valueName\":\"search_term_string\"}}],\"inLanguage\":\"de\"},{\"@type\":\"Organization\",\"@id\":\"https:\/\/caorlespiaggia.it\/de\/#organization\",\"name\":\"Caorle Strand\",\"alternateName\":\"Consorzio Arenili Caorle\",\"url\":\"https:\/\/caorlespiaggia.it\/de\/\",\"logo\":{\"@type\":\"ImageObject\",\"inLanguage\":\"de\",\"@id\":\"https:\/\/caorlespiaggia.it\/de\/#\/schema\/logo\/image\/\",\"url\":\"https:\/\/caorlespiaggia.it\/wp-content\/uploads\/2025\/07\/logo.png\",\"contentUrl\":\"https:\/\/caorlespiaggia.it\/wp-content\/uploads\/2025\/07\/logo.png\",\"width\":1080,\"height\":1080,\"caption\":\"Caorle Strand\"},\"image\":{\"@id\":\"https:\/\/caorlespiaggia.it\/de\/#\/schema\/logo\/image\/\"}}]}<\/script>\n<!-- \/ Yoast SEO plugin. -->","yoast_head_json":{"title":"Spiele f\u00fcr Kinder - Caorle Spiaggia","robots":{"index":"index","follow":"follow","max-snippet":"max-snippet:-1","max-image-preview":"max-image-preview:large","max-video-preview":"max-video-preview:-1"},"canonical":"https:\/\/caorlespiaggia.it\/de\/geschirr-sets\/spiele-fuer-kinder\/","og_locale":"de_DE","og_type":"article","og_title":"Spiele f\u00fcr Kinder - Caorle Spiaggia","og_description":"den Kleinsten gewidmet Spiele am Strand Kinder brauchen nicht viel, um Spa\u00df zu haben: eine Sandburg, ein Drachen, den man hoch in den Himmel steigen lassen kann. Dem Arenili-Konsortium von Caorle liegt die Zufriedenheit und der Spa\u00df seiner kleinen G\u00e4ste sehr am Herzen. Aus diesem Grund hat es am gesamten Strand Spielbereiche mit Rutschen, Schaukeln [&hellip;]","og_url":"https:\/\/caorlespiaggia.it\/de\/geschirr-sets\/spiele-fuer-kinder\/","og_site_name":"Caorle Spiaggia","article_modified_time":"2025-08-13T14:05:28+00:00","twitter_card":"summary_large_image","twitter_misc":{"Gesch\u00e4tzte Lesezeit":"1\u00a0Minute"},"schema":{"@context":"https:\/\/schema.org","@graph":[{"@type":"WebPage","@id":"https:\/\/caorlespiaggia.it\/de\/geschirr-sets\/spiele-fuer-kinder\/","url":"https:\/\/caorlespiaggia.it\/de\/geschirr-sets\/spiele-fuer-kinder\/","name":"Spiele f\u00fcr Kinder - Caorle Spiaggia","isPartOf":{"@id":"https:\/\/caorlespiaggia.it\/de\/#website"},"datePublished":"2025-08-07T14:22:30+00:00","dateModified":"2025-08-13T14:05:28+00:00","breadcrumb":{"@id":"https:\/\/caorlespiaggia.it\/de\/geschirr-sets\/spiele-fuer-kinder\/#breadcrumb"},"inLanguage":"de","potentialAction":[{"@type":"ReadAction","target":["https:\/\/caorlespiaggia.it\/de\/geschirr-sets\/spiele-fuer-kinder\/"]}]},{"@type":"BreadcrumbList","@id":"https:\/\/caorlespiaggia.it\/de\/geschirr-sets\/spiele-fuer-kinder\/#breadcrumb","itemListElement":[{"@type":"ListItem","position":1,"name":"Startseite","item":"https:\/\/caorlespiaggia.it\/de\/startseite\/"},{"@type":"ListItem","position":2,"name":"Dienstleistungen","item":"https:\/\/caorlespiaggia.it\/de\/geschirr-sets\/"},{"@type":"ListItem","position":3,"name":"Spiele f\u00fcr Kinder"}]},{"@type":"WebSite","@id":"https:\/\/caorlespiaggia.it\/de\/#website","url":"https:\/\/caorlespiaggia.it\/de\/","name":"Caorle Spiaggia","description":"","publisher":{"@id":"https:\/\/caorlespiaggia.it\/de\/#organization"},"potentialAction":[{"@type":"SearchAction","target":{"@type":"EntryPoint","urlTemplate":"https:\/\/caorlespiaggia.it\/de\/?s={search_term_string}"},"query-input":{"@type":"PropertyValueSpecification","valueRequired":true,"valueName":"search_term_string"}}],"inLanguage":"de"},{"@type":"Organization","@id":"https:\/\/caorlespiaggia.it\/de\/#organization","name":"Caorle Strand","alternateName":"Consorzio Arenili Caorle","url":"https:\/\/caorlespiaggia.it\/de\/","logo":{"@type":"ImageObject","inLanguage":"de","@id":"https:\/\/caorlespiaggia.it\/de\/#\/schema\/logo\/image\/","url":"https:\/\/caorlespiaggia.it\/wp-content\/uploads\/2025\/07\/logo.png","contentUrl":"https:\/\/caorlespiaggia.it\/wp-content\/uploads\/2025\/07\/logo.png","width":1080,"height":1080,"caption":"Caorle Strand"},"image":{"@id":"https:\/\/caorlespiaggia.it\/de\/#\/schema\/logo\/image\/"}}]}},"_links":{"self":[{"href":"https:\/\/caorlespiaggia.it\/de\/wp-json\/wp\/v2\/pages\/1480","targetHints":{"allow":["GET"]}}],"collection":[{"href":"https:\/\/caorlespiaggia.it\/de\/wp-json\/wp\/v2\/pages"}],"about":[{"href":"https:\/\/caorlespiaggia.it\/de\/wp-json\/wp\/v2\/types\/page"}],"author":[{"embeddable":true,"href":"https:\/\/caorlespiaggia.it\/de\/wp-json\/wp\/v2\/users\/1"}],"replies":[{"embeddable":true,"href":"https:\/\/caorlespiaggia.it\/de\/wp-json\/wp\/v2\/comments?post=1480"}],"version-history":[{"count":1,"href":"https:\/\/caorlespiaggia.it\/de\/wp-json\/wp\/v2\/pages\/1480\/revisions"}],"predecessor-version":[{"id":1483,"href":"https:\/\/caorlespiaggia.it\/de\/wp-json\/wp\/v2\/pages\/1480\/revisions\/1483"}],"up":[{"embeddable":true,"href":"https:\/\/caorlespiaggia.it\/de\/wp-json\/wp\/v2\/pages\/1511"}],"wp:attachment":[{"href":"https:\/\/caorlespiaggia.it\/de\/wp-json\/wp\/v2\/media?parent=1480"}],"curies":[{"name":"wp","href":"https:\/\/api.w.org\/{rel}","templated":true}]}}