{"id":1485,"date":"2025-08-08T07:45:24","date_gmt":"2025-08-08T07:45:24","guid":{"rendered":"https:\/\/caorlespiaggia.it\/sicherheit\/"},"modified":"2025-08-13T14:05:28","modified_gmt":"2025-08-13T14:05:28","slug":"sicherheit","status":"publish","type":"page","link":"https:\/\/caorlespiaggia.it\/de\/geschirr-sets\/sicherheit\/","title":{"rendered":"Sicherheit"},"content":{"rendered":"\t\t<div data-elementor-type=\"wp-post\" data-elementor-id=\"1485\" class=\"elementor elementor-1485 elementor-562\" data-elementor-post-type=\"page\">\n\t\t\t\t<div class=\"elementor-element elementor-element-5e169a44 e-con-full e-flex e-con e-parent\" data-id=\"5e169a44\" data-element_type=\"container\" data-settings=\"{&quot;background_background&quot;:&quot;classic&quot;}\">\n\t\t\t\t<div class=\"elementor-element elementor-element-3bdb84fc elementor-widget elementor-widget-heading\" data-id=\"3bdb84fc\" data-element_type=\"widget\" data-widget_type=\"heading.default\">\n\t\t\t\t\t<h3 class=\"elementor-heading-title elementor-size-default\"><img decoding=\"async\" role=\"img\" class=\"emoji\" alt=\"\ud83d\udedf\" src=\"https:\/\/s.w.org\/images\/core\/emoji\/16.0.1\/svg\/1f6df.svg\">  unsere Priorit\u00e4t<\/h3>\t\t\t\t<\/div>\n\t\t\t\t<div class=\"elementor-element elementor-element-6f160a2 elementor-widget elementor-widget-heading\" data-id=\"6f160a2\" data-element_type=\"widget\" data-widget_type=\"heading.default\">\n\t\t\t\t\t<h1 class=\"elementor-heading-title elementor-size-default\">Sicherheit<\/h1>\t\t\t\t<\/div>\n\t\t\t\t<div class=\"elementor-element elementor-element-2d5ac5b elementor-align-center elementor-widget elementor-widget-breadcrumbs\" data-id=\"2d5ac5b\" data-element_type=\"widget\" data-widget_type=\"breadcrumbs.default\">\n\t\t\t\t\t<p id=\"breadcrumbs\"><span><span><a href=\"https:\/\/caorlespiaggia.it\/de\/startseite\/\">Startseite<\/a><\/span><\/span><\/p>\t\t\t\t<\/div>\n\t\t\t\t<\/div>\n\t\t<div class=\"elementor-element elementor-element-1c907191 e-con-full e-flex e-con e-parent\" data-id=\"1c907191\" data-element_type=\"container\">\n\t\t<div class=\"elementor-element elementor-element-14ece124 e-con-full e-flex e-con e-child\" data-id=\"14ece124\" data-element_type=\"container\" data-settings=\"{&quot;background_background&quot;:&quot;slideshow&quot;,&quot;background_slideshow_gallery&quot;:[{&quot;id&quot;:711,&quot;url&quot;:&quot;https:\\\/\\\/caorlespiaggia.it\\\/wp-content\\\/uploads\\\/2025\\\/08\\\/IMG-20250809-WA0037.jpg&quot;},{&quot;id&quot;:710,&quot;url&quot;:&quot;https:\\\/\\\/caorlespiaggia.it\\\/wp-content\\\/uploads\\\/2025\\\/08\\\/IMG-20250809-WA0036.jpg&quot;},{&quot;id&quot;:712,&quot;url&quot;:&quot;https:\\\/\\\/caorlespiaggia.it\\\/wp-content\\\/uploads\\\/2025\\\/08\\\/IMG-20250809-WA0018.jpg&quot;},{&quot;id&quot;:334,&quot;url&quot;:&quot;https:\\\/\\\/caorlespiaggia.it\\\/wp-content\\\/uploads\\\/2025\\\/08\\\/it_servizi_13.jpg&quot;},{&quot;id&quot;:709,&quot;url&quot;:&quot;https:\\\/\\\/caorlespiaggia.it\\\/wp-content\\\/uploads\\\/2025\\\/08\\\/IMG-20250809-WA0035.jpg&quot;},{&quot;id&quot;:713,&quot;url&quot;:&quot;https:\\\/\\\/caorlespiaggia.it\\\/wp-content\\\/uploads\\\/2025\\\/08\\\/IMG-20250809-WA0019.jpg&quot;}],&quot;background_slideshow_loop&quot;:&quot;yes&quot;,&quot;background_slideshow_slide_duration&quot;:5000,&quot;background_slideshow_slide_transition&quot;:&quot;fade&quot;,&quot;background_slideshow_transition_duration&quot;:500}\">\n\t\t\t\t<\/div>\n\t\t<div class=\"elementor-element elementor-element-f90a37b e-flex e-con-boxed e-con e-child\" data-id=\"f90a37b\" data-element_type=\"container\">\n\t\t\t\t\t<div class=\"e-con-inner\">\n\t\t\t\t<div class=\"elementor-element elementor-element-34a26ea2 elementor-widget elementor-widget-text-editor\" data-id=\"34a26ea2\" data-element_type=\"widget\" data-widget_type=\"text-editor.default\">\n\t\t\t\t\t\t\t\t\t<div id=\"\" class=\"brz-css-s19zC brz-wrapper\"><div class=\"brz-rich-text brz-rich-text__custom brz-css-eYEnz\" data-brz-custom-id=\"eoikdlrheljzqkukpmpwxvnuooaaseqaevcu\"><div data-brz-translate-text=\"1\"><p class=\"brz-tp-lg-paragraph brz-css-xaJWZ\" data-uniq-id=\"gmbdy\" data-generated-css=\"brz-css-acvms\"><span class=\"brz-cp-color7\">Die Sicherheit am Strand ist einer der Aspekte, denen das Konsortium Arenili die gr\u00f6\u00dfte Aufmerksamkeit schenkt.<\/span><\/p><p class=\"brz-tp-lg-paragraph brz-css-uJqWE\" data-uniq-id=\"ojfnn\" data-generated-css=\"brz-css-eaunn\"><span class=\"brz-cp-color7\">In Zusammenarbeit mit der Firma Security srl hat das Konsortium Verfahren und Protokolle eingef\u00fchrt, um den Badeg\u00e4sten den gr\u00f6\u00dftm\u00f6glichen Schutz am Strand zu gew\u00e4hrleisten.<\/span><\/p><p class=\"brz-tp-lg-paragraph brz-css-mOiT1\" data-uniq-id=\"ikxka\" data-generated-css=\"brz-css-zkjsp\"><span class=\"brz-cp-color7\">Insbesondere in Caorle k\u00f6nnen sich alle Touristen am Strand sicher f\u00fchlen, denn vom 1. Juni bis zum 15. September ist ein Rettungsdienst mit Rettungskr\u00e4ften in insgesamt 22 Beobachtungst\u00fcrmen in den Str\u00e4nden von Levante und Ponente in Betrieb.<\/span><\/p><\/div><\/div><\/div>\t\t\t\t\t\t\t\t<\/div>\n\t\t\t\t\t<\/div>\n\t\t\t\t<\/div>\n\t\t\t\t<\/div>\n\t\t<div class=\"elementor-element elementor-element-65705f13 e-con-full e-flex e-con e-parent\" data-id=\"65705f13\" data-element_type=\"container\">\n\t\t<div class=\"elementor-element elementor-element-904eac7 e-con-full e-flex e-con e-child\" data-id=\"904eac7\" data-element_type=\"container\" data-settings=\"{&quot;background_background&quot;:&quot;classic&quot;}\">\n\t\t\t\t<\/div>\n\t\t<div class=\"elementor-element elementor-element-7cb125ad e-con-full e-flex e-con e-child\" data-id=\"7cb125ad\" data-element_type=\"container\" data-settings=\"{&quot;background_background&quot;:&quot;classic&quot;}\">\n\t\t<div class=\"elementor-element elementor-element-1faecd44 e-con-full e-flex e-con e-child\" data-id=\"1faecd44\" data-element_type=\"container\">\n\t\t<div class=\"elementor-element elementor-element-68404612 e-con-full e-flex e-con e-child\" data-id=\"68404612\" data-element_type=\"container\">\n\t\t\t\t<div class=\"elementor-element elementor-element-579d53f elementor-widget elementor-widget-text-editor\" data-id=\"579d53f\" data-element_type=\"widget\" data-widget_type=\"text-editor.default\">\n\t\t\t\t\t\t\t\t\t<p class=\"brz-tp-lg-paragraph brz-css-x3bvn\" data-uniq-id=\"rhxsn\" data-generated-css=\"brz-css-wfwnw\"><span class=\"brz-cp-color7\">Dar\u00fcber hinaus wurden hochmoderne Seenotrettungsmittel wie Jetskis und Rescue Surf (Bretter, die zwei Personen tragen k\u00f6nnen: Retter und Verletzter) eingesetzt. Dienste, die bereits Gelegenheit hatten, eingesetzt zu werden, was ihre Wirksamkeit und die Effizienz des Rettungspersonals unter Beweis stellt. <\/span><\/p><p class=\"brz-tp-lg-paragraph brz-css-mzyVl\" data-uniq-id=\"thhfh\" data-generated-css=\"brz-css-gaezc\"><span class=\"brz-cp-color7\">Am Strand gibt es auch ein effizientes Krankenpflegesystem mit zwei mobilen und zwei festen Stationen sowie einen Segway-Service, der schnell und bequem alle Punkte des Strandes erreichen kann.<\/span><\/p><p class=\"brz-tp-lg-paragraph brz-css-a5JBW\" data-uniq-id=\"naray\" data-generated-css=\"brz-css-mlbzq\"><span class=\"brz-cp-color7\">Um Unterst\u00fctzung am Strand, n\u00fctzliche Informationen und ein wirksames System zur Sammlung von Feedback zu bieten, wurde seit dem Sommer 2016 die Figur des Stewards eingerichtet, ein Mitarbeiter des Konsortiums, der eine wichtige Verbindungsfunktion zwischen Caorle Spiaggia und dem Touristen aus\u00fcbt.<\/span><\/p>\t\t\t\t\t\t\t\t<\/div>\n\t\t\t\t<\/div>\n\t\t\t\t<\/div>\n\t\t\t\t<\/div>\n\t\t\t\t<\/div>\n\t\t\t\t<\/div>\n\t\t","protected":false},"excerpt":{"rendered":"<p>unsere Priorit\u00e4t Sicherheit Die Sicherheit am Strand ist einer der Aspekte, denen das Konsortium Arenili die gr\u00f6\u00dfte Aufmerksamkeit schenkt. In Zusammenarbeit mit der Firma Security srl hat das Konsortium Verfahren und Protokolle eingef\u00fchrt, um den Badeg\u00e4sten den gr\u00f6\u00dftm\u00f6glichen Schutz am Strand zu gew\u00e4hrleisten. Insbesondere in Caorle k\u00f6nnen sich alle Touristen am Strand sicher f\u00fchlen, denn [&hellip;]<\/p>\n","protected":false},"author":1,"featured_media":0,"parent":1511,"menu_order":0,"comment_status":"closed","ping_status":"closed","template":"elementor_header_footer","meta":{"_acf_changed":false,"footnotes":""},"class_list":["post-1485","page","type-page","status-publish","hentry"],"acf":[],"yoast_head":"<!-- This site is optimized with the Yoast SEO plugin v26.7 - https:\/\/yoast.com\/wordpress\/plugins\/seo\/ -->\n<title>Sicherheit - Caorle Spiaggia<\/title>\n<meta name=\"robots\" content=\"index, follow, max-snippet:-1, max-image-preview:large, max-video-preview:-1\" \/>\n<link rel=\"canonical\" href=\"https:\/\/caorlespiaggia.it\/de\/geschirr-sets\/sicherheit\/\" \/>\n<meta property=\"og:locale\" content=\"de_DE\" \/>\n<meta property=\"og:type\" content=\"article\" \/>\n<meta property=\"og:title\" content=\"Sicherheit - Caorle Spiaggia\" \/>\n<meta property=\"og:description\" content=\"unsere Priorit\u00e4t Sicherheit Die Sicherheit am Strand ist einer der Aspekte, denen das Konsortium Arenili die gr\u00f6\u00dfte Aufmerksamkeit schenkt. In Zusammenarbeit mit der Firma Security srl hat das Konsortium Verfahren und Protokolle eingef\u00fchrt, um den Badeg\u00e4sten den gr\u00f6\u00dftm\u00f6glichen Schutz am Strand zu gew\u00e4hrleisten. Insbesondere in Caorle k\u00f6nnen sich alle Touristen am Strand sicher f\u00fchlen, denn [&hellip;]\" \/>\n<meta property=\"og:url\" content=\"https:\/\/caorlespiaggia.it\/de\/geschirr-sets\/sicherheit\/\" \/>\n<meta property=\"og:site_name\" content=\"Caorle Spiaggia\" \/>\n<meta property=\"article:modified_time\" content=\"2025-08-13T14:05:28+00:00\" \/>\n<meta property=\"og:image\" content=\"https:\/\/s.w.org\/images\/core\/emoji\/16.0.1\/svg\/1f6df.svg\" \/>\n<meta name=\"twitter:card\" content=\"summary_large_image\" \/>\n<meta name=\"twitter:label1\" content=\"Gesch\u00e4tzte Lesezeit\" \/>\n\t<meta name=\"twitter:data1\" content=\"1\u00a0Minute\" \/>\n<script type=\"application\/ld+json\" class=\"yoast-schema-graph\">{\"@context\":\"https:\/\/schema.org\",\"@graph\":[{\"@type\":\"WebPage\",\"@id\":\"https:\/\/caorlespiaggia.it\/de\/geschirr-sets\/sicherheit\/\",\"url\":\"https:\/\/caorlespiaggia.it\/de\/geschirr-sets\/sicherheit\/\",\"name\":\"Sicherheit - Caorle Spiaggia\",\"isPartOf\":{\"@id\":\"https:\/\/caorlespiaggia.it\/de\/#website\"},\"primaryImageOfPage\":{\"@id\":\"https:\/\/caorlespiaggia.it\/de\/geschirr-sets\/sicherheit\/#primaryimage\"},\"image\":{\"@id\":\"https:\/\/caorlespiaggia.it\/de\/geschirr-sets\/sicherheit\/#primaryimage\"},\"thumbnailUrl\":\"https:\/\/s.w.org\/images\/core\/emoji\/16.0.1\/svg\/1f6df.svg\",\"datePublished\":\"2025-08-08T07:45:24+00:00\",\"dateModified\":\"2025-08-13T14:05:28+00:00\",\"breadcrumb\":{\"@id\":\"https:\/\/caorlespiaggia.it\/de\/geschirr-sets\/sicherheit\/#breadcrumb\"},\"inLanguage\":\"de\",\"potentialAction\":[{\"@type\":\"ReadAction\",\"target\":[\"https:\/\/caorlespiaggia.it\/de\/geschirr-sets\/sicherheit\/\"]}]},{\"@type\":\"ImageObject\",\"inLanguage\":\"de\",\"@id\":\"https:\/\/caorlespiaggia.it\/de\/geschirr-sets\/sicherheit\/#primaryimage\",\"url\":\"https:\/\/s.w.org\/images\/core\/emoji\/16.0.1\/svg\/1f6df.svg\",\"contentUrl\":\"https:\/\/s.w.org\/images\/core\/emoji\/16.0.1\/svg\/1f6df.svg\"},{\"@type\":\"BreadcrumbList\",\"@id\":\"https:\/\/caorlespiaggia.it\/de\/geschirr-sets\/sicherheit\/#breadcrumb\",\"itemListElement\":[{\"@type\":\"ListItem\",\"position\":1,\"name\":\"Startseite\",\"item\":\"https:\/\/caorlespiaggia.it\/de\/startseite\/\"},{\"@type\":\"ListItem\",\"position\":2,\"name\":\"Dienstleistungen\",\"item\":\"https:\/\/caorlespiaggia.it\/de\/geschirr-sets\/\"},{\"@type\":\"ListItem\",\"position\":3,\"name\":\"Sicherheit\"}]},{\"@type\":\"WebSite\",\"@id\":\"https:\/\/caorlespiaggia.it\/de\/#website\",\"url\":\"https:\/\/caorlespiaggia.it\/de\/\",\"name\":\"Caorle Spiaggia\",\"description\":\"\",\"publisher\":{\"@id\":\"https:\/\/caorlespiaggia.it\/de\/#organization\"},\"potentialAction\":[{\"@type\":\"SearchAction\",\"target\":{\"@type\":\"EntryPoint\",\"urlTemplate\":\"https:\/\/caorlespiaggia.it\/de\/?s={search_term_string}\"},\"query-input\":{\"@type\":\"PropertyValueSpecification\",\"valueRequired\":true,\"valueName\":\"search_term_string\"}}],\"inLanguage\":\"de\"},{\"@type\":\"Organization\",\"@id\":\"https:\/\/caorlespiaggia.it\/de\/#organization\",\"name\":\"Caorle Strand\",\"alternateName\":\"Consorzio Arenili Caorle\",\"url\":\"https:\/\/caorlespiaggia.it\/de\/\",\"logo\":{\"@type\":\"ImageObject\",\"inLanguage\":\"de\",\"@id\":\"https:\/\/caorlespiaggia.it\/de\/#\/schema\/logo\/image\/\",\"url\":\"https:\/\/caorlespiaggia.it\/wp-content\/uploads\/2025\/07\/logo.png\",\"contentUrl\":\"https:\/\/caorlespiaggia.it\/wp-content\/uploads\/2025\/07\/logo.png\",\"width\":1080,\"height\":1080,\"caption\":\"Caorle Strand\"},\"image\":{\"@id\":\"https:\/\/caorlespiaggia.it\/de\/#\/schema\/logo\/image\/\"}}]}<\/script>\n<!-- \/ Yoast SEO plugin. -->","yoast_head_json":{"title":"Sicherheit - Caorle Spiaggia","robots":{"index":"index","follow":"follow","max-snippet":"max-snippet:-1","max-image-preview":"max-image-preview:large","max-video-preview":"max-video-preview:-1"},"canonical":"https:\/\/caorlespiaggia.it\/de\/geschirr-sets\/sicherheit\/","og_locale":"de_DE","og_type":"article","og_title":"Sicherheit - Caorle Spiaggia","og_description":"unsere Priorit\u00e4t Sicherheit Die Sicherheit am Strand ist einer der Aspekte, denen das Konsortium Arenili die gr\u00f6\u00dfte Aufmerksamkeit schenkt. In Zusammenarbeit mit der Firma Security srl hat das Konsortium Verfahren und Protokolle eingef\u00fchrt, um den Badeg\u00e4sten den gr\u00f6\u00dftm\u00f6glichen Schutz am Strand zu gew\u00e4hrleisten. Insbesondere in Caorle k\u00f6nnen sich alle Touristen am Strand sicher f\u00fchlen, denn [&hellip;]","og_url":"https:\/\/caorlespiaggia.it\/de\/geschirr-sets\/sicherheit\/","og_site_name":"Caorle Spiaggia","article_modified_time":"2025-08-13T14:05:28+00:00","og_image":[{"url":"https:\/\/s.w.org\/images\/core\/emoji\/16.0.1\/svg\/1f6df.svg","type":"","width":"","height":""}],"twitter_card":"summary_large_image","twitter_misc":{"Gesch\u00e4tzte Lesezeit":"1\u00a0Minute"},"schema":{"@context":"https:\/\/schema.org","@graph":[{"@type":"WebPage","@id":"https:\/\/caorlespiaggia.it\/de\/geschirr-sets\/sicherheit\/","url":"https:\/\/caorlespiaggia.it\/de\/geschirr-sets\/sicherheit\/","name":"Sicherheit - Caorle Spiaggia","isPartOf":{"@id":"https:\/\/caorlespiaggia.it\/de\/#website"},"primaryImageOfPage":{"@id":"https:\/\/caorlespiaggia.it\/de\/geschirr-sets\/sicherheit\/#primaryimage"},"image":{"@id":"https:\/\/caorlespiaggia.it\/de\/geschirr-sets\/sicherheit\/#primaryimage"},"thumbnailUrl":"https:\/\/s.w.org\/images\/core\/emoji\/16.0.1\/svg\/1f6df.svg","datePublished":"2025-08-08T07:45:24+00:00","dateModified":"2025-08-13T14:05:28+00:00","breadcrumb":{"@id":"https:\/\/caorlespiaggia.it\/de\/geschirr-sets\/sicherheit\/#breadcrumb"},"inLanguage":"de","potentialAction":[{"@type":"ReadAction","target":["https:\/\/caorlespiaggia.it\/de\/geschirr-sets\/sicherheit\/"]}]},{"@type":"ImageObject","inLanguage":"de","@id":"https:\/\/caorlespiaggia.it\/de\/geschirr-sets\/sicherheit\/#primaryimage","url":"https:\/\/s.w.org\/images\/core\/emoji\/16.0.1\/svg\/1f6df.svg","contentUrl":"https:\/\/s.w.org\/images\/core\/emoji\/16.0.1\/svg\/1f6df.svg"},{"@type":"BreadcrumbList","@id":"https:\/\/caorlespiaggia.it\/de\/geschirr-sets\/sicherheit\/#breadcrumb","itemListElement":[{"@type":"ListItem","position":1,"name":"Startseite","item":"https:\/\/caorlespiaggia.it\/de\/startseite\/"},{"@type":"ListItem","position":2,"name":"Dienstleistungen","item":"https:\/\/caorlespiaggia.it\/de\/geschirr-sets\/"},{"@type":"ListItem","position":3,"name":"Sicherheit"}]},{"@type":"WebSite","@id":"https:\/\/caorlespiaggia.it\/de\/#website","url":"https:\/\/caorlespiaggia.it\/de\/","name":"Caorle Spiaggia","description":"","publisher":{"@id":"https:\/\/caorlespiaggia.it\/de\/#organization"},"potentialAction":[{"@type":"SearchAction","target":{"@type":"EntryPoint","urlTemplate":"https:\/\/caorlespiaggia.it\/de\/?s={search_term_string}"},"query-input":{"@type":"PropertyValueSpecification","valueRequired":true,"valueName":"search_term_string"}}],"inLanguage":"de"},{"@type":"Organization","@id":"https:\/\/caorlespiaggia.it\/de\/#organization","name":"Caorle Strand","alternateName":"Consorzio Arenili Caorle","url":"https:\/\/caorlespiaggia.it\/de\/","logo":{"@type":"ImageObject","inLanguage":"de","@id":"https:\/\/caorlespiaggia.it\/de\/#\/schema\/logo\/image\/","url":"https:\/\/caorlespiaggia.it\/wp-content\/uploads\/2025\/07\/logo.png","contentUrl":"https:\/\/caorlespiaggia.it\/wp-content\/uploads\/2025\/07\/logo.png","width":1080,"height":1080,"caption":"Caorle Strand"},"image":{"@id":"https:\/\/caorlespiaggia.it\/de\/#\/schema\/logo\/image\/"}}]}},"_links":{"self":[{"href":"https:\/\/caorlespiaggia.it\/de\/wp-json\/wp\/v2\/pages\/1485","targetHints":{"allow":["GET"]}}],"collection":[{"href":"https:\/\/caorlespiaggia.it\/de\/wp-json\/wp\/v2\/pages"}],"about":[{"href":"https:\/\/caorlespiaggia.it\/de\/wp-json\/wp\/v2\/types\/page"}],"author":[{"embeddable":true,"href":"https:\/\/caorlespiaggia.it\/de\/wp-json\/wp\/v2\/users\/1"}],"replies":[{"embeddable":true,"href":"https:\/\/caorlespiaggia.it\/de\/wp-json\/wp\/v2\/comments?post=1485"}],"version-history":[{"count":1,"href":"https:\/\/caorlespiaggia.it\/de\/wp-json\/wp\/v2\/pages\/1485\/revisions"}],"predecessor-version":[{"id":1486,"href":"https:\/\/caorlespiaggia.it\/de\/wp-json\/wp\/v2\/pages\/1485\/revisions\/1486"}],"up":[{"embeddable":true,"href":"https:\/\/caorlespiaggia.it\/de\/wp-json\/wp\/v2\/pages\/1511"}],"wp:attachment":[{"href":"https:\/\/caorlespiaggia.it\/de\/wp-json\/wp\/v2\/media?parent=1485"}],"curies":[{"name":"wp","href":"https:\/\/api.w.org\/{rel}","templated":true}]}}