{"id":1489,"date":"2025-08-07T09:21:58","date_gmt":"2025-08-07T09:21:58","guid":{"rendered":"https:\/\/caorlespiaggia.it\/gruene-oase\/"},"modified":"2025-08-13T14:05:25","modified_gmt":"2025-08-13T14:05:25","slug":"gruene-oase","status":"publish","type":"page","link":"https:\/\/caorlespiaggia.it\/de\/der-strand\/gruene-oase\/","title":{"rendered":"Gr\u00fcne Oase"},"content":{"rendered":"\t\t<div data-elementor-type=\"wp-post\" data-elementor-id=\"1489\" class=\"elementor elementor-1489 elementor-468\" data-elementor-post-type=\"page\">\n\t\t\t\t<div class=\"elementor-element elementor-element-5e169a44 e-con-full e-flex e-con e-parent\" data-id=\"5e169a44\" data-element_type=\"container\" data-settings=\"{&quot;background_background&quot;:&quot;classic&quot;}\">\n\t\t\t\t<div class=\"elementor-element elementor-element-3bdb84fc elementor-widget elementor-widget-heading\" data-id=\"3bdb84fc\" data-element_type=\"widget\" data-widget_type=\"heading.default\">\n\t\t\t\t\t<h3 class=\"elementor-heading-title elementor-size-default\">die Oase am Strand<\/h3>\t\t\t\t<\/div>\n\t\t\t\t<div class=\"elementor-element elementor-element-6f160a2 elementor-widget elementor-widget-heading\" data-id=\"6f160a2\" data-element_type=\"widget\" data-widget_type=\"heading.default\">\n\t\t\t\t\t<h1 class=\"elementor-heading-title elementor-size-default\">Gr\u00fcne Oase<\/h1>\t\t\t\t<\/div>\n\t\t\t\t<div class=\"elementor-element elementor-element-353bc02 elementor-align-center elementor-widget elementor-widget-breadcrumbs\" data-id=\"353bc02\" data-element_type=\"widget\" data-widget_type=\"breadcrumbs.default\">\n\t\t\t\t\t<p id=\"breadcrumbs\"><span><span><a href=\"https:\/\/caorlespiaggia.it\/de\/startseite\/\">Startseite<\/a><\/span><\/span><\/p>\t\t\t\t<\/div>\n\t\t\t\t<\/div>\n\t\t<div class=\"elementor-element elementor-element-1c907191 e-con-full e-flex e-con e-parent\" data-id=\"1c907191\" data-element_type=\"container\">\n\t\t<div class=\"elementor-element elementor-element-14ece124 e-con-full e-flex e-con e-child\" data-id=\"14ece124\" data-element_type=\"container\" data-settings=\"{&quot;background_background&quot;:&quot;slideshow&quot;,&quot;background_slideshow_gallery&quot;:[{&quot;id&quot;:486,&quot;url&quot;:&quot;https:\\\/\\\/caorlespiaggia.it\\\/wp-content\\\/uploads\\\/2025\\\/08\\\/1591738586-chiosco-1.jpg&quot;},{&quot;id&quot;:487,&quot;url&quot;:&quot;https:\\\/\\\/caorlespiaggia.it\\\/wp-content\\\/uploads\\\/2025\\\/08\\\/1591738616-chiosco-1.jpg&quot;},{&quot;id&quot;:488,&quot;url&quot;:&quot;https:\\\/\\\/caorlespiaggia.it\\\/wp-content\\\/uploads\\\/2025\\\/08\\\/1591798255-greenoasis.jpg&quot;},{&quot;id&quot;:489,&quot;url&quot;:&quot;https:\\\/\\\/caorlespiaggia.it\\\/wp-content\\\/uploads\\\/2025\\\/08\\\/1591798124-greenoasis-1.jpg&quot;}],&quot;background_slideshow_loop&quot;:&quot;yes&quot;,&quot;background_slideshow_slide_duration&quot;:5000,&quot;background_slideshow_slide_transition&quot;:&quot;fade&quot;,&quot;background_slideshow_transition_duration&quot;:500}\">\n\t\t\t\t<\/div>\n\t\t<div class=\"elementor-element elementor-element-f90a37b e-flex e-con-boxed e-con e-child\" data-id=\"f90a37b\" data-element_type=\"container\">\n\t\t\t\t\t<div class=\"e-con-inner\">\n\t\t\t\t<div class=\"elementor-element elementor-element-34a26ea2 elementor-widget elementor-widget-text-editor\" data-id=\"34a26ea2\" data-element_type=\"widget\" data-widget_type=\"text-editor.default\">\n\t\t\t\t\t\t\t\t\t<div>GREEN OASIS, am Strand von Ponente (gegen\u00fcber dem st\u00e4dtischen Campingplatz), bietet einen innovativen Kiosk des Consorzio Arenili, eine Veranstaltungsarena, H\u00e4ngematten zum Entspannen und einen stimmungsvollen Abendspaziergang, der die Strandpromenade mit dem Ufer verbindet.<br><br>Ein Kiosk mit Pool vervollst\u00e4ndigt das Angebot f\u00fcr Ihre Momente der Entspannung am Meer.<\/div>\t\t\t\t\t\t\t\t<\/div>\n\t\t\t\t\t<\/div>\n\t\t\t\t<\/div>\n\t\t\t\t<\/div>\n\t\t<div class=\"elementor-element elementor-element-65705f13 e-con-full e-flex e-con e-parent\" data-id=\"65705f13\" data-element_type=\"container\">\n\t\t<div class=\"elementor-element elementor-element-904eac7 e-con-full e-flex e-con e-child\" data-id=\"904eac7\" data-element_type=\"container\" data-settings=\"{&quot;background_background&quot;:&quot;classic&quot;}\">\n\t\t\t\t<div class=\"elementor-element elementor-element-818169e elementor-widget elementor-widget-google_maps\" data-id=\"818169e\" data-element_type=\"widget\" data-widget_type=\"google_maps.default\">\n\t\t\t\t\t\t\t<div class=\"elementor-custom-embed\">\n\t\t\t<iframe loading=\"lazy\"\n\t\t\t\t\tsrc=\"https:\/\/maps.google.com\/maps?q=45.59076065809599%2C%2012.869151009712644&#038;t=m&#038;z=15&#038;output=embed&#038;iwloc=near\"\n\t\t\t\t\ttitle=\"45.59076065809599, 12.869151009712644\"\n\t\t\t\t\taria-label=\"45.59076065809599, 12.869151009712644\"\n\t\t\t><\/iframe>\n\t\t<\/div>\n\t\t\t\t\t\t<\/div>\n\t\t\t\t<\/div>\n\t\t<div class=\"elementor-element elementor-element-7cb125ad e-con-full e-flex e-con e-child\" data-id=\"7cb125ad\" data-element_type=\"container\" data-settings=\"{&quot;background_background&quot;:&quot;classic&quot;}\">\n\t\t<div class=\"elementor-element elementor-element-1faecd44 e-con-full e-flex e-con e-child\" data-id=\"1faecd44\" data-element_type=\"container\">\n\t\t<div class=\"elementor-element elementor-element-68404612 e-con-full e-flex e-con e-child\" data-id=\"68404612\" data-element_type=\"container\">\n\t\t\t\t<div class=\"elementor-element elementor-element-579d53f elementor-widget elementor-widget-text-editor\" data-id=\"579d53f\" data-element_type=\"widget\" data-widget_type=\"text-editor.default\">\n\t\t\t\t\t\t\t\t\t<div id=\"\" class=\"brz-css-qeyrU brz-wrapper\"><div class=\"brz-rich-text brz-rich-text__custom brz-css-fefEw\" data-brz-custom-id=\"hvdtnqmdfnjgqmobtifizrstsfjndenwuzco\"><div data-brz-translate-text=\"1\"><p class=\"brz-tp-lg-paragraph brz-css-mJueQ\" data-uniq-id=\"yvshn\" data-generated-css=\"brz-css-iezyd\"><span class=\"brz-cp-color7\">Sie finden auch den Pavillon 4&#215;4 Special Project, ausgestattet mit 2 Liegen und 2 St\u00fchlen<\/span><\/p><p class=\"brz-tp-lg-paragraph brz-css-r6_9i\" data-uniq-id=\"iqclr\" data-generated-css=\"brz-css-evlhj\"><span class=\"brz-cp-color7\">Von der Fl\u00e4che her sind die Pavillons gr\u00f6\u00dfer als die an den nahegelegenen Str\u00e4nden, au\u00dferdem haben sie den Vorteil, dass sie sich direkt am Meer befinden und nicht in zur\u00fcckgesetzten Positionen, was das Gef\u00fchl vermittelt, sich in einer Oase am Strand von Caorle zu befinden.<\/span><\/p><\/div><\/div><\/div>\t\t\t\t\t\t\t\t<\/div>\n\t\t\t\t<\/div>\n\t\t\t\t<\/div>\n\t\t\t\t<\/div>\n\t\t\t\t<\/div>\n\t\t\t\t<\/div>\n\t\t","protected":false},"excerpt":{"rendered":"<p>die Oase am Strand Gr\u00fcne Oase GREEN OASIS, am Strand von Ponente (gegen\u00fcber dem st\u00e4dtischen Campingplatz), bietet einen innovativen Kiosk des Consorzio Arenili, eine Veranstaltungsarena, H\u00e4ngematten zum Entspannen und einen stimmungsvollen Abendspaziergang, der die Strandpromenade mit dem Ufer verbindet. Ein Kiosk mit Pool vervollst\u00e4ndigt das Angebot f\u00fcr Ihre Momente der Entspannung am Meer. Sie finden [&hellip;]<\/p>\n","protected":false},"author":1,"featured_media":0,"parent":1502,"menu_order":0,"comment_status":"closed","ping_status":"closed","template":"elementor_header_footer","meta":{"_acf_changed":false,"footnotes":""},"class_list":["post-1489","page","type-page","status-publish","hentry"],"acf":[],"yoast_head":"<!-- This site is optimized with the Yoast SEO plugin v26.7 - https:\/\/yoast.com\/wordpress\/plugins\/seo\/ -->\n<title>Gr\u00fcne Oase - Caorle Spiaggia<\/title>\n<meta name=\"robots\" content=\"index, follow, max-snippet:-1, max-image-preview:large, max-video-preview:-1\" \/>\n<link rel=\"canonical\" href=\"https:\/\/caorlespiaggia.it\/de\/der-strand\/gruene-oase\/\" \/>\n<meta property=\"og:locale\" content=\"de_DE\" \/>\n<meta property=\"og:type\" content=\"article\" \/>\n<meta property=\"og:title\" content=\"Gr\u00fcne Oase - Caorle Spiaggia\" \/>\n<meta property=\"og:description\" content=\"die Oase am Strand Gr\u00fcne Oase GREEN OASIS, am Strand von Ponente (gegen\u00fcber dem st\u00e4dtischen Campingplatz), bietet einen innovativen Kiosk des Consorzio Arenili, eine Veranstaltungsarena, H\u00e4ngematten zum Entspannen und einen stimmungsvollen Abendspaziergang, der die Strandpromenade mit dem Ufer verbindet. Ein Kiosk mit Pool vervollst\u00e4ndigt das Angebot f\u00fcr Ihre Momente der Entspannung am Meer. Sie finden [&hellip;]\" \/>\n<meta property=\"og:url\" content=\"https:\/\/caorlespiaggia.it\/de\/der-strand\/gruene-oase\/\" \/>\n<meta property=\"og:site_name\" content=\"Caorle Spiaggia\" \/>\n<meta property=\"article:modified_time\" content=\"2025-08-13T14:05:25+00:00\" \/>\n<meta name=\"twitter:card\" content=\"summary_large_image\" \/>\n<meta name=\"twitter:label1\" content=\"Gesch\u00e4tzte Lesezeit\" \/>\n\t<meta name=\"twitter:data1\" content=\"1\u00a0Minute\" \/>\n<script type=\"application\/ld+json\" class=\"yoast-schema-graph\">{\"@context\":\"https:\/\/schema.org\",\"@graph\":[{\"@type\":\"WebPage\",\"@id\":\"https:\/\/caorlespiaggia.it\/de\/der-strand\/gruene-oase\/\",\"url\":\"https:\/\/caorlespiaggia.it\/de\/der-strand\/gruene-oase\/\",\"name\":\"Gr\u00fcne Oase - Caorle Spiaggia\",\"isPartOf\":{\"@id\":\"https:\/\/caorlespiaggia.it\/de\/#website\"},\"datePublished\":\"2025-08-07T09:21:58+00:00\",\"dateModified\":\"2025-08-13T14:05:25+00:00\",\"breadcrumb\":{\"@id\":\"https:\/\/caorlespiaggia.it\/de\/der-strand\/gruene-oase\/#breadcrumb\"},\"inLanguage\":\"de\",\"potentialAction\":[{\"@type\":\"ReadAction\",\"target\":[\"https:\/\/caorlespiaggia.it\/de\/der-strand\/gruene-oase\/\"]}]},{\"@type\":\"BreadcrumbList\",\"@id\":\"https:\/\/caorlespiaggia.it\/de\/der-strand\/gruene-oase\/#breadcrumb\",\"itemListElement\":[{\"@type\":\"ListItem\",\"position\":1,\"name\":\"Startseite\",\"item\":\"https:\/\/caorlespiaggia.it\/de\/startseite\/\"},{\"@type\":\"ListItem\",\"position\":2,\"name\":\"Der Strand\",\"item\":\"https:\/\/caorlespiaggia.it\/de\/der-strand\/\"},{\"@type\":\"ListItem\",\"position\":3,\"name\":\"Gr\u00fcne Oase\"}]},{\"@type\":\"WebSite\",\"@id\":\"https:\/\/caorlespiaggia.it\/de\/#website\",\"url\":\"https:\/\/caorlespiaggia.it\/de\/\",\"name\":\"Caorle Spiaggia\",\"description\":\"\",\"publisher\":{\"@id\":\"https:\/\/caorlespiaggia.it\/de\/#organization\"},\"potentialAction\":[{\"@type\":\"SearchAction\",\"target\":{\"@type\":\"EntryPoint\",\"urlTemplate\":\"https:\/\/caorlespiaggia.it\/de\/?s={search_term_string}\"},\"query-input\":{\"@type\":\"PropertyValueSpecification\",\"valueRequired\":true,\"valueName\":\"search_term_string\"}}],\"inLanguage\":\"de\"},{\"@type\":\"Organization\",\"@id\":\"https:\/\/caorlespiaggia.it\/de\/#organization\",\"name\":\"Caorle Strand\",\"alternateName\":\"Consorzio Arenili Caorle\",\"url\":\"https:\/\/caorlespiaggia.it\/de\/\",\"logo\":{\"@type\":\"ImageObject\",\"inLanguage\":\"de\",\"@id\":\"https:\/\/caorlespiaggia.it\/de\/#\/schema\/logo\/image\/\",\"url\":\"https:\/\/caorlespiaggia.it\/wp-content\/uploads\/2025\/07\/logo.png\",\"contentUrl\":\"https:\/\/caorlespiaggia.it\/wp-content\/uploads\/2025\/07\/logo.png\",\"width\":1080,\"height\":1080,\"caption\":\"Caorle Strand\"},\"image\":{\"@id\":\"https:\/\/caorlespiaggia.it\/de\/#\/schema\/logo\/image\/\"}}]}<\/script>\n<!-- \/ Yoast SEO plugin. -->","yoast_head_json":{"title":"Gr\u00fcne Oase - Caorle Spiaggia","robots":{"index":"index","follow":"follow","max-snippet":"max-snippet:-1","max-image-preview":"max-image-preview:large","max-video-preview":"max-video-preview:-1"},"canonical":"https:\/\/caorlespiaggia.it\/de\/der-strand\/gruene-oase\/","og_locale":"de_DE","og_type":"article","og_title":"Gr\u00fcne Oase - Caorle Spiaggia","og_description":"die Oase am Strand Gr\u00fcne Oase GREEN OASIS, am Strand von Ponente (gegen\u00fcber dem st\u00e4dtischen Campingplatz), bietet einen innovativen Kiosk des Consorzio Arenili, eine Veranstaltungsarena, H\u00e4ngematten zum Entspannen und einen stimmungsvollen Abendspaziergang, der die Strandpromenade mit dem Ufer verbindet. Ein Kiosk mit Pool vervollst\u00e4ndigt das Angebot f\u00fcr Ihre Momente der Entspannung am Meer. Sie finden [&hellip;]","og_url":"https:\/\/caorlespiaggia.it\/de\/der-strand\/gruene-oase\/","og_site_name":"Caorle Spiaggia","article_modified_time":"2025-08-13T14:05:25+00:00","twitter_card":"summary_large_image","twitter_misc":{"Gesch\u00e4tzte Lesezeit":"1\u00a0Minute"},"schema":{"@context":"https:\/\/schema.org","@graph":[{"@type":"WebPage","@id":"https:\/\/caorlespiaggia.it\/de\/der-strand\/gruene-oase\/","url":"https:\/\/caorlespiaggia.it\/de\/der-strand\/gruene-oase\/","name":"Gr\u00fcne Oase - Caorle Spiaggia","isPartOf":{"@id":"https:\/\/caorlespiaggia.it\/de\/#website"},"datePublished":"2025-08-07T09:21:58+00:00","dateModified":"2025-08-13T14:05:25+00:00","breadcrumb":{"@id":"https:\/\/caorlespiaggia.it\/de\/der-strand\/gruene-oase\/#breadcrumb"},"inLanguage":"de","potentialAction":[{"@type":"ReadAction","target":["https:\/\/caorlespiaggia.it\/de\/der-strand\/gruene-oase\/"]}]},{"@type":"BreadcrumbList","@id":"https:\/\/caorlespiaggia.it\/de\/der-strand\/gruene-oase\/#breadcrumb","itemListElement":[{"@type":"ListItem","position":1,"name":"Startseite","item":"https:\/\/caorlespiaggia.it\/de\/startseite\/"},{"@type":"ListItem","position":2,"name":"Der Strand","item":"https:\/\/caorlespiaggia.it\/de\/der-strand\/"},{"@type":"ListItem","position":3,"name":"Gr\u00fcne Oase"}]},{"@type":"WebSite","@id":"https:\/\/caorlespiaggia.it\/de\/#website","url":"https:\/\/caorlespiaggia.it\/de\/","name":"Caorle Spiaggia","description":"","publisher":{"@id":"https:\/\/caorlespiaggia.it\/de\/#organization"},"potentialAction":[{"@type":"SearchAction","target":{"@type":"EntryPoint","urlTemplate":"https:\/\/caorlespiaggia.it\/de\/?s={search_term_string}"},"query-input":{"@type":"PropertyValueSpecification","valueRequired":true,"valueName":"search_term_string"}}],"inLanguage":"de"},{"@type":"Organization","@id":"https:\/\/caorlespiaggia.it\/de\/#organization","name":"Caorle Strand","alternateName":"Consorzio Arenili Caorle","url":"https:\/\/caorlespiaggia.it\/de\/","logo":{"@type":"ImageObject","inLanguage":"de","@id":"https:\/\/caorlespiaggia.it\/de\/#\/schema\/logo\/image\/","url":"https:\/\/caorlespiaggia.it\/wp-content\/uploads\/2025\/07\/logo.png","contentUrl":"https:\/\/caorlespiaggia.it\/wp-content\/uploads\/2025\/07\/logo.png","width":1080,"height":1080,"caption":"Caorle Strand"},"image":{"@id":"https:\/\/caorlespiaggia.it\/de\/#\/schema\/logo\/image\/"}}]}},"_links":{"self":[{"href":"https:\/\/caorlespiaggia.it\/de\/wp-json\/wp\/v2\/pages\/1489","targetHints":{"allow":["GET"]}}],"collection":[{"href":"https:\/\/caorlespiaggia.it\/de\/wp-json\/wp\/v2\/pages"}],"about":[{"href":"https:\/\/caorlespiaggia.it\/de\/wp-json\/wp\/v2\/types\/page"}],"author":[{"embeddable":true,"href":"https:\/\/caorlespiaggia.it\/de\/wp-json\/wp\/v2\/users\/1"}],"replies":[{"embeddable":true,"href":"https:\/\/caorlespiaggia.it\/de\/wp-json\/wp\/v2\/comments?post=1489"}],"version-history":[{"count":1,"href":"https:\/\/caorlespiaggia.it\/de\/wp-json\/wp\/v2\/pages\/1489\/revisions"}],"predecessor-version":[{"id":1491,"href":"https:\/\/caorlespiaggia.it\/de\/wp-json\/wp\/v2\/pages\/1489\/revisions\/1491"}],"up":[{"embeddable":true,"href":"https:\/\/caorlespiaggia.it\/de\/wp-json\/wp\/v2\/pages\/1502"}],"wp:attachment":[{"href":"https:\/\/caorlespiaggia.it\/de\/wp-json\/wp\/v2\/media?parent=1489"}],"curies":[{"name":"wp","href":"https:\/\/api.w.org\/{rel}","templated":true}]}}