{"id":1495,"date":"2025-08-07T09:52:36","date_gmt":"2025-08-07T09:52:36","guid":{"rendered":"https:\/\/caorlespiaggia.it\/white-oasis\/"},"modified":"2025-08-13T14:05:25","modified_gmt":"2025-08-13T14:05:25","slug":"white-oasis","status":"publish","type":"page","link":"https:\/\/caorlespiaggia.it\/de\/der-strand\/white-oasis\/","title":{"rendered":"White Oasis"},"content":{"rendered":"\t\t<div data-elementor-type=\"wp-post\" data-elementor-id=\"1495\" class=\"elementor elementor-1495 elementor-484\" data-elementor-post-type=\"page\">\n\t\t\t\t<div class=\"elementor-element elementor-element-5e169a44 e-con-full e-flex e-con e-parent\" data-id=\"5e169a44\" data-element_type=\"container\" data-settings=\"{&quot;background_background&quot;:&quot;classic&quot;}\">\n\t\t\t\t<div class=\"elementor-element elementor-element-3bdb84fc elementor-widget elementor-widget-heading\" data-id=\"3bdb84fc\" data-element_type=\"widget\" data-widget_type=\"heading.default\">\n\t\t\t\t\t<h3 class=\"elementor-heading-title elementor-size-default\">der Deluxe-Strand<\/h3>\t\t\t\t<\/div>\n\t\t\t\t<div class=\"elementor-element elementor-element-6f160a2 elementor-widget elementor-widget-heading\" data-id=\"6f160a2\" data-element_type=\"widget\" data-widget_type=\"heading.default\">\n\t\t\t\t\t<h1 class=\"elementor-heading-title elementor-size-default\">White Oasis<\/h1>\t\t\t\t<\/div>\n\t\t\t\t<div class=\"elementor-element elementor-element-0a75adf elementor-align-center elementor-widget elementor-widget-breadcrumbs\" data-id=\"0a75adf\" data-element_type=\"widget\" data-widget_type=\"breadcrumbs.default\">\n\t\t\t\t\t<p id=\"breadcrumbs\"><span><span><a href=\"https:\/\/caorlespiaggia.it\/de\/startseite\/\">Startseite<\/a><\/span><\/span><\/p>\t\t\t\t<\/div>\n\t\t\t\t<\/div>\n\t\t<div class=\"elementor-element elementor-element-1c907191 e-con-full e-flex e-con e-parent\" data-id=\"1c907191\" data-element_type=\"container\">\n\t\t<div class=\"elementor-element elementor-element-14ece124 e-con-full e-flex e-con e-child\" data-id=\"14ece124\" data-element_type=\"container\" data-settings=\"{&quot;background_background&quot;:&quot;slideshow&quot;,&quot;background_slideshow_gallery&quot;:[{&quot;id&quot;:471,&quot;url&quot;:&quot;https:\\\/\\\/caorlespiaggia.it\\\/wp-content\\\/uploads\\\/2025\\\/08\\\/white-oasis.jpg&quot;},{&quot;id&quot;:308,&quot;url&quot;:&quot;https:\\\/\\\/caorlespiaggia.it\\\/wp-content\\\/uploads\\\/2025\\\/08\\\/1588501424.jpg&quot;},{&quot;id&quot;:643,&quot;url&quot;:&quot;https:\\\/\\\/caorlespiaggia.it\\\/wp-content\\\/uploads\\\/2025\\\/08\\\/spiaggia-10.jpg&quot;}],&quot;background_slideshow_loop&quot;:&quot;yes&quot;,&quot;background_slideshow_slide_duration&quot;:5000,&quot;background_slideshow_slide_transition&quot;:&quot;fade&quot;,&quot;background_slideshow_transition_duration&quot;:500}\">\n\t\t\t\t<\/div>\n\t\t<div class=\"elementor-element elementor-element-f90a37b e-flex e-con-boxed e-con e-child\" data-id=\"f90a37b\" data-element_type=\"container\">\n\t\t\t\t\t<div class=\"e-con-inner\">\n\t\t\t\t<div class=\"elementor-element elementor-element-34a26ea2 elementor-widget elementor-widget-text-editor\" data-id=\"34a26ea2\" data-element_type=\"widget\" data-widget_type=\"text-editor.default\">\n\t\t\t\t\t\t\t\t\t<p class=\"brz-tp-lg-paragraph brz-css-qMARY\" data-generated-css=\"brz-css-hurzc\" data-uniq-id=\"jvabx\"><span class=\"brz-cp-color7\">White Oasis ist <strong>der neue Deluxe-Strand von Caorle<\/strong>: eine neue Ausstattung von Caorle Spiaggia im Bereich 5L (Zone Levante), in der N\u00e4he des bereits aktiven und frequentierten Bau Beach.<\/span><\/p>\n<p class=\"brz-tp-lg-paragraph brz-css-xL1hE\" data-generated-css=\"brz-css-grjre\" data-uniq-id=\"wgidd\"><span class=\"brz-cp-color7\">In diesem \u201eStrandbereich k\u00f6nnen Sie Tage unter der Sonne verbringen, im\u201c Schatten von eleganten und gro\u00dfen wei\u00dfen Pavillons und sich wie echte VIPs f\u00fchlen!<\/span><\/p>\n<p class=\"brz-tp-lg-paragraph brz-css-b0CRI\" data-generated-css=\"brz-css-zdavb\" data-uniq-id=\"wnmzz\"> <\/p>\t\t\t\t\t\t\t\t<\/div>\n\t\t\t\t\t<\/div>\n\t\t\t\t<\/div>\n\t\t\t\t<\/div>\n\t\t<div class=\"elementor-element elementor-element-65705f13 e-con-full e-flex e-con e-parent\" data-id=\"65705f13\" data-element_type=\"container\">\n\t\t<div class=\"elementor-element elementor-element-904eac7 e-con-full e-flex e-con e-child\" data-id=\"904eac7\" data-element_type=\"container\" data-settings=\"{&quot;background_background&quot;:&quot;classic&quot;}\">\n\t\t\t\t<div class=\"elementor-element elementor-element-818169e elementor-widget elementor-widget-google_maps\" data-id=\"818169e\" data-element_type=\"widget\" data-widget_type=\"google_maps.default\">\n\t\t\t\t\t\t\t<div class=\"elementor-custom-embed\">\n\t\t\t<iframe loading=\"lazy\"\n\t\t\t\t\tsrc=\"https:\/\/maps.google.com\/maps?q=45.608679963672955%2C%2012.900445876527424&#038;t=m&#038;z=15&#038;output=embed&#038;iwloc=near\"\n\t\t\t\t\ttitle=\"45.608679963672955, 12.900445876527424\"\n\t\t\t\t\taria-label=\"45.608679963672955, 12.900445876527424\"\n\t\t\t><\/iframe>\n\t\t<\/div>\n\t\t\t\t\t\t<\/div>\n\t\t\t\t<\/div>\n\t\t<div class=\"elementor-element elementor-element-7cb125ad e-con-full e-flex e-con e-child\" data-id=\"7cb125ad\" data-element_type=\"container\" data-settings=\"{&quot;background_background&quot;:&quot;classic&quot;}\">\n\t\t<div class=\"elementor-element elementor-element-1faecd44 e-con-full e-flex e-con e-child\" data-id=\"1faecd44\" data-element_type=\"container\">\n\t\t<div class=\"elementor-element elementor-element-68404612 e-con-full e-flex e-con e-child\" data-id=\"68404612\" data-element_type=\"container\">\n\t\t\t\t<div class=\"elementor-element elementor-element-579d53f elementor-widget elementor-widget-text-editor\" data-id=\"579d53f\" data-element_type=\"widget\" data-widget_type=\"text-editor.default\">\n\t\t\t\t\t\t\t\t\t<div id=\"\" class=\"brz-css-qeyrU brz-wrapper\">\n<div class=\"brz-rich-text brz-rich-text__custom brz-css-fefEw\" data-brz-custom-id=\"hvdtnqmdfnjgqmobtifizrstsfjndenwuzco\">\n<div data-brz-translate-text=\"1\">\n<p class=\"brz-tp-lg-paragraph brz-css-b0CRI\" data-generated-css=\"brz-css-zdavb\" data-uniq-id=\"wnmzz\"><span class=\"brz-cp-color7\">Die Pavillons der White Oasis gibt es in zwei Ausf\u00fchrungen:<\/span><\/p>\n<ul>\n<li class=\"brz-tp-lg-paragraph brz-bcp-color7 brz-css-qnTqP\" data-generated-css=\"brz-css-ofemj\" data-uniq-id=\"csime\"><span class=\"brz-cp-color7\">das Sun Bed f\u00fcr zwei Personen, ausgestattet mit Sonnenliegen<\/span><\/li>\n<li class=\"brz-tp-lg-paragraph brz-bcp-color7 brz-css-rnzSi\" data-generated-css=\"brz-css-cjwly\" data-uniq-id=\"eoonm\"><span class=\"brz-cp-color7\">die Sea Lounge, die sich an gr\u00f6\u00dfere Gruppen richtet (5 bis 8 Personen), ausgestattet mit Sonnenliegen und einem Tisch, um eine Art Lounge mit Meerblick zu bilden.<\/span><\/li>\n<\/ul>\n<p class=\"brz-tp-lg-paragraph brz-css-l5d7W\" data-generated-css=\"brz-css-svoll\" data-uniq-id=\"xwdkx\"><span class=\"brz-cp-color7\">Von der Fl\u00e4che her sind die Pavillons gr\u00f6\u00dfer als die an den nahegelegenen Str\u00e4nden, au\u00dferdem haben sie den Vorteil, dass sie sich direkt am Meer befinden und nicht in zur\u00fcckgesetzten Positionen, was das Gef\u00fchl vermittelt, sich in einer Oase am Strand von Caorle zu befinden.<\/span><\/p>\n<p class=\"brz-tp-lg-paragraph brz-css-kPs1S\" data-uniq-id=\"wgjhc\" data-generated-css=\"brz-css-tsnuo\"><span class=\"brz-cp-color7\">In der White Oasis k\u00f6nnen Touristen ihre eigenen Bereiche und ihre Privatsph\u00e4re genie\u00dfen, da zwischen den einzelnen Strukturen mindestens 6-7 m Platz vorhanden sind&#8230; F\u00fcr einen wirklich exklusiven Urlaub!<\/span><\/p>\n<\/div>\n<\/div>\n<\/div>\t\t\t\t\t\t\t\t<\/div>\n\t\t\t\t<\/div>\n\t\t\t\t<\/div>\n\t\t\t\t<\/div>\n\t\t\t\t<\/div>\n\t\t\t\t<\/div>\n\t\t","protected":false},"excerpt":{"rendered":"<p>der Deluxe-Strand White Oasis White Oasis ist der neue Deluxe-Strand von Caorle: eine neue Ausstattung von Caorle Spiaggia im Bereich 5L (Zone Levante), in der N\u00e4he des bereits aktiven und frequentierten Bau Beach. In diesem \u201eStrandbereich k\u00f6nnen Sie Tage unter der Sonne verbringen, im\u201c Schatten von eleganten und gro\u00dfen wei\u00dfen Pavillons und sich wie echte [&hellip;]<\/p>\n","protected":false},"author":1,"featured_media":0,"parent":1502,"menu_order":0,"comment_status":"closed","ping_status":"closed","template":"elementor_header_footer","meta":{"_acf_changed":false,"footnotes":""},"class_list":["post-1495","page","type-page","status-publish","hentry"],"acf":[],"yoast_head":"<!-- This site is optimized with the Yoast SEO plugin v26.7 - https:\/\/yoast.com\/wordpress\/plugins\/seo\/ -->\n<title>White Oasis - Caorle Spiaggia<\/title>\n<meta name=\"robots\" content=\"index, follow, max-snippet:-1, max-image-preview:large, max-video-preview:-1\" \/>\n<link rel=\"canonical\" href=\"https:\/\/caorlespiaggia.it\/de\/der-strand\/white-oasis\/\" \/>\n<meta property=\"og:locale\" content=\"de_DE\" \/>\n<meta property=\"og:type\" content=\"article\" \/>\n<meta property=\"og:title\" content=\"White Oasis - Caorle Spiaggia\" \/>\n<meta property=\"og:description\" content=\"der Deluxe-Strand White Oasis White Oasis ist der neue Deluxe-Strand von Caorle: eine neue Ausstattung von Caorle Spiaggia im Bereich 5L (Zone Levante), in der N\u00e4he des bereits aktiven und frequentierten Bau Beach. In diesem \u201eStrandbereich k\u00f6nnen Sie Tage unter der Sonne verbringen, im\u201c Schatten von eleganten und gro\u00dfen wei\u00dfen Pavillons und sich wie echte [&hellip;]\" \/>\n<meta property=\"og:url\" content=\"https:\/\/caorlespiaggia.it\/de\/der-strand\/white-oasis\/\" \/>\n<meta property=\"og:site_name\" content=\"Caorle Spiaggia\" \/>\n<meta property=\"article:modified_time\" content=\"2025-08-13T14:05:25+00:00\" \/>\n<meta name=\"twitter:card\" content=\"summary_large_image\" \/>\n<meta name=\"twitter:label1\" content=\"Gesch\u00e4tzte Lesezeit\" \/>\n\t<meta name=\"twitter:data1\" content=\"1\u00a0Minute\" \/>\n<script type=\"application\/ld+json\" class=\"yoast-schema-graph\">{\"@context\":\"https:\/\/schema.org\",\"@graph\":[{\"@type\":\"WebPage\",\"@id\":\"https:\/\/caorlespiaggia.it\/de\/der-strand\/white-oasis\/\",\"url\":\"https:\/\/caorlespiaggia.it\/de\/der-strand\/white-oasis\/\",\"name\":\"White Oasis - Caorle Spiaggia\",\"isPartOf\":{\"@id\":\"https:\/\/caorlespiaggia.it\/de\/#website\"},\"datePublished\":\"2025-08-07T09:52:36+00:00\",\"dateModified\":\"2025-08-13T14:05:25+00:00\",\"breadcrumb\":{\"@id\":\"https:\/\/caorlespiaggia.it\/de\/der-strand\/white-oasis\/#breadcrumb\"},\"inLanguage\":\"de\",\"potentialAction\":[{\"@type\":\"ReadAction\",\"target\":[\"https:\/\/caorlespiaggia.it\/de\/der-strand\/white-oasis\/\"]}]},{\"@type\":\"BreadcrumbList\",\"@id\":\"https:\/\/caorlespiaggia.it\/de\/der-strand\/white-oasis\/#breadcrumb\",\"itemListElement\":[{\"@type\":\"ListItem\",\"position\":1,\"name\":\"Startseite\",\"item\":\"https:\/\/caorlespiaggia.it\/de\/startseite\/\"},{\"@type\":\"ListItem\",\"position\":2,\"name\":\"Der Strand\",\"item\":\"https:\/\/caorlespiaggia.it\/de\/der-strand\/\"},{\"@type\":\"ListItem\",\"position\":3,\"name\":\"White Oasis\"}]},{\"@type\":\"WebSite\",\"@id\":\"https:\/\/caorlespiaggia.it\/de\/#website\",\"url\":\"https:\/\/caorlespiaggia.it\/de\/\",\"name\":\"Caorle Spiaggia\",\"description\":\"\",\"publisher\":{\"@id\":\"https:\/\/caorlespiaggia.it\/de\/#organization\"},\"potentialAction\":[{\"@type\":\"SearchAction\",\"target\":{\"@type\":\"EntryPoint\",\"urlTemplate\":\"https:\/\/caorlespiaggia.it\/de\/?s={search_term_string}\"},\"query-input\":{\"@type\":\"PropertyValueSpecification\",\"valueRequired\":true,\"valueName\":\"search_term_string\"}}],\"inLanguage\":\"de\"},{\"@type\":\"Organization\",\"@id\":\"https:\/\/caorlespiaggia.it\/de\/#organization\",\"name\":\"Caorle Strand\",\"alternateName\":\"Consorzio Arenili Caorle\",\"url\":\"https:\/\/caorlespiaggia.it\/de\/\",\"logo\":{\"@type\":\"ImageObject\",\"inLanguage\":\"de\",\"@id\":\"https:\/\/caorlespiaggia.it\/de\/#\/schema\/logo\/image\/\",\"url\":\"https:\/\/caorlespiaggia.it\/wp-content\/uploads\/2025\/07\/logo.png\",\"contentUrl\":\"https:\/\/caorlespiaggia.it\/wp-content\/uploads\/2025\/07\/logo.png\",\"width\":1080,\"height\":1080,\"caption\":\"Caorle Strand\"},\"image\":{\"@id\":\"https:\/\/caorlespiaggia.it\/de\/#\/schema\/logo\/image\/\"}}]}<\/script>\n<!-- \/ Yoast SEO plugin. -->","yoast_head_json":{"title":"White Oasis - Caorle Spiaggia","robots":{"index":"index","follow":"follow","max-snippet":"max-snippet:-1","max-image-preview":"max-image-preview:large","max-video-preview":"max-video-preview:-1"},"canonical":"https:\/\/caorlespiaggia.it\/de\/der-strand\/white-oasis\/","og_locale":"de_DE","og_type":"article","og_title":"White Oasis - Caorle Spiaggia","og_description":"der Deluxe-Strand White Oasis White Oasis ist der neue Deluxe-Strand von Caorle: eine neue Ausstattung von Caorle Spiaggia im Bereich 5L (Zone Levante), in der N\u00e4he des bereits aktiven und frequentierten Bau Beach. In diesem \u201eStrandbereich k\u00f6nnen Sie Tage unter der Sonne verbringen, im\u201c Schatten von eleganten und gro\u00dfen wei\u00dfen Pavillons und sich wie echte [&hellip;]","og_url":"https:\/\/caorlespiaggia.it\/de\/der-strand\/white-oasis\/","og_site_name":"Caorle Spiaggia","article_modified_time":"2025-08-13T14:05:25+00:00","twitter_card":"summary_large_image","twitter_misc":{"Gesch\u00e4tzte Lesezeit":"1\u00a0Minute"},"schema":{"@context":"https:\/\/schema.org","@graph":[{"@type":"WebPage","@id":"https:\/\/caorlespiaggia.it\/de\/der-strand\/white-oasis\/","url":"https:\/\/caorlespiaggia.it\/de\/der-strand\/white-oasis\/","name":"White Oasis - Caorle Spiaggia","isPartOf":{"@id":"https:\/\/caorlespiaggia.it\/de\/#website"},"datePublished":"2025-08-07T09:52:36+00:00","dateModified":"2025-08-13T14:05:25+00:00","breadcrumb":{"@id":"https:\/\/caorlespiaggia.it\/de\/der-strand\/white-oasis\/#breadcrumb"},"inLanguage":"de","potentialAction":[{"@type":"ReadAction","target":["https:\/\/caorlespiaggia.it\/de\/der-strand\/white-oasis\/"]}]},{"@type":"BreadcrumbList","@id":"https:\/\/caorlespiaggia.it\/de\/der-strand\/white-oasis\/#breadcrumb","itemListElement":[{"@type":"ListItem","position":1,"name":"Startseite","item":"https:\/\/caorlespiaggia.it\/de\/startseite\/"},{"@type":"ListItem","position":2,"name":"Der Strand","item":"https:\/\/caorlespiaggia.it\/de\/der-strand\/"},{"@type":"ListItem","position":3,"name":"White Oasis"}]},{"@type":"WebSite","@id":"https:\/\/caorlespiaggia.it\/de\/#website","url":"https:\/\/caorlespiaggia.it\/de\/","name":"Caorle Spiaggia","description":"","publisher":{"@id":"https:\/\/caorlespiaggia.it\/de\/#organization"},"potentialAction":[{"@type":"SearchAction","target":{"@type":"EntryPoint","urlTemplate":"https:\/\/caorlespiaggia.it\/de\/?s={search_term_string}"},"query-input":{"@type":"PropertyValueSpecification","valueRequired":true,"valueName":"search_term_string"}}],"inLanguage":"de"},{"@type":"Organization","@id":"https:\/\/caorlespiaggia.it\/de\/#organization","name":"Caorle Strand","alternateName":"Consorzio Arenili Caorle","url":"https:\/\/caorlespiaggia.it\/de\/","logo":{"@type":"ImageObject","inLanguage":"de","@id":"https:\/\/caorlespiaggia.it\/de\/#\/schema\/logo\/image\/","url":"https:\/\/caorlespiaggia.it\/wp-content\/uploads\/2025\/07\/logo.png","contentUrl":"https:\/\/caorlespiaggia.it\/wp-content\/uploads\/2025\/07\/logo.png","width":1080,"height":1080,"caption":"Caorle Strand"},"image":{"@id":"https:\/\/caorlespiaggia.it\/de\/#\/schema\/logo\/image\/"}}]}},"_links":{"self":[{"href":"https:\/\/caorlespiaggia.it\/de\/wp-json\/wp\/v2\/pages\/1495","targetHints":{"allow":["GET"]}}],"collection":[{"href":"https:\/\/caorlespiaggia.it\/de\/wp-json\/wp\/v2\/pages"}],"about":[{"href":"https:\/\/caorlespiaggia.it\/de\/wp-json\/wp\/v2\/types\/page"}],"author":[{"embeddable":true,"href":"https:\/\/caorlespiaggia.it\/de\/wp-json\/wp\/v2\/users\/1"}],"replies":[{"embeddable":true,"href":"https:\/\/caorlespiaggia.it\/de\/wp-json\/wp\/v2\/comments?post=1495"}],"version-history":[{"count":1,"href":"https:\/\/caorlespiaggia.it\/de\/wp-json\/wp\/v2\/pages\/1495\/revisions"}],"predecessor-version":[{"id":1496,"href":"https:\/\/caorlespiaggia.it\/de\/wp-json\/wp\/v2\/pages\/1495\/revisions\/1496"}],"up":[{"embeddable":true,"href":"https:\/\/caorlespiaggia.it\/de\/wp-json\/wp\/v2\/pages\/1502"}],"wp:attachment":[{"href":"https:\/\/caorlespiaggia.it\/de\/wp-json\/wp\/v2\/media?parent=1495"}],"curies":[{"name":"wp","href":"https:\/\/api.w.org\/{rel}","templated":true}]}}