{"id":1499,"date":"2025-08-07T13:06:03","date_gmt":"2025-08-07T13:06:03","guid":{"rendered":"https:\/\/caorlespiaggia.it\/schwimmende-plattformen\/"},"modified":"2025-08-13T14:05:28","modified_gmt":"2025-08-13T14:05:28","slug":"schwimmende-plattformen","status":"publish","type":"page","link":"https:\/\/caorlespiaggia.it\/de\/geschirr-sets\/schwimmende-plattformen\/","title":{"rendered":"Schwimmende Plattformen"},"content":{"rendered":"\t\t<div data-elementor-type=\"wp-post\" data-elementor-id=\"1499\" class=\"elementor elementor-1499 elementor-493\" data-elementor-post-type=\"page\">\n\t\t\t\t<div class=\"elementor-element elementor-element-5e169a44 e-con-full e-flex e-con e-parent\" data-id=\"5e169a44\" data-element_type=\"container\" data-settings=\"{&quot;background_background&quot;:&quot;classic&quot;}\">\n\t\t\t\t<div class=\"elementor-element elementor-element-3bdb84fc elementor-widget elementor-widget-heading\" data-id=\"3bdb84fc\" data-element_type=\"widget\" data-widget_type=\"heading.default\">\n\t\t\t\t\t<h3 class=\"elementor-heading-title elementor-size-default\"><i>\ud83c\udf0a <\/i>mitten im Meer...<\/h3>\t\t\t\t<\/div>\n\t\t\t\t<div class=\"elementor-element elementor-element-6f160a2 elementor-widget elementor-widget-heading\" data-id=\"6f160a2\" data-element_type=\"widget\" data-widget_type=\"heading.default\">\n\t\t\t\t\t<h1 class=\"elementor-heading-title elementor-size-default\">Plattformen<\/h1>\t\t\t\t<\/div>\n\t\t\t\t<div class=\"elementor-element elementor-element-86a2654 elementor-align-center elementor-widget elementor-widget-breadcrumbs\" data-id=\"86a2654\" data-element_type=\"widget\" data-widget_type=\"breadcrumbs.default\">\n\t\t\t\t\t<p id=\"breadcrumbs\"><span><span><a href=\"https:\/\/caorlespiaggia.it\/de\/startseite\/\">Startseite<\/a><\/span><\/span><\/p>\t\t\t\t<\/div>\n\t\t\t\t<\/div>\n\t\t<div class=\"elementor-element elementor-element-1c907191 e-con-full e-flex e-con e-parent\" data-id=\"1c907191\" data-element_type=\"container\">\n\t\t<div class=\"elementor-element elementor-element-14ece124 e-con-full e-flex e-con e-child\" data-id=\"14ece124\" data-element_type=\"container\" data-settings=\"{&quot;background_background&quot;:&quot;slideshow&quot;,&quot;background_slideshow_gallery&quot;:[{&quot;id&quot;:332,&quot;url&quot;:&quot;https:\\\/\\\/caorlespiaggia.it\\\/wp-content\\\/uploads\\\/2025\\\/08\\\/piattaforme-scaled.jpg&quot;},{&quot;id&quot;:495,&quot;url&quot;:&quot;https:\\\/\\\/caorlespiaggia.it\\\/wp-content\\\/uploads\\\/2025\\\/08\\\/piattaforme-galleggianti.jpg&quot;}],&quot;background_slideshow_loop&quot;:&quot;yes&quot;,&quot;background_slideshow_slide_duration&quot;:5000,&quot;background_slideshow_slide_transition&quot;:&quot;fade&quot;,&quot;background_slideshow_transition_duration&quot;:500}\">\n\t\t\t\t<\/div>\n\t\t<div class=\"elementor-element elementor-element-f90a37b e-flex e-con-boxed e-con e-child\" data-id=\"f90a37b\" data-element_type=\"container\">\n\t\t\t\t\t<div class=\"e-con-inner\">\n\t\t\t\t<div class=\"elementor-element elementor-element-34a26ea2 elementor-widget elementor-widget-text-editor\" data-id=\"34a26ea2\" data-element_type=\"widget\" data-widget_type=\"text-editor.default\">\n\t\t\t\t\t\t\t\t\t<p class=\"brz-tp-lg-paragraph brz-css-lTH3U\" data-uniq-id=\"ncrst\" data-generated-css=\"brz-css-cdqhl\"><span class=\"brz-cp-color7\">F\u00fcr diejenigen, die sich mitten im Meer sonnen oder im Meer von Caorle schwimmen m\u00f6chten, gibt es nichts Besseres als die schwimmenden Plattformen, begehbare Bereiche mitten im Meer, nur wenige hundert Meter von der K\u00fcste entfernt, die von Touristen zum Entspannen, Sonnenbaden oder Spielen im Meer genutzt werden k\u00f6nnen.<\/span><\/p><p class=\"brz-tp-lg-paragraph brz-css-gUObn\" data-uniq-id=\"cgbbr\" data-generated-css=\"brz-css-tzjxq\"><span class=\"brz-cp-color7\">Es gibt 6 Strukturen, die sich am Strand von Ponente vor den Abschnitten Nr. befinden. <b>1, 3, 7, 10 14 und 8P.<\/b><\/span><\/p><p class=\"brz-tp-lg-paragraph brz-css-sg_4e\" data-uniq-id=\"vwszu\" data-generated-css=\"brz-css-ulsfk\"><span class=\"brz-cp-color7\">Jede Plattform misst 10&#215;10 Meter: ein gro\u00dfer Raum, der gleichzeitig von mehreren Personen genutzt werden kann.<\/span><\/p><p class=\"brz-tp-lg-paragraph brz-css-tBU6Y\" data-generated-css=\"brz-css-ysfub\" data-uniq-id=\"orhau\"> <\/p>\t\t\t\t\t\t\t\t<\/div>\n\t\t\t\t\t<\/div>\n\t\t\t\t<\/div>\n\t\t\t\t<\/div>\n\t\t<div class=\"elementor-element elementor-element-65705f13 e-con-full e-flex e-con e-parent\" data-id=\"65705f13\" data-element_type=\"container\">\n\t\t<div class=\"elementor-element elementor-element-904eac7 e-con-full e-flex e-con e-child\" data-id=\"904eac7\" data-element_type=\"container\" data-settings=\"{&quot;background_background&quot;:&quot;classic&quot;}\">\n\t\t\t\t<\/div>\n\t\t<div class=\"elementor-element elementor-element-7cb125ad e-con-full e-flex e-con e-child\" data-id=\"7cb125ad\" data-element_type=\"container\" data-settings=\"{&quot;background_background&quot;:&quot;classic&quot;}\">\n\t\t<div class=\"elementor-element elementor-element-1faecd44 e-con-full e-flex e-con e-child\" data-id=\"1faecd44\" data-element_type=\"container\">\n\t\t<div class=\"elementor-element elementor-element-68404612 e-con-full e-flex e-con e-child\" data-id=\"68404612\" data-element_type=\"container\">\n\t\t\t\t<div class=\"elementor-element elementor-element-579d53f elementor-widget elementor-widget-text-editor\" data-id=\"579d53f\" data-element_type=\"widget\" data-widget_type=\"text-editor.default\">\n\t\t\t\t\t\t\t\t\t<div id=\"\" class=\"brz-css-qeyrU brz-wrapper\"><div class=\"brz-rich-text brz-rich-text__custom brz-css-fefEw\" data-brz-custom-id=\"hvdtnqmdfnjgqmobtifizrstsfjndenwuzco\"><div data-brz-translate-text=\"1\"><p class=\"brz-tp-lg-paragraph brz-css-fohpe\" data-uniq-id=\"wbvyv\" data-generated-css=\"brz-css-rwahd\"><span class=\"brz-cp-color7\">Wer die schwimmenden Plattformen nutzen m\u00f6chte, muss einige grundlegende Sicherheitsregeln beachten:<\/span><\/p><p class=\"brz-tp-lg-paragraph brz-css-uCD_0\" data-uniq-id=\"mwasu\" data-generated-css=\"brz-css-hszhc\"><span class=\"brz-cp-color7\">Das Springen ist verboten<\/span><\/p><p class=\"brz-tp-lg-paragraph brz-css-eGSA7\" data-uniq-id=\"pknsv\" data-generated-css=\"brz-css-bswar\"><span class=\"brz-cp-color7\">Es ist verboten, sich allen Wasserfahrzeugen und Tretbooten zu \u201en\u00e4hern\u201c, au\u00dfer den Sicherheitsfahrzeugen<\/span><\/p><p class=\"brz-tp-lg-paragraph brz-css-iMC3n\" data-uniq-id=\"tgzaa\" data-generated-css=\"brz-css-habsr\"><span class=\"brz-cp-color7\">Es ist nicht erlaubt, unter der Plattform zu schwimmen oder auf ihr zu laufen<\/span><\/p><p class=\"brz-tp-lg-paragraph brz-css-oLdRX\" data-uniq-id=\"niiyr\" data-generated-css=\"brz-css-uuupm\"><span class=\"brz-cp-color7\">Es ist verboten, Personen ins Wasser zu sto\u00dfen<\/span><\/p><p class=\"brz-tp-lg-paragraph brz-css-eOMWY\" data-uniq-id=\"akeul\" data-generated-css=\"brz-css-qfaul\"><span class=\"brz-cp-color7\">Es ist nicht erlaubt, sich an den roten Bojen festzuhalten, die die Ankerpl\u00e4tze kennzeichnen<\/span><\/p><p class=\"brz-tp-lg-paragraph brz-css-wYmwY\" data-uniq-id=\"phdpm\" data-generated-css=\"brz-css-fvltd\"><span class=\"brz-cp-color7\">Die Nutzung der schwimmenden Plattformen zur touristischen und freizeitlichen Nutzung des Consorzio Arenili di Caorle ist Kunden und G\u00e4sten der Partnerbetriebe zu folgenden Zeiten vorbehalten: 10:00-13:00 Uhr und 15:00-18:30 Uhr.<\/span><\/p><p class=\"brz-tp-lg-paragraph brz-css-tBU6Y\" data-generated-css=\"brz-css-ysfub\" data-uniq-id=\"orhau\"><span class=\"brz-cp-color7\">Das Consorzio Arenili lehnt jede Haftung f\u00fcr Sch\u00e4den an Sachen und Personen ab, die auf den unsachgem\u00e4\u00dfen Gebrauch der Struktur zur\u00fcckzuf\u00fchren sind.<\/span><\/p><\/div><\/div><\/div>\t\t\t\t\t\t\t\t<\/div>\n\t\t\t\t<\/div>\n\t\t\t\t<\/div>\n\t\t\t\t<\/div>\n\t\t\t\t<\/div>\n\t\t\t\t<\/div>\n\t\t","protected":false},"excerpt":{"rendered":"<p>\ud83c\udf0a mitten im Meer&#8230; Plattformen F\u00fcr diejenigen, die sich mitten im Meer sonnen oder im Meer von Caorle schwimmen m\u00f6chten, gibt es nichts Besseres als die schwimmenden Plattformen, begehbare Bereiche mitten im Meer, nur wenige hundert Meter von der K\u00fcste entfernt, die von Touristen zum Entspannen, Sonnenbaden oder Spielen im Meer genutzt werden k\u00f6nnen. Es [&hellip;]<\/p>\n","protected":false},"author":1,"featured_media":0,"parent":1511,"menu_order":0,"comment_status":"closed","ping_status":"closed","template":"elementor_header_footer","meta":{"_acf_changed":false,"footnotes":""},"class_list":["post-1499","page","type-page","status-publish","hentry"],"acf":[],"yoast_head":"<!-- This site is optimized with the Yoast SEO plugin v26.7 - https:\/\/yoast.com\/wordpress\/plugins\/seo\/ -->\n<title>Schwimmende Plattformen - Caorle Spiaggia<\/title>\n<meta name=\"robots\" content=\"index, follow, max-snippet:-1, max-image-preview:large, max-video-preview:-1\" \/>\n<link rel=\"canonical\" href=\"https:\/\/caorlespiaggia.it\/de\/geschirr-sets\/schwimmende-plattformen\/\" \/>\n<meta property=\"og:locale\" content=\"de_DE\" \/>\n<meta property=\"og:type\" content=\"article\" \/>\n<meta property=\"og:title\" content=\"Schwimmende Plattformen - Caorle Spiaggia\" \/>\n<meta property=\"og:description\" content=\"\ud83c\udf0a mitten im Meer&#8230; Plattformen F\u00fcr diejenigen, die sich mitten im Meer sonnen oder im Meer von Caorle schwimmen m\u00f6chten, gibt es nichts Besseres als die schwimmenden Plattformen, begehbare Bereiche mitten im Meer, nur wenige hundert Meter von der K\u00fcste entfernt, die von Touristen zum Entspannen, Sonnenbaden oder Spielen im Meer genutzt werden k\u00f6nnen. Es [&hellip;]\" \/>\n<meta property=\"og:url\" content=\"https:\/\/caorlespiaggia.it\/de\/geschirr-sets\/schwimmende-plattformen\/\" \/>\n<meta property=\"og:site_name\" content=\"Caorle Spiaggia\" \/>\n<meta property=\"article:modified_time\" content=\"2025-08-13T14:05:28+00:00\" \/>\n<meta name=\"twitter:card\" content=\"summary_large_image\" \/>\n<meta name=\"twitter:label1\" content=\"Gesch\u00e4tzte Lesezeit\" \/>\n\t<meta name=\"twitter:data1\" content=\"1\u00a0Minute\" \/>\n<script type=\"application\/ld+json\" class=\"yoast-schema-graph\">{\"@context\":\"https:\/\/schema.org\",\"@graph\":[{\"@type\":\"WebPage\",\"@id\":\"https:\/\/caorlespiaggia.it\/de\/geschirr-sets\/schwimmende-plattformen\/\",\"url\":\"https:\/\/caorlespiaggia.it\/de\/geschirr-sets\/schwimmende-plattformen\/\",\"name\":\"Schwimmende Plattformen - Caorle Spiaggia\",\"isPartOf\":{\"@id\":\"https:\/\/caorlespiaggia.it\/de\/#website\"},\"datePublished\":\"2025-08-07T13:06:03+00:00\",\"dateModified\":\"2025-08-13T14:05:28+00:00\",\"breadcrumb\":{\"@id\":\"https:\/\/caorlespiaggia.it\/de\/geschirr-sets\/schwimmende-plattformen\/#breadcrumb\"},\"inLanguage\":\"de\",\"potentialAction\":[{\"@type\":\"ReadAction\",\"target\":[\"https:\/\/caorlespiaggia.it\/de\/geschirr-sets\/schwimmende-plattformen\/\"]}]},{\"@type\":\"BreadcrumbList\",\"@id\":\"https:\/\/caorlespiaggia.it\/de\/geschirr-sets\/schwimmende-plattformen\/#breadcrumb\",\"itemListElement\":[{\"@type\":\"ListItem\",\"position\":1,\"name\":\"Startseite\",\"item\":\"https:\/\/caorlespiaggia.it\/de\/startseite\/\"},{\"@type\":\"ListItem\",\"position\":2,\"name\":\"Dienstleistungen\",\"item\":\"https:\/\/caorlespiaggia.it\/de\/geschirr-sets\/\"},{\"@type\":\"ListItem\",\"position\":3,\"name\":\"Schwimmende Plattformen\"}]},{\"@type\":\"WebSite\",\"@id\":\"https:\/\/caorlespiaggia.it\/de\/#website\",\"url\":\"https:\/\/caorlespiaggia.it\/de\/\",\"name\":\"Caorle Spiaggia\",\"description\":\"\",\"publisher\":{\"@id\":\"https:\/\/caorlespiaggia.it\/de\/#organization\"},\"potentialAction\":[{\"@type\":\"SearchAction\",\"target\":{\"@type\":\"EntryPoint\",\"urlTemplate\":\"https:\/\/caorlespiaggia.it\/de\/?s={search_term_string}\"},\"query-input\":{\"@type\":\"PropertyValueSpecification\",\"valueRequired\":true,\"valueName\":\"search_term_string\"}}],\"inLanguage\":\"de\"},{\"@type\":\"Organization\",\"@id\":\"https:\/\/caorlespiaggia.it\/de\/#organization\",\"name\":\"Caorle Strand\",\"alternateName\":\"Consorzio Arenili Caorle\",\"url\":\"https:\/\/caorlespiaggia.it\/de\/\",\"logo\":{\"@type\":\"ImageObject\",\"inLanguage\":\"de\",\"@id\":\"https:\/\/caorlespiaggia.it\/de\/#\/schema\/logo\/image\/\",\"url\":\"https:\/\/caorlespiaggia.it\/wp-content\/uploads\/2025\/07\/logo.png\",\"contentUrl\":\"https:\/\/caorlespiaggia.it\/wp-content\/uploads\/2025\/07\/logo.png\",\"width\":1080,\"height\":1080,\"caption\":\"Caorle Strand\"},\"image\":{\"@id\":\"https:\/\/caorlespiaggia.it\/de\/#\/schema\/logo\/image\/\"}}]}<\/script>\n<!-- \/ Yoast SEO plugin. -->","yoast_head_json":{"title":"Schwimmende Plattformen - Caorle Spiaggia","robots":{"index":"index","follow":"follow","max-snippet":"max-snippet:-1","max-image-preview":"max-image-preview:large","max-video-preview":"max-video-preview:-1"},"canonical":"https:\/\/caorlespiaggia.it\/de\/geschirr-sets\/schwimmende-plattformen\/","og_locale":"de_DE","og_type":"article","og_title":"Schwimmende Plattformen - Caorle Spiaggia","og_description":"\ud83c\udf0a mitten im Meer&#8230; Plattformen F\u00fcr diejenigen, die sich mitten im Meer sonnen oder im Meer von Caorle schwimmen m\u00f6chten, gibt es nichts Besseres als die schwimmenden Plattformen, begehbare Bereiche mitten im Meer, nur wenige hundert Meter von der K\u00fcste entfernt, die von Touristen zum Entspannen, Sonnenbaden oder Spielen im Meer genutzt werden k\u00f6nnen. Es [&hellip;]","og_url":"https:\/\/caorlespiaggia.it\/de\/geschirr-sets\/schwimmende-plattformen\/","og_site_name":"Caorle Spiaggia","article_modified_time":"2025-08-13T14:05:28+00:00","twitter_card":"summary_large_image","twitter_misc":{"Gesch\u00e4tzte Lesezeit":"1\u00a0Minute"},"schema":{"@context":"https:\/\/schema.org","@graph":[{"@type":"WebPage","@id":"https:\/\/caorlespiaggia.it\/de\/geschirr-sets\/schwimmende-plattformen\/","url":"https:\/\/caorlespiaggia.it\/de\/geschirr-sets\/schwimmende-plattformen\/","name":"Schwimmende Plattformen - Caorle Spiaggia","isPartOf":{"@id":"https:\/\/caorlespiaggia.it\/de\/#website"},"datePublished":"2025-08-07T13:06:03+00:00","dateModified":"2025-08-13T14:05:28+00:00","breadcrumb":{"@id":"https:\/\/caorlespiaggia.it\/de\/geschirr-sets\/schwimmende-plattformen\/#breadcrumb"},"inLanguage":"de","potentialAction":[{"@type":"ReadAction","target":["https:\/\/caorlespiaggia.it\/de\/geschirr-sets\/schwimmende-plattformen\/"]}]},{"@type":"BreadcrumbList","@id":"https:\/\/caorlespiaggia.it\/de\/geschirr-sets\/schwimmende-plattformen\/#breadcrumb","itemListElement":[{"@type":"ListItem","position":1,"name":"Startseite","item":"https:\/\/caorlespiaggia.it\/de\/startseite\/"},{"@type":"ListItem","position":2,"name":"Dienstleistungen","item":"https:\/\/caorlespiaggia.it\/de\/geschirr-sets\/"},{"@type":"ListItem","position":3,"name":"Schwimmende Plattformen"}]},{"@type":"WebSite","@id":"https:\/\/caorlespiaggia.it\/de\/#website","url":"https:\/\/caorlespiaggia.it\/de\/","name":"Caorle Spiaggia","description":"","publisher":{"@id":"https:\/\/caorlespiaggia.it\/de\/#organization"},"potentialAction":[{"@type":"SearchAction","target":{"@type":"EntryPoint","urlTemplate":"https:\/\/caorlespiaggia.it\/de\/?s={search_term_string}"},"query-input":{"@type":"PropertyValueSpecification","valueRequired":true,"valueName":"search_term_string"}}],"inLanguage":"de"},{"@type":"Organization","@id":"https:\/\/caorlespiaggia.it\/de\/#organization","name":"Caorle Strand","alternateName":"Consorzio Arenili Caorle","url":"https:\/\/caorlespiaggia.it\/de\/","logo":{"@type":"ImageObject","inLanguage":"de","@id":"https:\/\/caorlespiaggia.it\/de\/#\/schema\/logo\/image\/","url":"https:\/\/caorlespiaggia.it\/wp-content\/uploads\/2025\/07\/logo.png","contentUrl":"https:\/\/caorlespiaggia.it\/wp-content\/uploads\/2025\/07\/logo.png","width":1080,"height":1080,"caption":"Caorle Strand"},"image":{"@id":"https:\/\/caorlespiaggia.it\/de\/#\/schema\/logo\/image\/"}}]}},"_links":{"self":[{"href":"https:\/\/caorlespiaggia.it\/de\/wp-json\/wp\/v2\/pages\/1499","targetHints":{"allow":["GET"]}}],"collection":[{"href":"https:\/\/caorlespiaggia.it\/de\/wp-json\/wp\/v2\/pages"}],"about":[{"href":"https:\/\/caorlespiaggia.it\/de\/wp-json\/wp\/v2\/types\/page"}],"author":[{"embeddable":true,"href":"https:\/\/caorlespiaggia.it\/de\/wp-json\/wp\/v2\/users\/1"}],"replies":[{"embeddable":true,"href":"https:\/\/caorlespiaggia.it\/de\/wp-json\/wp\/v2\/comments?post=1499"}],"version-history":[{"count":1,"href":"https:\/\/caorlespiaggia.it\/de\/wp-json\/wp\/v2\/pages\/1499\/revisions"}],"predecessor-version":[{"id":1500,"href":"https:\/\/caorlespiaggia.it\/de\/wp-json\/wp\/v2\/pages\/1499\/revisions\/1500"}],"up":[{"embeddable":true,"href":"https:\/\/caorlespiaggia.it\/de\/wp-json\/wp\/v2\/pages\/1511"}],"wp:attachment":[{"href":"https:\/\/caorlespiaggia.it\/de\/wp-json\/wp\/v2\/media?parent=1499"}],"curies":[{"name":"wp","href":"https:\/\/api.w.org\/{rel}","templated":true}]}}