{"id":1515,"date":"2025-08-04T07:59:11","date_gmt":"2025-08-04T07:59:11","guid":{"rendered":"https:\/\/caorlespiaggia.it\/der-strand\/bau-beach\/"},"modified":"2025-08-13T14:05:32","modified_gmt":"2025-08-13T14:05:32","slug":"bau-beach","status":"publish","type":"page","link":"https:\/\/caorlespiaggia.it\/de\/der-strand\/bau-beach\/","title":{"rendered":"Bau Beach"},"content":{"rendered":"\t\t<div data-elementor-type=\"wp-post\" data-elementor-id=\"1515\" class=\"elementor elementor-1515 elementor-373\" data-elementor-post-type=\"page\">\n\t\t\t\t<div class=\"elementor-element elementor-element-5e169a44 e-con-full e-flex e-con e-parent\" data-id=\"5e169a44\" data-element_type=\"container\" data-settings=\"{&quot;background_background&quot;:&quot;classic&quot;}\">\n\t\t\t\t<div class=\"elementor-element elementor-element-3bdb84fc elementor-widget elementor-widget-heading\" data-id=\"3bdb84fc\" data-element_type=\"widget\" data-widget_type=\"heading.default\">\n\t\t\t\t\t<h3 class=\"elementor-heading-title elementor-size-default\">Urlaub ist f\u00fcr alle da \ud83d\ude09<\/h3>\t\t\t\t<\/div>\n\t\t\t\t<div class=\"elementor-element elementor-element-6f160a2 elementor-widget elementor-widget-heading\" data-id=\"6f160a2\" data-element_type=\"widget\" data-widget_type=\"heading.default\">\n\t\t\t\t\t<h1 class=\"elementor-heading-title elementor-size-default\">Bau Beach<\/h1>\t\t\t\t<\/div>\n\t\t\t\t<div class=\"elementor-element elementor-element-17c201b elementor-align-center elementor-widget elementor-widget-breadcrumbs\" data-id=\"17c201b\" data-element_type=\"widget\" data-widget_type=\"breadcrumbs.default\">\n\t\t\t\t\t<p id=\"breadcrumbs\"><span><span><a href=\"https:\/\/caorlespiaggia.it\/de\/startseite\/\">Startseite<\/a><\/span><\/span><\/p>\t\t\t\t<\/div>\n\t\t\t\t<\/div>\n\t\t<div class=\"elementor-element elementor-element-1c907191 e-con-full e-flex e-con e-parent\" data-id=\"1c907191\" data-element_type=\"container\">\n\t\t<div class=\"elementor-element elementor-element-14ece124 e-con-full e-flex e-con e-child\" data-id=\"14ece124\" data-element_type=\"container\" data-settings=\"{&quot;background_background&quot;:&quot;slideshow&quot;,&quot;background_slideshow_gallery&quot;:[{&quot;id&quot;:311,&quot;url&quot;:&quot;https:\\\/\\\/caorlespiaggia.it\\\/wp-content\\\/uploads\\\/2025\\\/08\\\/it_bau-beach_2.jpg&quot;},{&quot;id&quot;:647,&quot;url&quot;:&quot;https:\\\/\\\/caorlespiaggia.it\\\/wp-content\\\/uploads\\\/2025\\\/08\\\/spiaggia-1.jpg&quot;},{&quot;id&quot;:376,&quot;url&quot;:&quot;https:\\\/\\\/caorlespiaggia.it\\\/wp-content\\\/uploads\\\/2025\\\/08\\\/it_bau-beach_9-1-1.jpg&quot;},{&quot;id&quot;:377,&quot;url&quot;:&quot;https:\\\/\\\/caorlespiaggia.it\\\/wp-content\\\/uploads\\\/2025\\\/08\\\/bau-beach-4.jpeg&quot;},{&quot;id&quot;:378,&quot;url&quot;:&quot;https:\\\/\\\/caorlespiaggia.it\\\/wp-content\\\/uploads\\\/2025\\\/08\\\/bau-beach-3.jpeg&quot;}],&quot;background_slideshow_loop&quot;:&quot;yes&quot;,&quot;background_slideshow_slide_duration&quot;:5000,&quot;background_slideshow_slide_transition&quot;:&quot;fade&quot;,&quot;background_slideshow_transition_duration&quot;:500}\">\n\t\t\t\t<\/div>\n\t\t<div class=\"elementor-element elementor-element-f90a37b e-flex e-con-boxed e-con e-child\" data-id=\"f90a37b\" data-element_type=\"container\">\n\t\t\t\t\t<div class=\"e-con-inner\">\n\t\t\t\t<div class=\"elementor-element elementor-element-34a26ea2 elementor-widget elementor-widget-text-editor\" data-id=\"34a26ea2\" data-element_type=\"widget\" data-widget_type=\"text-editor.default\">\n\t\t\t\t\t\t\t\t\t<p class=\"brz-tp-lg-paragraph brz-text-lg-justify brz-css-nt0iw\" data-generated-css=\"brz-css-oWtBr\" data-uniq-id=\"la66Y\"><span class=\"brz-cp-color7\">Auch der Strand von Caorle hat seinen eigenen ausgestatteten und komfortablen Bereich f\u00fcr Hunde und andere Haustiere.<\/span><\/p><p class=\"brz-tp-lg-paragraph brz-text-lg-justify brz-css-eDHK2\" data-generated-css=\"brz-css-wHhDK\" data-uniq-id=\"oV6ds\"><span class=\"brz-cp-color7\">Der \u201eBAU BEACH\u201c ist ein Bereich, der f\u00fcr alle Touristen gedacht ist, die die Freude an einem Urlaub am Meer von Caorle mit der Freude teilen m\u00f6chten, gl\u00fcckliche Momente der Entspannung mit ihren vierbeinigen Freunden zu verbringen.<\/span><\/p><p class=\"brz-tp-lg-paragraph brz-text-lg-justify brz-css-c3mlp\" data-uniq-id=\"u8fxi\" data-generated-css=\"brz-css-dTKej\"><span class=\"brz-cp-color7\">Wenn auch Sie Besitzer eines oder mehrerer Hunde sind, in den Urlaub fahren m\u00f6chten und Ihre Tiere nicht zu Hause lassen m\u00f6chten, ist dieser Strandbereich genau das Richtige f\u00fcr Sie: Der Bau Beach wurde speziell f\u00fcr die Aufnahme von gew\u00f6hnlichen Haustieren (Hunden, Katzen) konzipiert. Hier k\u00f6nnen Besitzer und Tiere f\u00fcr den gew\u00fcnschten Zeitraum (t\u00e4glich, w\u00f6chentlich, Zeitraum) mit einem eigenen Strandplatz verweilen. <\/span><\/p>\t\t\t\t\t\t\t\t<\/div>\n\t\t\t\t\t<\/div>\n\t\t\t\t<\/div>\n\t\t\t\t<\/div>\n\t\t<div class=\"elementor-element elementor-element-65705f13 e-con-full e-flex e-con e-parent\" data-id=\"65705f13\" data-element_type=\"container\">\n\t\t<div class=\"elementor-element elementor-element-904eac7 e-con-full e-flex e-con e-child\" data-id=\"904eac7\" data-element_type=\"container\" data-settings=\"{&quot;background_background&quot;:&quot;classic&quot;}\">\n\t\t\t\t<div class=\"elementor-element elementor-element-18ffeff elementor-widget elementor-widget-image\" data-id=\"18ffeff\" data-element_type=\"widget\" data-widget_type=\"image.default\">\n\t\t\t\t\t\t\t\t\t\t\t\t\t\t\t<img fetchpriority=\"high\" decoding=\"async\" width=\"800\" height=\"660\" src=\"https:\/\/caorlespiaggia.it\/wp-content\/uploads\/2025\/08\/mappa-baubeach-1024x845.jpg\" class=\"attachment-large size-large wp-image-1254\" alt=\"\" srcset=\"https:\/\/caorlespiaggia.it\/wp-content\/uploads\/2025\/08\/mappa-baubeach-1024x845.jpg 1024w, https:\/\/caorlespiaggia.it\/wp-content\/uploads\/2025\/08\/mappa-baubeach-300x248.jpg 300w, https:\/\/caorlespiaggia.it\/wp-content\/uploads\/2025\/08\/mappa-baubeach-768x634.jpg 768w, https:\/\/caorlespiaggia.it\/wp-content\/uploads\/2025\/08\/mappa-baubeach.jpg 1031w\" sizes=\"(max-width: 800px) 100vw, 800px\" \/>\t\t\t\t\t\t\t\t\t\t\t\t\t\t\t<\/div>\n\t\t\t\t<\/div>\n\t\t<div class=\"elementor-element elementor-element-7cb125ad e-con-full e-flex e-con e-child\" data-id=\"7cb125ad\" data-element_type=\"container\" data-settings=\"{&quot;background_background&quot;:&quot;classic&quot;}\">\n\t\t<div class=\"elementor-element elementor-element-1faecd44 e-con-full e-flex e-con e-child\" data-id=\"1faecd44\" data-element_type=\"container\">\n\t\t<div class=\"elementor-element elementor-element-68404612 e-con-full e-flex e-con e-child\" data-id=\"68404612\" data-element_type=\"container\">\n\t\t\t\t<div class=\"elementor-element elementor-element-579d53f elementor-widget elementor-widget-text-editor\" data-id=\"579d53f\" data-element_type=\"widget\" data-widget_type=\"text-editor.default\">\n\t\t\t\t\t\t\t\t\t<div id=\"\" class=\"brz-css-qeyrU brz-wrapper\"><div class=\"brz-rich-text brz-rich-text__custom brz-css-fefEw\" data-brz-custom-id=\"hvdtnqmdfnjgqmobtifizrstsfjndenwuzco\"><div data-brz-translate-text=\"1\"><p class=\"brz-tp-lg-paragraph brz-text-lg-justify brz-css-hfzxi\" data-uniq-id=\"mZJj9\" data-generated-css=\"brz-css-udhuv\"><span class=\"brz-cp-color7\">In Caorle haben wir zwei \u201eBau Beaches\u201c: Eine befindet sich im Bereich White Oasis am Ende des Lungomare Trieste, Spiaggia di Levante, direkt nach dem Bereich Nr. 9; die andere befindet sich im Bereich Green Oasis, Spiaggia di Ponente, gegen\u00fcber dem Campingplatz Caorle Santa Margherita, in der N\u00e4he des Leuchtturms. <\/span><\/p><p class=\"brz-tp-lg-paragraph brz-text-lg-justify brz-css-xKn2t\" data-uniq-id=\"yiwAc\" data-generated-css=\"brz-css-h2FEM\"><span class=\"brz-cp-color7\">Um den Service nutzen zu k\u00f6nnen, m\u00fcssen die Eigent\u00fcmer die am \u201eEingang des reservierten Bereichs (zu dem man mit dem\u201c angeleinten Tier Zugang hat) ausgeh\u00e4ngten Bestimmungen befolgen.<\/span><\/p><p class=\"brz-tp-lg-paragraph brz-text-lg-justify brz-css-kHemP\" data-uniq-id=\"buieq\" data-generated-css=\"brz-css-yg1D5\"><span class=\"brz-cp-color7\">Am \u201eBau Beach\u201c gibt es auch einen Bademeister. Um einen Strandplatz zu erwerben oder zu reservieren, k\u00f6nnen Sie sich an den Bademeister selbst wenden oder online vorgehen. <\/span><\/p><\/div><\/div><\/div>\t\t\t\t\t\t\t\t<\/div>\n\t\t\t\t<\/div>\n\t\t\t\t<\/div>\n\t\t\t\t<\/div>\n\t\t\t\t<\/div>\n\t\t<div class=\"elementor-element elementor-element-c63d922 e-con-full e-flex e-con e-parent\" data-id=\"c63d922\" data-element_type=\"container\">\n\t\t<div class=\"elementor-element elementor-element-8c86733 e-con-full e-flex e-con e-child\" data-id=\"8c86733\" data-element_type=\"container\" data-settings=\"{&quot;background_background&quot;:&quot;classic&quot;}\">\n\t\t\t\t<\/div>\n\t\t<div class=\"elementor-element elementor-element-df21392 e-con-full e-flex e-con e-child\" data-id=\"df21392\" data-element_type=\"container\" data-settings=\"{&quot;background_background&quot;:&quot;classic&quot;}\">\n\t\t\t\t<div class=\"elementor-element elementor-element-44256e9 elementor-widget elementor-widget-image\" data-id=\"44256e9\" data-element_type=\"widget\" data-widget_type=\"image.default\">\n\t\t\t\t\t\t\t\t\t\t\t\t\t\t\t<img decoding=\"async\" width=\"724\" height=\"1024\" src=\"https:\/\/caorlespiaggia.it\/wp-content\/uploads\/2025\/08\/INFO-BAU-BEACH-724x1024.jpg\" class=\"attachment-large size-large wp-image-1252\" alt=\"\" srcset=\"https:\/\/caorlespiaggia.it\/wp-content\/uploads\/2025\/08\/INFO-BAU-BEACH-724x1024.jpg 724w, https:\/\/caorlespiaggia.it\/wp-content\/uploads\/2025\/08\/INFO-BAU-BEACH-212x300.jpg 212w, https:\/\/caorlespiaggia.it\/wp-content\/uploads\/2025\/08\/INFO-BAU-BEACH-768x1086.jpg 768w, https:\/\/caorlespiaggia.it\/wp-content\/uploads\/2025\/08\/INFO-BAU-BEACH-1086x1536.jpg 1086w, https:\/\/caorlespiaggia.it\/wp-content\/uploads\/2025\/08\/INFO-BAU-BEACH-1448x2048.jpg 1448w, https:\/\/caorlespiaggia.it\/wp-content\/uploads\/2025\/08\/INFO-BAU-BEACH.jpg 1587w\" sizes=\"(max-width: 724px) 100vw, 724px\" \/>\t\t\t\t\t\t\t\t\t\t\t\t\t\t\t<\/div>\n\t\t\t\t<\/div>\n\t\t<div class=\"elementor-element elementor-element-1f025c9 e-con-full e-flex e-con e-child\" data-id=\"1f025c9\" data-element_type=\"container\" data-settings=\"{&quot;background_background&quot;:&quot;classic&quot;}\">\n\t\t<div class=\"elementor-element elementor-element-4be1a51 e-con-full e-flex e-con e-child\" data-id=\"4be1a51\" data-element_type=\"container\">\n\t\t<div class=\"elementor-element elementor-element-a6d103e e-con-full e-flex e-con e-child\" data-id=\"a6d103e\" data-element_type=\"container\">\n\t\t\t\t<div class=\"elementor-element elementor-element-e0ae7f3 elementor-widget elementor-widget-heading\" data-id=\"e0ae7f3\" data-element_type=\"widget\" data-widget_type=\"heading.default\">\n\t\t\t\t\t<h2 class=\"elementor-heading-title elementor-size-default\">N\u00fctzliche Informationen.<\/h2>\t\t\t\t<\/div>\n\t\t\t\t<div class=\"elementor-element elementor-element-e8f9100 elementor-widget elementor-widget-text-editor\" data-id=\"e8f9100\" data-element_type=\"widget\" data-widget_type=\"text-editor.default\">\n\t\t\t\t\t\t\t\t\t<div id=\"\" class=\"brz-css-qeyrU brz-wrapper\"><div class=\"brz-rich-text brz-rich-text__custom brz-css-fefEw\" data-brz-custom-id=\"hvdtnqmdfnjgqmobtifizrstsfjndenwuzco\"><div data-brz-translate-text=\"1\"><p class=\"brz-tp-lg-paragraph brz-css-xtiCS\" data-uniq-id=\"mAYBU\" data-generated-css=\"brz-css-vreBR\"><a class=\"link--external brz-cp-color4\" href=\"https:\/\/caorlespiaggia.it\/it\/regolamento-baubeach-it\/\" target=\"_blank\" rel=\"noopener\" data-brz-link-type=\"external\">Bau Beach Verordnung<\/a><\/p><p class=\"brz-tp-lg-paragraph brz-css-pKClC\" data-uniq-id=\"cJJiG\" data-generated-css=\"brz-css-dhYZ2\"><a class=\"link--external brz-cp-color4\" href=\"https:\/\/caorlespiaggia.it\/it\/vademecum\/\" target=\"_blank\" rel=\"noopener\" data-brz-link-type=\"external\">Vademecum<\/a><\/p><p class=\"brz-tp-lg-paragraph brz-css-aIcpz\" data-uniq-id=\"tY8Rd\" data-generated-css=\"brz-css-xPYB_\"> <span class=\"brz-cp-color4 brz-span\">M<\/span><a class=\"brz-cp-color4 link--external\" href=\"https:\/\/caorlespiaggia.it\/it\/infograficabaubeach\/\" target=\"_blank\" rel=\"noopener\" data-brz-link-type=\"external\">emo<\/a><\/p><p class=\"brz-tp-lg-paragraph brz-css-wUpUs\" data-uniq-id=\"kYM8a\" data-generated-css=\"brz-css-aglbK\"><a class=\"brz-cp-color4 link--external\" href=\"https:\/\/www.comune.caorle.ve.it\/wp-content\/uploads\/2024\/12\/ordinanza_animali_0714.pdf\" target=\"_blank\" rel=\"noopener\" data-brz-link-type=\"external\">Verordnung der Gemeinde Caorle <\/a><\/p><p class=\"brz-tp-lg-paragraph brz-css-w3aRP\" data-uniq-id=\"j0BEc\" data-generated-css=\"brz-css-sg8za\"><a class=\"link--external\" href=\"https:\/\/caorlespiaggia.it\/it\/autocertificazione-cani-it\/\" target=\"_blank\" rel=\"noopener\" data-brz-link-type=\"external\">Eigenerkl\u00e4rung Hunde<\/a><\/p><\/div><\/div><\/div>\t\t\t\t\t\t\t\t<\/div>\n\t\t\t\t<\/div>\n\t\t\t\t<\/div>\n\t\t\t\t<\/div>\n\t\t\t\t<\/div>\n\t\t\t\t<\/div>\n\t\t","protected":false},"excerpt":{"rendered":"<p>Urlaub ist f\u00fcr alle da \ud83d\ude09 Bau Beach Auch der Strand von Caorle hat seinen eigenen ausgestatteten und komfortablen Bereich f\u00fcr Hunde und andere Haustiere. Der \u201eBAU BEACH\u201c ist ein Bereich, der f\u00fcr alle Touristen gedacht ist, die die Freude an einem Urlaub am Meer von Caorle mit der Freude teilen m\u00f6chten, gl\u00fcckliche Momente der [&hellip;]<\/p>\n","protected":false},"author":1,"featured_media":0,"parent":1502,"menu_order":0,"comment_status":"closed","ping_status":"closed","template":"elementor_header_footer","meta":{"_acf_changed":false,"footnotes":""},"class_list":["post-1515","page","type-page","status-publish","hentry"],"acf":[],"yoast_head":"<!-- This site is optimized with the Yoast SEO plugin v26.7 - https:\/\/yoast.com\/wordpress\/plugins\/seo\/ -->\n<title>Bau Beach - Caorle Spiaggia<\/title>\n<meta name=\"robots\" content=\"index, follow, max-snippet:-1, max-image-preview:large, max-video-preview:-1\" \/>\n<link rel=\"canonical\" href=\"https:\/\/caorlespiaggia.it\/de\/der-strand\/bau-beach\/\" \/>\n<meta property=\"og:locale\" content=\"de_DE\" \/>\n<meta property=\"og:type\" content=\"article\" \/>\n<meta property=\"og:title\" content=\"Bau Beach - Caorle Spiaggia\" \/>\n<meta property=\"og:description\" content=\"Urlaub ist f\u00fcr alle da \ud83d\ude09 Bau Beach Auch der Strand von Caorle hat seinen eigenen ausgestatteten und komfortablen Bereich f\u00fcr Hunde und andere Haustiere. Der \u201eBAU BEACH\u201c ist ein Bereich, der f\u00fcr alle Touristen gedacht ist, die die Freude an einem Urlaub am Meer von Caorle mit der Freude teilen m\u00f6chten, gl\u00fcckliche Momente der [&hellip;]\" \/>\n<meta property=\"og:url\" content=\"https:\/\/caorlespiaggia.it\/de\/der-strand\/bau-beach\/\" \/>\n<meta property=\"og:site_name\" content=\"Caorle Spiaggia\" \/>\n<meta property=\"article:modified_time\" content=\"2025-08-13T14:05:32+00:00\" \/>\n<meta property=\"og:image\" content=\"https:\/\/caorlespiaggia.it\/wp-content\/uploads\/2025\/08\/mappa-baubeach.jpg\" \/>\n\t<meta property=\"og:image:width\" content=\"1031\" \/>\n\t<meta property=\"og:image:height\" content=\"851\" \/>\n\t<meta property=\"og:image:type\" content=\"image\/jpeg\" \/>\n<meta name=\"twitter:card\" content=\"summary_large_image\" \/>\n<meta name=\"twitter:label1\" content=\"Gesch\u00e4tzte Lesezeit\" \/>\n\t<meta name=\"twitter:data1\" content=\"1\u00a0Minute\" \/>\n<script type=\"application\/ld+json\" class=\"yoast-schema-graph\">{\"@context\":\"https:\/\/schema.org\",\"@graph\":[{\"@type\":\"WebPage\",\"@id\":\"https:\/\/caorlespiaggia.it\/de\/der-strand\/bau-beach\/\",\"url\":\"https:\/\/caorlespiaggia.it\/de\/der-strand\/bau-beach\/\",\"name\":\"Bau Beach - Caorle Spiaggia\",\"isPartOf\":{\"@id\":\"https:\/\/caorlespiaggia.it\/de\/#website\"},\"primaryImageOfPage\":{\"@id\":\"https:\/\/caorlespiaggia.it\/de\/der-strand\/bau-beach\/#primaryimage\"},\"image\":{\"@id\":\"https:\/\/caorlespiaggia.it\/de\/der-strand\/bau-beach\/#primaryimage\"},\"thumbnailUrl\":\"https:\/\/caorlespiaggia.it\/wp-content\/uploads\/2025\/08\/mappa-baubeach-1024x845.jpg\",\"datePublished\":\"2025-08-04T07:59:11+00:00\",\"dateModified\":\"2025-08-13T14:05:32+00:00\",\"breadcrumb\":{\"@id\":\"https:\/\/caorlespiaggia.it\/de\/der-strand\/bau-beach\/#breadcrumb\"},\"inLanguage\":\"de\",\"potentialAction\":[{\"@type\":\"ReadAction\",\"target\":[\"https:\/\/caorlespiaggia.it\/de\/der-strand\/bau-beach\/\"]}]},{\"@type\":\"ImageObject\",\"inLanguage\":\"de\",\"@id\":\"https:\/\/caorlespiaggia.it\/de\/der-strand\/bau-beach\/#primaryimage\",\"url\":\"https:\/\/caorlespiaggia.it\/wp-content\/uploads\/2025\/08\/mappa-baubeach-1024x845.jpg\",\"contentUrl\":\"https:\/\/caorlespiaggia.it\/wp-content\/uploads\/2025\/08\/mappa-baubeach-1024x845.jpg\"},{\"@type\":\"BreadcrumbList\",\"@id\":\"https:\/\/caorlespiaggia.it\/de\/der-strand\/bau-beach\/#breadcrumb\",\"itemListElement\":[{\"@type\":\"ListItem\",\"position\":1,\"name\":\"Startseite\",\"item\":\"https:\/\/caorlespiaggia.it\/de\/startseite\/\"},{\"@type\":\"ListItem\",\"position\":2,\"name\":\"Der Strand\",\"item\":\"https:\/\/caorlespiaggia.it\/de\/der-strand\/\"},{\"@type\":\"ListItem\",\"position\":3,\"name\":\"Bau Beach\"}]},{\"@type\":\"WebSite\",\"@id\":\"https:\/\/caorlespiaggia.it\/de\/#website\",\"url\":\"https:\/\/caorlespiaggia.it\/de\/\",\"name\":\"Caorle Spiaggia\",\"description\":\"\",\"publisher\":{\"@id\":\"https:\/\/caorlespiaggia.it\/de\/#organization\"},\"potentialAction\":[{\"@type\":\"SearchAction\",\"target\":{\"@type\":\"EntryPoint\",\"urlTemplate\":\"https:\/\/caorlespiaggia.it\/de\/?s={search_term_string}\"},\"query-input\":{\"@type\":\"PropertyValueSpecification\",\"valueRequired\":true,\"valueName\":\"search_term_string\"}}],\"inLanguage\":\"de\"},{\"@type\":\"Organization\",\"@id\":\"https:\/\/caorlespiaggia.it\/de\/#organization\",\"name\":\"Caorle Strand\",\"alternateName\":\"Consorzio Arenili Caorle\",\"url\":\"https:\/\/caorlespiaggia.it\/de\/\",\"logo\":{\"@type\":\"ImageObject\",\"inLanguage\":\"de\",\"@id\":\"https:\/\/caorlespiaggia.it\/de\/#\/schema\/logo\/image\/\",\"url\":\"https:\/\/caorlespiaggia.it\/wp-content\/uploads\/2025\/07\/logo.png\",\"contentUrl\":\"https:\/\/caorlespiaggia.it\/wp-content\/uploads\/2025\/07\/logo.png\",\"width\":1080,\"height\":1080,\"caption\":\"Caorle Strand\"},\"image\":{\"@id\":\"https:\/\/caorlespiaggia.it\/de\/#\/schema\/logo\/image\/\"}}]}<\/script>\n<!-- \/ Yoast SEO plugin. -->","yoast_head_json":{"title":"Bau Beach - Caorle Spiaggia","robots":{"index":"index","follow":"follow","max-snippet":"max-snippet:-1","max-image-preview":"max-image-preview:large","max-video-preview":"max-video-preview:-1"},"canonical":"https:\/\/caorlespiaggia.it\/de\/der-strand\/bau-beach\/","og_locale":"de_DE","og_type":"article","og_title":"Bau Beach - Caorle Spiaggia","og_description":"Urlaub ist f\u00fcr alle da \ud83d\ude09 Bau Beach Auch der Strand von Caorle hat seinen eigenen ausgestatteten und komfortablen Bereich f\u00fcr Hunde und andere Haustiere. Der \u201eBAU BEACH\u201c ist ein Bereich, der f\u00fcr alle Touristen gedacht ist, die die Freude an einem Urlaub am Meer von Caorle mit der Freude teilen m\u00f6chten, gl\u00fcckliche Momente der [&hellip;]","og_url":"https:\/\/caorlespiaggia.it\/de\/der-strand\/bau-beach\/","og_site_name":"Caorle Spiaggia","article_modified_time":"2025-08-13T14:05:32+00:00","og_image":[{"width":1031,"height":851,"url":"https:\/\/caorlespiaggia.it\/wp-content\/uploads\/2025\/08\/mappa-baubeach.jpg","type":"image\/jpeg"}],"twitter_card":"summary_large_image","twitter_misc":{"Gesch\u00e4tzte Lesezeit":"1\u00a0Minute"},"schema":{"@context":"https:\/\/schema.org","@graph":[{"@type":"WebPage","@id":"https:\/\/caorlespiaggia.it\/de\/der-strand\/bau-beach\/","url":"https:\/\/caorlespiaggia.it\/de\/der-strand\/bau-beach\/","name":"Bau Beach - Caorle Spiaggia","isPartOf":{"@id":"https:\/\/caorlespiaggia.it\/de\/#website"},"primaryImageOfPage":{"@id":"https:\/\/caorlespiaggia.it\/de\/der-strand\/bau-beach\/#primaryimage"},"image":{"@id":"https:\/\/caorlespiaggia.it\/de\/der-strand\/bau-beach\/#primaryimage"},"thumbnailUrl":"https:\/\/caorlespiaggia.it\/wp-content\/uploads\/2025\/08\/mappa-baubeach-1024x845.jpg","datePublished":"2025-08-04T07:59:11+00:00","dateModified":"2025-08-13T14:05:32+00:00","breadcrumb":{"@id":"https:\/\/caorlespiaggia.it\/de\/der-strand\/bau-beach\/#breadcrumb"},"inLanguage":"de","potentialAction":[{"@type":"ReadAction","target":["https:\/\/caorlespiaggia.it\/de\/der-strand\/bau-beach\/"]}]},{"@type":"ImageObject","inLanguage":"de","@id":"https:\/\/caorlespiaggia.it\/de\/der-strand\/bau-beach\/#primaryimage","url":"https:\/\/caorlespiaggia.it\/wp-content\/uploads\/2025\/08\/mappa-baubeach-1024x845.jpg","contentUrl":"https:\/\/caorlespiaggia.it\/wp-content\/uploads\/2025\/08\/mappa-baubeach-1024x845.jpg"},{"@type":"BreadcrumbList","@id":"https:\/\/caorlespiaggia.it\/de\/der-strand\/bau-beach\/#breadcrumb","itemListElement":[{"@type":"ListItem","position":1,"name":"Startseite","item":"https:\/\/caorlespiaggia.it\/de\/startseite\/"},{"@type":"ListItem","position":2,"name":"Der Strand","item":"https:\/\/caorlespiaggia.it\/de\/der-strand\/"},{"@type":"ListItem","position":3,"name":"Bau Beach"}]},{"@type":"WebSite","@id":"https:\/\/caorlespiaggia.it\/de\/#website","url":"https:\/\/caorlespiaggia.it\/de\/","name":"Caorle Spiaggia","description":"","publisher":{"@id":"https:\/\/caorlespiaggia.it\/de\/#organization"},"potentialAction":[{"@type":"SearchAction","target":{"@type":"EntryPoint","urlTemplate":"https:\/\/caorlespiaggia.it\/de\/?s={search_term_string}"},"query-input":{"@type":"PropertyValueSpecification","valueRequired":true,"valueName":"search_term_string"}}],"inLanguage":"de"},{"@type":"Organization","@id":"https:\/\/caorlespiaggia.it\/de\/#organization","name":"Caorle Strand","alternateName":"Consorzio Arenili Caorle","url":"https:\/\/caorlespiaggia.it\/de\/","logo":{"@type":"ImageObject","inLanguage":"de","@id":"https:\/\/caorlespiaggia.it\/de\/#\/schema\/logo\/image\/","url":"https:\/\/caorlespiaggia.it\/wp-content\/uploads\/2025\/07\/logo.png","contentUrl":"https:\/\/caorlespiaggia.it\/wp-content\/uploads\/2025\/07\/logo.png","width":1080,"height":1080,"caption":"Caorle Strand"},"image":{"@id":"https:\/\/caorlespiaggia.it\/de\/#\/schema\/logo\/image\/"}}]}},"_links":{"self":[{"href":"https:\/\/caorlespiaggia.it\/de\/wp-json\/wp\/v2\/pages\/1515","targetHints":{"allow":["GET"]}}],"collection":[{"href":"https:\/\/caorlespiaggia.it\/de\/wp-json\/wp\/v2\/pages"}],"about":[{"href":"https:\/\/caorlespiaggia.it\/de\/wp-json\/wp\/v2\/types\/page"}],"author":[{"embeddable":true,"href":"https:\/\/caorlespiaggia.it\/de\/wp-json\/wp\/v2\/users\/1"}],"replies":[{"embeddable":true,"href":"https:\/\/caorlespiaggia.it\/de\/wp-json\/wp\/v2\/comments?post=1515"}],"version-history":[{"count":1,"href":"https:\/\/caorlespiaggia.it\/de\/wp-json\/wp\/v2\/pages\/1515\/revisions"}],"predecessor-version":[{"id":1516,"href":"https:\/\/caorlespiaggia.it\/de\/wp-json\/wp\/v2\/pages\/1515\/revisions\/1516"}],"up":[{"embeddable":true,"href":"https:\/\/caorlespiaggia.it\/de\/wp-json\/wp\/v2\/pages\/1502"}],"wp:attachment":[{"href":"https:\/\/caorlespiaggia.it\/de\/wp-json\/wp\/v2\/media?parent=1515"}],"curies":[{"name":"wp","href":"https:\/\/api.w.org\/{rel}","templated":true}]}}