{"id":1548,"date":"2025-07-24T14:03:09","date_gmt":"2025-07-24T14:03:09","guid":{"rendered":"https:\/\/caorlespiaggia.it\/ueber-uns\/"},"modified":"2025-08-18T08:51:08","modified_gmt":"2025-08-18T08:51:08","slug":"ueber-uns","status":"publish","type":"page","link":"https:\/\/caorlespiaggia.it\/de\/ueber-uns\/","title":{"rendered":"\u00dcber uns"},"content":{"rendered":"\t\t<div data-elementor-type=\"wp-post\" data-elementor-id=\"1548\" class=\"elementor elementor-1548 elementor-48\" data-elementor-post-type=\"page\">\n\t\t\t\t<div class=\"elementor-element elementor-element-5e169a44 e-con-full e-flex e-con e-parent\" data-id=\"5e169a44\" data-element_type=\"container\" data-settings=\"{&quot;background_background&quot;:&quot;classic&quot;}\">\n\t\t\t\t<div class=\"elementor-element elementor-element-3bdb84fc elementor-widget elementor-widget-heading\" data-id=\"3bdb84fc\" data-element_type=\"widget\" data-widget_type=\"heading.default\">\n\t\t\t\t\t<h3 class=\"elementor-heading-title elementor-size-default\">Consorzio Arenili Caorle<\/h3>\t\t\t\t<\/div>\n\t\t\t\t<div class=\"elementor-element elementor-element-6f160a2 elementor-widget elementor-widget-heading\" data-id=\"6f160a2\" data-element_type=\"widget\" data-widget_type=\"heading.default\">\n\t\t\t\t\t<h1 class=\"elementor-heading-title elementor-size-default\">Wer wir sind.<\/h1>\t\t\t\t<\/div>\n\t\t\t\t<\/div>\n\t\t<div class=\"elementor-element elementor-element-1c907191 e-con-full e-flex e-con e-parent\" data-id=\"1c907191\" data-element_type=\"container\">\n\t\t<div class=\"elementor-element elementor-element-14ece124 e-con-full e-flex e-con e-child\" data-id=\"14ece124\" data-element_type=\"container\" data-settings=\"{&quot;background_background&quot;:&quot;classic&quot;}\">\n\t\t\t\t<\/div>\n\t\t<div class=\"elementor-element elementor-element-7ddcc89 e-con-full e-flex e-con e-child\" data-id=\"7ddcc89\" data-element_type=\"container\" data-settings=\"{&quot;background_background&quot;:&quot;classic&quot;}\">\n\t\t<div class=\"elementor-element elementor-element-753fb355 e-con-full e-flex e-con e-child\" data-id=\"753fb355\" data-element_type=\"container\">\n\t\t\t\t<div class=\"elementor-element elementor-element-473515e4 elementor-widget-mobile__width-initial elementor-widget elementor-widget-image\" data-id=\"473515e4\" data-element_type=\"widget\" data-widget_type=\"image.default\">\n\t\t\t\t\t\t\t\t\t\t\t\t\t\t\t<img fetchpriority=\"high\" decoding=\"async\" width=\"1080\" height=\"1080\" src=\"https:\/\/caorlespiaggia.it\/wp-content\/uploads\/2025\/07\/logo.png\" class=\"attachment-full size-full wp-image-1176\" alt=\"\" srcset=\"https:\/\/caorlespiaggia.it\/wp-content\/uploads\/2025\/07\/logo.png 1080w, https:\/\/caorlespiaggia.it\/wp-content\/uploads\/2025\/07\/logo-300x300.png 300w, https:\/\/caorlespiaggia.it\/wp-content\/uploads\/2025\/07\/logo-1024x1024.png 1024w, https:\/\/caorlespiaggia.it\/wp-content\/uploads\/2025\/07\/logo-150x150.png 150w, https:\/\/caorlespiaggia.it\/wp-content\/uploads\/2025\/07\/logo-768x768.png 768w\" sizes=\"(max-width: 1080px) 100vw, 1080px\" \/>\t\t\t\t\t\t\t\t\t\t\t\t\t\t\t<\/div>\n\t\t\t\t<\/div>\n\t\t<div class=\"elementor-element elementor-element-55c1ab9c e-con-full e-flex e-con e-child\" data-id=\"55c1ab9c\" data-element_type=\"container\">\n\t\t\t\t<div class=\"elementor-element elementor-element-34a26ea2 elementor-widget elementor-widget-text-editor\" data-id=\"34a26ea2\" data-element_type=\"widget\" data-widget_type=\"text-editor.default\">\n\t\t\t\t\t\t\t\t\t<p class=\"brz-tp-lg-paragraph brz-css-eE5Y4\" data-uniq-id=\"tuciz\" data-generated-css=\"brz-css-nvqlg\"><span class=\"brz-cp-color7\">Das <\/span><strong class=\"brz-cp-color7\">CONSORZIO ARENILI CAORLE<\/strong><span class=\"brz-cp-color7\">  srl wurde 1977 gegr\u00fcndet und vereint die zahlreichen Konzessionen der einzelnen Hotels unter einem Dach. Mitglieder des Konsortiums sind die Gemeinde Caorle und wichtige Verb\u00e4nde wie der Handelsverband und der Hotelierverband. <\/span><\/p><p class=\"brz-tp-lg-paragraph brz-css-wxVOG\" data-uniq-id=\"qdadw\" data-generated-css=\"brz-css-hvgvy\"><span class=\"brz-cp-color7\">Aufgabe und Ziel des Konsortiums ist die Verwaltung der Stranddienstleistungen an der K\u00fcste. Im Einzelnen werden folgende Dienstleistungen erbracht:<\/span><\/p><ul><li class=\"brz-tp-lg-paragraph brz-css-rJdkF\" data-uniq-id=\"iveuv\" data-generated-css=\"brz-css-zrbai\"><span class=\"brz-cp-color7\">RETTUNGSDIENST AM STRAND<\/span><\/li><li class=\"brz-tp-lg-paragraph brz-css-rJdkF\" data-uniq-id=\"iveuv\" data-generated-css=\"brz-css-zrbai\">REINIGUNG DER STRANDZONE<\/li><li class=\"brz-tp-lg-paragraph brz-css-rJdkF\" data-uniq-id=\"iveuv\" data-generated-css=\"brz-css-zrbai\">VERWALTUNG DER STRANDABSCHNITTE<\/li><li class=\"brz-tp-lg-paragraph brz-css-rJdkF\" data-uniq-id=\"iveuv\" data-generated-css=\"brz-css-zrbai\">ERSTE-HILFE-DIENST<\/li><\/ul>\t\t\t\t\t\t\t\t<\/div>\n\t\t\t\t<\/div>\n\t\t\t\t<\/div>\n\t\t\t\t<\/div>\n\t\t<div class=\"elementor-element elementor-element-65f718eb e-con-full e-flex e-con e-parent\" data-id=\"65f718eb\" data-element_type=\"container\" data-settings=\"{&quot;background_background&quot;:&quot;classic&quot;}\">\n\t\t<div class=\"elementor-element elementor-element-22ddc559 e-con-full e-flex e-con e-child\" data-id=\"22ddc559\" data-element_type=\"container\">\n\t\t\t\t<div class=\"elementor-element elementor-element-6c08eae4 elementor-widget elementor-widget-heading\" data-id=\"6c08eae4\" data-element_type=\"widget\" data-widget_type=\"heading.default\">\n\t\t\t\t\t<h4 class=\"elementor-heading-title elementor-size-default\">Unsere Ziele<\/h4>\t\t\t\t<\/div>\n\t\t\t\t<div class=\"elementor-element elementor-element-55a629c4 elementor-widget elementor-widget-heading\" data-id=\"55a629c4\" data-element_type=\"widget\" data-widget_type=\"heading.default\">\n\t\t\t\t\t<h2 class=\"elementor-heading-title elementor-size-default\">Mission.<\/h2>\t\t\t\t<\/div>\n\t\t\t\t<div class=\"elementor-element elementor-element-a93f7b3 elementor-widget elementor-widget-text-editor\" data-id=\"a93f7b3\" data-element_type=\"widget\" data-widget_type=\"text-editor.default\">\n\t\t\t\t\t\t\t\t\t<p>Die Ziele des Konsortiums Die wichtigsten vom Konsortium erreichten Ziele:<\/p><p> <\/p><p class=\"brz-tp-lg-paragraph brz-css-mA6EO\" data-uniq-id=\"nlhvd\" data-generated-css=\"brz-css-mdzid\"><span class=\"brz-cp-color7\">Erbringung hochwertiger Dienstleistungen, die die Kunden zufriedenstellen<\/span><\/p><p class=\"brz-tp-lg-paragraph brz-css-pFhXz\" data-uniq-id=\"ysaeu\" data-generated-css=\"brz-css-omcnz\"><span class=\"brz-cp-color7\">\u00dcberwachung der Bed\u00fcrfnisse und des Feedbacks der Kunden, um innovative Dienstleistungen zu gew\u00e4hrleisten, die ihren Bed\u00fcrfnissen entsprechen<\/span><\/p><p class=\"brz-tp-lg-paragraph brz-css-vF3l6\" data-uniq-id=\"jrwwl\" data-generated-css=\"brz-css-ttyzm\"><span class=\"brz-cp-color7\">Die Qualit\u00e4tskultur an den Strand bringen<\/span><\/p><p class=\"brz-tp-lg-paragraph brz-css-yMNFa\" data-uniq-id=\"tvqkc\" data-generated-css=\"brz-css-jincj\"><span class=\"brz-cp-color7\">Pflege des eigenen Images, auch durch die Einbeziehung der betroffenen \u00f6ffentlichen Stellen<\/span><\/p><p class=\"brz-tp-lg-paragraph brz-css-gdeD9\" data-uniq-id=\"ofvlj\" data-generated-css=\"brz-css-mbzqh\"><span class=\"brz-cp-color7\">Festlegung und \u00dcberwachung der Qualit\u00e4tsziele in Bezug auf die verschiedenen Unternehmensprozesse unter Einbeziehung der Mitarbeiter durch Sensibilisierung, Schulung und Kommunikation der erreichten Ergebnisse<\/span><\/p><p class=\"brz-tp-lg-paragraph brz-css-q5xjV\" data-uniq-id=\"qoyny\" data-generated-css=\"brz-css-gkkoc\"><span class=\"brz-cp-color7\">\u00dcberpr\u00fcfung und Analyse der Kundenzufriedenheit<\/span><\/p><p class=\"brz-tp-lg-paragraph brz-css-mAMaC\" data-uniq-id=\"tregq\" data-generated-css=\"brz-css-zhhyt\"><span class=\"brz-cp-color7\">\u00dcberwachung und Bearbeitung von Kundenbeschwerden<\/span><\/p><p class=\"brz-tp-lg-paragraph brz-css-uFCY8\" data-uniq-id=\"fixet\" data-generated-css=\"brz-css-tvjiu\"><span class=\"brz-cp-color7\">\u00dcberwachung und Verwaltung der Kosten der mangelnden Qualit\u00e4t<\/span><\/p><p class=\"brz-tp-lg-paragraph brz-css-dUiwB\" data-uniq-id=\"yanzq\" data-generated-css=\"brz-css-rrdlo\"><span class=\"brz-cp-color7\">Festlegung von Verbesserungspl\u00e4nen im Bereich der Qualit\u00e4t und Verwendung von Managementinstrumenten zur Kontrolle der erreichten Ergebnisse<\/span><\/p><p class=\"brz-tp-lg-paragraph brz-css-vfmL7\" data-uniq-id=\"uzzmn\" data-generated-css=\"brz-css-lstsd\"><span class=\"brz-cp-color7\">St\u00e4ndige Beachtung der Bedingungen f\u00fcr Sicherheit am Arbeitsplatz und der Umwelt.<\/span><\/p><p class=\"brz-tp-lg-paragraph brz-css-lseiW\" data-uniq-id=\"aqphq\" data-generated-css=\"brz-css-xiskt\"><span class=\"brz-cp-color7\">Die Direktion des Konsortiums ist davon \u00fcberzeugt, dass diese Ziele nach den Grunds\u00e4tzen der Einbeziehung, der Zusammenarbeit und der Transparenz erreicht werden k\u00f6nnen.<\/span><\/p><p class=\"brz-tp-lg-paragraph brz-css-maRNE\" data-generated-css=\"brz-css-sesvk\" data-uniq-id=\"jdthr\"><span class=\"brz-cp-color7\">Konzessionen CDM 21\/99 &#8211; 03\/14 &#8211; 02\/17 Lizenz\/Genehmigung Nr. 737.<\/span><\/p>\t\t\t\t\t\t\t\t<\/div>\n\t\t\t\t<\/div>\n\t\t\t\t<\/div>\n\t\t<div class=\"elementor-element elementor-element-65705f13 e-con-full e-flex e-con e-parent\" data-id=\"65705f13\" data-element_type=\"container\">\n\t\t<div class=\"elementor-element elementor-element-74c96e51 e-con-full e-flex e-con e-child\" data-id=\"74c96e51\" data-element_type=\"container\" data-settings=\"{&quot;background_background&quot;:&quot;classic&quot;}\">\n\t\t\t\t<\/div>\n\t\t<div class=\"elementor-element elementor-element-7cb125ad e-con-full e-flex e-con e-child\" data-id=\"7cb125ad\" data-element_type=\"container\" data-settings=\"{&quot;background_background&quot;:&quot;classic&quot;}\">\n\t\t\t\t<div class=\"elementor-element elementor-element-583f51c6 elementor-widget elementor-widget-heading\" data-id=\"583f51c6\" data-element_type=\"widget\" data-widget_type=\"heading.default\">\n\t\t\t\t\t<h2 class=\"elementor-heading-title elementor-size-default\">Die Qualit\u00e4t.<\/h2>\t\t\t\t<\/div>\n\t\t<div class=\"elementor-element elementor-element-1faecd44 e-con-full e-flex e-con e-child\" data-id=\"1faecd44\" data-element_type=\"container\">\n\t\t<div class=\"elementor-element elementor-element-68404612 e-con-full e-flex e-con e-child\" data-id=\"68404612\" data-element_type=\"container\">\n\t\t\t\t<div class=\"elementor-element elementor-element-579d53f elementor-widget elementor-widget-text-editor\" data-id=\"579d53f\" data-element_type=\"widget\" data-widget_type=\"text-editor.default\">\n\t\t\t\t\t\t\t\t\t<p class=\"brz-tp-lg-paragraph brz-css-i5CQh\" data-uniq-id=\"xgwpi\" data-generated-css=\"brz-css-dtcwh\"><span class=\"brz-cp-color7\">Die Gew\u00e4hrleistung eines hohen Qualit\u00e4tsstandards der Dienstleistungen am Strand ist das Hauptziel des Consorzio Arenili di Caorle. Alle Bem\u00fchungen des Konsortiums zielen darauf ab, die Kundenzufriedenheit nicht nur durch einen kontinuierlichen Verbesserungsprozess auf der Grundlage der \u201eAnalyse und \u00dcberwachung des Feedbacks, sondern auch durch den\u201c Erwerb internationaler Zertifizierungen zu erreichen. <\/span><\/p><p class=\"brz-tp-lg-paragraph brz-css-kkpV5\" data-generated-css=\"brz-css-ojeai\" data-uniq-id=\"uhyjr\"><span class=\"brz-cp-color7\">\u00c4u\u00dfern Sie Ihre Meinung, indem Sie den \u201e\u201c<\/span><a class=\"link--external brz-cp-color4\" href=\"https:\/\/docs.google.com\/forms\/d\/1HC7vLpDYHBJrrcB_FTi5KW2ZefPlY8d3Jc56GL8Pjco\/edit\" data-brz-link-type=\"external\"><strong>FRAGEBOGEN ZUR KUNDENZUFRIEDENHEIT<\/strong><\/a><span class=\"brz-cp-color7\"> ausf\u00fcllen. <br>Sie k\u00f6nnen Ihren Beitrag zur Verbesserung der angebotenen Dienstleistungen leisten.<\/span><\/p>\t\t\t\t\t\t\t\t<\/div>\n\t\t\t\t<\/div>\n\t\t\t\t<\/div>\n\t\t<div class=\"elementor-element elementor-element-0ed7917 e-con-full e-flex e-con e-child\" data-id=\"0ed7917\" data-element_type=\"container\">\n\t\t<div class=\"elementor-element elementor-element-26351ff e-con-full e-flex e-con e-child\" data-id=\"26351ff\" data-element_type=\"container\">\n\t\t\t\t<div class=\"elementor-element elementor-element-21b07e5 elementor-widget elementor-widget-heading\" data-id=\"21b07e5\" data-element_type=\"widget\" data-widget_type=\"heading.default\">\n\t\t\t\t\t<h2 class=\"elementor-heading-title elementor-size-default\">Qualit\u00e4tspolitik<\/h2>\t\t\t\t<\/div>\n\t\t\t\t<div class=\"elementor-element elementor-element-59ca0c6 elementor-widget__width-auto elementor-widget elementor-widget-button\" data-id=\"59ca0c6\" data-element_type=\"widget\" data-widget_type=\"button.default\">\n\t\t\t\t\t\t\t\t\t\t<a class=\"elementor-button elementor-button-link elementor-size-sm\" href=\"https:\/\/caorlespiaggia.it\/media\/2022\/03\/POLITICA-r03_2020.pdf\">\n\t\t\t\t\t\t<span class=\"elementor-button-content-wrapper\">\n\t\t\t\t\t\t<span class=\"elementor-button-icon\">\n\t\t\t\t<svg aria-hidden=\"true\" class=\"e-font-icon-svg e-fas-angle-right\" viewBox=\"0 0 256 512\" xmlns=\"http:\/\/www.w3.org\/2000\/svg\"><path d=\"M224.3 273l-136 136c-9.4 9.4-24.6 9.4-33.9 0l-22.6-22.6c-9.4-9.4-9.4-24.6 0-33.9l96.4-96.4-96.4-96.4c-9.4-9.4-9.4-24.6 0-33.9L54.3 103c9.4-9.4 24.6-9.4 33.9 0l136 136c9.5 9.4 9.5 24.6.1 34z\"><\/path><\/svg>\t\t\t<\/span>\n\t\t\t\t\t\t\t\t\t<span class=\"elementor-button-text\">PDF herunterladen<\/span>\n\t\t\t\t\t<\/span>\n\t\t\t\t\t<\/a>\n\t\t\t\t\t\t\t\t<\/div>\n\t\t\t\t<\/div>\n\t\t<div class=\"elementor-element elementor-element-8dcebbd e-con-full e-flex e-con e-child\" data-id=\"8dcebbd\" data-element_type=\"container\">\n\t\t\t\t<div class=\"elementor-element elementor-element-3c9a89d elementor-widget elementor-widget-heading\" data-id=\"3c9a89d\" data-element_type=\"widget\" data-widget_type=\"heading.default\">\n\t\t\t\t\t<h2 class=\"elementor-heading-title elementor-size-default\">Zertifikate<\/h2>\t\t\t\t<\/div>\n\t\t\t\t<div class=\"elementor-element elementor-element-86eee34 elementor-widget__width-auto elementor-widget elementor-widget-button\" data-id=\"86eee34\" data-element_type=\"widget\" data-widget_type=\"button.default\">\n\t\t\t\t\t\t\t\t\t\t<a class=\"elementor-button elementor-button-link elementor-size-sm\" href=\"https:\/\/caorlespiaggia.it\/media\/2022\/09\/certificati_19-09-2022.pdf\">\n\t\t\t\t\t\t<span class=\"elementor-button-content-wrapper\">\n\t\t\t\t\t\t<span class=\"elementor-button-icon\">\n\t\t\t\t<svg aria-hidden=\"true\" class=\"e-font-icon-svg e-fas-angle-right\" viewBox=\"0 0 256 512\" xmlns=\"http:\/\/www.w3.org\/2000\/svg\"><path d=\"M224.3 273l-136 136c-9.4 9.4-24.6 9.4-33.9 0l-22.6-22.6c-9.4-9.4-9.4-24.6 0-33.9l96.4-96.4-96.4-96.4c-9.4-9.4-9.4-24.6 0-33.9L54.3 103c9.4-9.4 24.6-9.4 33.9 0l136 136c9.5 9.4 9.5 24.6.1 34z\"><\/path><\/svg>\t\t\t<\/span>\n\t\t\t\t\t\t\t\t\t<span class=\"elementor-button-text\">PDF herunterladen<\/span>\n\t\t\t\t\t<\/span>\n\t\t\t\t\t<\/a>\n\t\t\t\t\t\t\t\t<\/div>\n\t\t\t\t<\/div>\n\t\t\t\t<\/div>\n\t\t\t\t<\/div>\n\t\t\t\t<\/div>\n\t\t\t\t<\/div>\n\t\t","protected":false},"excerpt":{"rendered":"<p>Consorzio Arenili Caorle Wer wir sind. Das CONSORZIO ARENILI CAORLE srl wurde 1977 gegr\u00fcndet und vereint die zahlreichen Konzessionen der einzelnen Hotels unter einem Dach. Mitglieder des Konsortiums sind die Gemeinde Caorle und wichtige Verb\u00e4nde wie der Handelsverband und der Hotelierverband. Aufgabe und Ziel des Konsortiums ist die Verwaltung der Stranddienstleistungen an der K\u00fcste. Im [&hellip;]<\/p>\n","protected":false},"author":1,"featured_media":0,"parent":0,"menu_order":0,"comment_status":"closed","ping_status":"closed","template":"elementor_header_footer","meta":{"_acf_changed":false,"footnotes":""},"class_list":["post-1548","page","type-page","status-publish","hentry"],"acf":[],"yoast_head":"<!-- This site is optimized with the Yoast SEO plugin v26.7 - https:\/\/yoast.com\/wordpress\/plugins\/seo\/ -->\n<title>\u00dcber uns - Caorle Spiaggia<\/title>\n<meta name=\"robots\" content=\"index, follow, max-snippet:-1, max-image-preview:large, max-video-preview:-1\" \/>\n<link rel=\"canonical\" href=\"https:\/\/caorlespiaggia.it\/de\/ueber-uns\/\" \/>\n<meta property=\"og:locale\" content=\"de_DE\" \/>\n<meta property=\"og:type\" content=\"article\" \/>\n<meta property=\"og:title\" content=\"\u00dcber uns - Caorle Spiaggia\" \/>\n<meta property=\"og:description\" content=\"Consorzio Arenili Caorle Wer wir sind. Das CONSORZIO ARENILI CAORLE srl wurde 1977 gegr\u00fcndet und vereint die zahlreichen Konzessionen der einzelnen Hotels unter einem Dach. Mitglieder des Konsortiums sind die Gemeinde Caorle und wichtige Verb\u00e4nde wie der Handelsverband und der Hotelierverband. Aufgabe und Ziel des Konsortiums ist die Verwaltung der Stranddienstleistungen an der K\u00fcste. Im [&hellip;]\" \/>\n<meta property=\"og:url\" content=\"https:\/\/caorlespiaggia.it\/de\/ueber-uns\/\" \/>\n<meta property=\"og:site_name\" content=\"Caorle Spiaggia\" \/>\n<meta property=\"article:modified_time\" content=\"2025-08-18T08:51:08+00:00\" \/>\n<meta property=\"og:image\" content=\"https:\/\/caorlespiaggia.it\/wp-content\/uploads\/2025\/07\/logo.png\" \/>\n\t<meta property=\"og:image:width\" content=\"1080\" \/>\n\t<meta property=\"og:image:height\" content=\"1080\" \/>\n\t<meta property=\"og:image:type\" content=\"image\/png\" \/>\n<meta name=\"twitter:card\" content=\"summary_large_image\" \/>\n<meta name=\"twitter:label1\" content=\"Gesch\u00e4tzte Lesezeit\" \/>\n\t<meta name=\"twitter:data1\" content=\"2\u00a0Minuten\" \/>\n<script type=\"application\/ld+json\" class=\"yoast-schema-graph\">{\"@context\":\"https:\/\/schema.org\",\"@graph\":[{\"@type\":\"WebPage\",\"@id\":\"https:\/\/caorlespiaggia.it\/de\/ueber-uns\/\",\"url\":\"https:\/\/caorlespiaggia.it\/de\/ueber-uns\/\",\"name\":\"\u00dcber uns - Caorle Spiaggia\",\"isPartOf\":{\"@id\":\"https:\/\/caorlespiaggia.it\/de\/#website\"},\"primaryImageOfPage\":{\"@id\":\"https:\/\/caorlespiaggia.it\/de\/ueber-uns\/#primaryimage\"},\"image\":{\"@id\":\"https:\/\/caorlespiaggia.it\/de\/ueber-uns\/#primaryimage\"},\"thumbnailUrl\":\"https:\/\/caorlespiaggia.it\/wp-content\/uploads\/2025\/07\/logo.png\",\"datePublished\":\"2025-07-24T14:03:09+00:00\",\"dateModified\":\"2025-08-18T08:51:08+00:00\",\"breadcrumb\":{\"@id\":\"https:\/\/caorlespiaggia.it\/de\/ueber-uns\/#breadcrumb\"},\"inLanguage\":\"de\",\"potentialAction\":[{\"@type\":\"ReadAction\",\"target\":[\"https:\/\/caorlespiaggia.it\/de\/ueber-uns\/\"]}]},{\"@type\":\"ImageObject\",\"inLanguage\":\"de\",\"@id\":\"https:\/\/caorlespiaggia.it\/de\/ueber-uns\/#primaryimage\",\"url\":\"https:\/\/caorlespiaggia.it\/wp-content\/uploads\/2025\/07\/logo.png\",\"contentUrl\":\"https:\/\/caorlespiaggia.it\/wp-content\/uploads\/2025\/07\/logo.png\"},{\"@type\":\"BreadcrumbList\",\"@id\":\"https:\/\/caorlespiaggia.it\/de\/ueber-uns\/#breadcrumb\",\"itemListElement\":[{\"@type\":\"ListItem\",\"position\":1,\"name\":\"Startseite\",\"item\":\"https:\/\/caorlespiaggia.it\/de\/startseite\/\"},{\"@type\":\"ListItem\",\"position\":2,\"name\":\"\u00dcber uns\"}]},{\"@type\":\"WebSite\",\"@id\":\"https:\/\/caorlespiaggia.it\/de\/#website\",\"url\":\"https:\/\/caorlespiaggia.it\/de\/\",\"name\":\"Caorle Spiaggia\",\"description\":\"\",\"publisher\":{\"@id\":\"https:\/\/caorlespiaggia.it\/de\/#organization\"},\"potentialAction\":[{\"@type\":\"SearchAction\",\"target\":{\"@type\":\"EntryPoint\",\"urlTemplate\":\"https:\/\/caorlespiaggia.it\/de\/?s={search_term_string}\"},\"query-input\":{\"@type\":\"PropertyValueSpecification\",\"valueRequired\":true,\"valueName\":\"search_term_string\"}}],\"inLanguage\":\"de\"},{\"@type\":\"Organization\",\"@id\":\"https:\/\/caorlespiaggia.it\/de\/#organization\",\"name\":\"Caorle Strand\",\"alternateName\":\"Consorzio Arenili Caorle\",\"url\":\"https:\/\/caorlespiaggia.it\/de\/\",\"logo\":{\"@type\":\"ImageObject\",\"inLanguage\":\"de\",\"@id\":\"https:\/\/caorlespiaggia.it\/de\/#\/schema\/logo\/image\/\",\"url\":\"https:\/\/caorlespiaggia.it\/wp-content\/uploads\/2025\/07\/logo.png\",\"contentUrl\":\"https:\/\/caorlespiaggia.it\/wp-content\/uploads\/2025\/07\/logo.png\",\"width\":1080,\"height\":1080,\"caption\":\"Caorle Strand\"},\"image\":{\"@id\":\"https:\/\/caorlespiaggia.it\/de\/#\/schema\/logo\/image\/\"}}]}<\/script>\n<!-- \/ Yoast SEO plugin. -->","yoast_head_json":{"title":"\u00dcber uns - Caorle Spiaggia","robots":{"index":"index","follow":"follow","max-snippet":"max-snippet:-1","max-image-preview":"max-image-preview:large","max-video-preview":"max-video-preview:-1"},"canonical":"https:\/\/caorlespiaggia.it\/de\/ueber-uns\/","og_locale":"de_DE","og_type":"article","og_title":"\u00dcber uns - Caorle Spiaggia","og_description":"Consorzio Arenili Caorle Wer wir sind. Das CONSORZIO ARENILI CAORLE srl wurde 1977 gegr\u00fcndet und vereint die zahlreichen Konzessionen der einzelnen Hotels unter einem Dach. Mitglieder des Konsortiums sind die Gemeinde Caorle und wichtige Verb\u00e4nde wie der Handelsverband und der Hotelierverband. Aufgabe und Ziel des Konsortiums ist die Verwaltung der Stranddienstleistungen an der K\u00fcste. Im [&hellip;]","og_url":"https:\/\/caorlespiaggia.it\/de\/ueber-uns\/","og_site_name":"Caorle Spiaggia","article_modified_time":"2025-08-18T08:51:08+00:00","og_image":[{"width":1080,"height":1080,"url":"https:\/\/caorlespiaggia.it\/wp-content\/uploads\/2025\/07\/logo.png","type":"image\/png"}],"twitter_card":"summary_large_image","twitter_misc":{"Gesch\u00e4tzte Lesezeit":"2\u00a0Minuten"},"schema":{"@context":"https:\/\/schema.org","@graph":[{"@type":"WebPage","@id":"https:\/\/caorlespiaggia.it\/de\/ueber-uns\/","url":"https:\/\/caorlespiaggia.it\/de\/ueber-uns\/","name":"\u00dcber uns - Caorle Spiaggia","isPartOf":{"@id":"https:\/\/caorlespiaggia.it\/de\/#website"},"primaryImageOfPage":{"@id":"https:\/\/caorlespiaggia.it\/de\/ueber-uns\/#primaryimage"},"image":{"@id":"https:\/\/caorlespiaggia.it\/de\/ueber-uns\/#primaryimage"},"thumbnailUrl":"https:\/\/caorlespiaggia.it\/wp-content\/uploads\/2025\/07\/logo.png","datePublished":"2025-07-24T14:03:09+00:00","dateModified":"2025-08-18T08:51:08+00:00","breadcrumb":{"@id":"https:\/\/caorlespiaggia.it\/de\/ueber-uns\/#breadcrumb"},"inLanguage":"de","potentialAction":[{"@type":"ReadAction","target":["https:\/\/caorlespiaggia.it\/de\/ueber-uns\/"]}]},{"@type":"ImageObject","inLanguage":"de","@id":"https:\/\/caorlespiaggia.it\/de\/ueber-uns\/#primaryimage","url":"https:\/\/caorlespiaggia.it\/wp-content\/uploads\/2025\/07\/logo.png","contentUrl":"https:\/\/caorlespiaggia.it\/wp-content\/uploads\/2025\/07\/logo.png"},{"@type":"BreadcrumbList","@id":"https:\/\/caorlespiaggia.it\/de\/ueber-uns\/#breadcrumb","itemListElement":[{"@type":"ListItem","position":1,"name":"Startseite","item":"https:\/\/caorlespiaggia.it\/de\/startseite\/"},{"@type":"ListItem","position":2,"name":"\u00dcber uns"}]},{"@type":"WebSite","@id":"https:\/\/caorlespiaggia.it\/de\/#website","url":"https:\/\/caorlespiaggia.it\/de\/","name":"Caorle Spiaggia","description":"","publisher":{"@id":"https:\/\/caorlespiaggia.it\/de\/#organization"},"potentialAction":[{"@type":"SearchAction","target":{"@type":"EntryPoint","urlTemplate":"https:\/\/caorlespiaggia.it\/de\/?s={search_term_string}"},"query-input":{"@type":"PropertyValueSpecification","valueRequired":true,"valueName":"search_term_string"}}],"inLanguage":"de"},{"@type":"Organization","@id":"https:\/\/caorlespiaggia.it\/de\/#organization","name":"Caorle Strand","alternateName":"Consorzio Arenili Caorle","url":"https:\/\/caorlespiaggia.it\/de\/","logo":{"@type":"ImageObject","inLanguage":"de","@id":"https:\/\/caorlespiaggia.it\/de\/#\/schema\/logo\/image\/","url":"https:\/\/caorlespiaggia.it\/wp-content\/uploads\/2025\/07\/logo.png","contentUrl":"https:\/\/caorlespiaggia.it\/wp-content\/uploads\/2025\/07\/logo.png","width":1080,"height":1080,"caption":"Caorle Strand"},"image":{"@id":"https:\/\/caorlespiaggia.it\/de\/#\/schema\/logo\/image\/"}}]}},"_links":{"self":[{"href":"https:\/\/caorlespiaggia.it\/de\/wp-json\/wp\/v2\/pages\/1548","targetHints":{"allow":["GET"]}}],"collection":[{"href":"https:\/\/caorlespiaggia.it\/de\/wp-json\/wp\/v2\/pages"}],"about":[{"href":"https:\/\/caorlespiaggia.it\/de\/wp-json\/wp\/v2\/types\/page"}],"author":[{"embeddable":true,"href":"https:\/\/caorlespiaggia.it\/de\/wp-json\/wp\/v2\/users\/1"}],"replies":[{"embeddable":true,"href":"https:\/\/caorlespiaggia.it\/de\/wp-json\/wp\/v2\/comments?post=1548"}],"version-history":[{"count":3,"href":"https:\/\/caorlespiaggia.it\/de\/wp-json\/wp\/v2\/pages\/1548\/revisions"}],"predecessor-version":[{"id":1586,"href":"https:\/\/caorlespiaggia.it\/de\/wp-json\/wp\/v2\/pages\/1548\/revisions\/1586"}],"wp:attachment":[{"href":"https:\/\/caorlespiaggia.it\/de\/wp-json\/wp\/v2\/media?parent=1548"}],"curies":[{"name":"wp","href":"https:\/\/api.w.org\/{rel}","templated":true}]}}