{"id":1561,"date":"2025-08-11T14:30:12","date_gmt":"2025-08-11T14:30:12","guid":{"rendered":"https:\/\/caorlespiaggia.it\/geschirr-sets\/reglement\/"},"modified":"2026-02-19T13:42:50","modified_gmt":"2026-02-19T13:42:50","slug":"reglement","status":"publish","type":"page","link":"https:\/\/caorlespiaggia.it\/de\/geschirr-sets\/reglement\/","title":{"rendered":"Reglement"},"content":{"rendered":"\t\t<div data-elementor-type=\"wp-post\" data-elementor-id=\"1561\" class=\"elementor elementor-1561 elementor-914\" data-elementor-post-type=\"page\">\n\t\t\t\t<div class=\"elementor-element elementor-element-5e169a44 e-con-full e-flex e-con e-parent\" data-id=\"5e169a44\" data-element_type=\"container\" data-settings=\"{&quot;background_background&quot;:&quot;classic&quot;}\">\n\t\t\t\t<div class=\"elementor-element elementor-element-6f160a2 elementor-widget elementor-widget-heading\" data-id=\"6f160a2\" data-element_type=\"widget\" data-widget_type=\"heading.default\">\n\t\t\t\t\t<h1 class=\"elementor-heading-title elementor-size-default\">Reglement<\/h1>\t\t\t\t<\/div>\n\t\t\t\t<div class=\"elementor-element elementor-element-335b602 elementor-align-center elementor-widget elementor-widget-breadcrumbs\" data-id=\"335b602\" data-element_type=\"widget\" data-widget_type=\"breadcrumbs.default\">\n\t\t\t\t\t<p id=\"breadcrumbs\"><span><span><a href=\"https:\/\/caorlespiaggia.it\/de\/startseite\/\">Startseite<\/a><\/span><\/span><\/p>\t\t\t\t<\/div>\n\t\t\t\t<\/div>\n\t\t<div class=\"elementor-element elementor-element-1c907191 e-con-full e-flex e-con e-parent\" data-id=\"1c907191\" data-element_type=\"container\">\n\t\t<div class=\"elementor-element elementor-element-14ece124 e-con-full e-flex e-con e-child\" data-id=\"14ece124\" data-element_type=\"container\" data-settings=\"{&quot;background_background&quot;:&quot;classic&quot;}\">\n\t\t\t\t<\/div>\n\t\t<div class=\"elementor-element elementor-element-f90a37b e-flex e-con-boxed e-con e-child\" data-id=\"f90a37b\" data-element_type=\"container\">\n\t\t\t\t\t<div class=\"e-con-inner\">\n\t\t\t\t<div class=\"elementor-element elementor-element-34a26ea2 elementor-widget elementor-widget-text-editor\" data-id=\"34a26ea2\" data-element_type=\"widget\" data-widget_type=\"text-editor.default\">\n\t\t\t\t\t\t\t\t\t<div>\n<div data-brz-custom-id=\"eoikdlrheljzqkukpmpwxvnuooaaseqaevcu\">\n<div data-brz-translate-text=\"1\">\n<div>\n<div data-brz-custom-id=\"eoikdlrheljzqkukpmpwxvnuooaaseqaevcu\">\n<div data-brz-translate-text=\"1\">\n<p data-generated-css=\"brz-css-yYzfg\" data-uniq-id=\"rYT6Y\"><span>REGLEMENT STRANDDIENSTE<\/span><\/p>\n<ol>\n<li data-uniq-id=\"ha2mj\" data-generated-css=\"brz-css-quIRb\">Der Verleih von Strandausr\u00fcstung und damit verbundenen Dienstleistungen, die unseren Kunden angeboten werden, umfasst Folgendes: Nutzung des Sonnenschirms mit Ablageteller, zwei Liegen (Standardausstattung), Nutzung der Toiletten, Duschen und Umkleidekabine (sofern vorhanden), Betreuung durch den zust\u00e4ndigen Mitarbeiter. Das Konsortium f\u00fchrt au\u00dferdem in \u00dcbereinstimmung mit den Bestimmungen der Badeverordnung der Gemeinde Caorle und der Verordnung \u00fcber die Sicherheit beim Baden der K\u00fcstenwache von Caorle die gesetzlich vorgeschriebenen Rettungs- und Erste-Hilfe-Ma\u00dfnahmen durch. Die Nutzung der Spiele ist unbeaufsichtigt und kostenlos.  <\/li>\n<li data-uniq-id=\"q0ccp\" data-generated-css=\"brz-css-cYFg1\">Der Strandplatz, der aus 1 Sonnenschirm und 2 Liegen besteht, kann von 2 Erwachsenen und maximal 4 Personen desselben Haushalts (2 Erwachsene + 2 Kinder) genutzt werden; bei der Anforderung zus\u00e4tzlicher Liegest\u00fchle gilt der Tarif gem\u00e4\u00df der Strandpreisliste.<\/li>\n<li data-uniq-id=\"cxkfY\" data-generated-css=\"brz-css-qzHhZ\">Alle, die die vom Konsortium angebotene Strandausr\u00fcstung und die damit verbundenen Dienstleistungen (gem\u00e4\u00df Punkt 1 oben) nutzen, erkl\u00e4ren zum Zeitpunkt der Buchung, dass sie die vorliegenden Bestimmungen ohne jegliche Ausnahme kennen und akzeptieren.<\/li>\n<li data-uniq-id=\"eIWup\" data-generated-css=\"brz-css-fIYkS\">Die G\u00fcltigkeit von Saison-, Perioden- und Tageskarten h\u00e4ngt von der strikten Einhaltung der in diesen Bestimmungen aufgef\u00fchrten Bedingungen durch die Kunden ab. Es wird ausdr\u00fccklich vereinbart, dass die Verletzung auch nur einer der in diesen Bestimmungen geforderten Bedingungen das Konsortium berechtigt, die Erbringung der Dienstleistungen zu beenden, was f\u00fcr den Kunden den Verlust der zu diesem Zweck gezahlten Betr\u00e4ge zur Folge hat. <\/li>\n<li data-uniq-id=\"vyLkD\" data-generated-css=\"brz-css-c0Je0\">Der Gast muss an seinem Strandplatz die Unterlagen aufbewahren, die zur Nutzung der Strandleistungen berechtigen; diese k\u00f6nnen vom Kontrollpersonal des Unternehmens zur Vorlage angefordert werden. Personen, die nicht \u00fcber den Verkaufsbeleg oder das von der Unterkunft bereitgestellte und ausgef\u00fcllte Ticket verf\u00fcgen und bei der Nutzung der Einrichtungen des Strandbades angetroffen werden, m\u00fcssen den vollen Preis f\u00fcr den Strandplatz f\u00fcr den gesamten Tag bezahlen. <\/li>\n<li data-uniq-id=\"bw5Dd\" data-generated-css=\"brz-css-rPERW\">Es werden keine R\u00fcckerstattungen f\u00fcr Abonnements aus irgendeinem Grund gew\u00e4hrt (Sinneswandel, schlechtes Wetter, Hochwasser, Sturmfluten, Naturkatastrophen usw.).<\/li>\n<li data-uniq-id=\"wXEYp\" data-generated-css=\"brz-css-eBw7I\">Nur f\u00fcr Inhaber von Gutscheinen\/Bons\/Coupons: Bitte geben Sie den Gutschein\/Bon\/Coupon beim Verantwortlichen des Bereichs ab, um die Zuweisung des Strandplatzes zu erhalten. Der Strandplatz darf nicht ohne Zuweisung belegt werden. <\/li>\n<li data-uniq-id=\"lfX0D\" data-generated-css=\"brz-css-ssmqD\">Es ist untersagt, St\u00fchle oder Liegen von anderen Strandpl\u00e4tzen zu nehmen; im Falle eines Versto\u00dfes wird die in den Strandtarifen vorgesehene Geb\u00fchr berechnet.<\/li>\n<li data-uniq-id=\"qs55D\" data-generated-css=\"brz-css-dFEZf\">St\u00fchle und Liegen d\u00fcrfen nicht vom Strandplatz entfernt werden, um nicht in den Bereich des Nachbarplatzes einzugreifen.<\/li>\n<li data-uniq-id=\"rFYOR\" data-generated-css=\"brz-css-zG_Y7\">Es ist nicht gestattet, sich unkorrekt, unangebracht oder in einer Weise zu verhalten, die andere Kunden st\u00f6rt. Gegebenenfalls erfolgt der sofortige Verweis aus dem Strandbad unter Vorbehalt der Anzeige bei der Beh\u00f6rde f\u00fcr \u00f6ffentliche Sicherheit und der Geltendmachung des erlittenen Schadens. <\/li>\n<li data-uniq-id=\"ow2Bd\" data-generated-css=\"brz-css-kj2wF\">Das Konsortium ist berechtigt, zus\u00e4tzlich zu den vorhandenen Reihen weitere hinzuzuf\u00fcgen, und der Kunde wird unter Beibehaltung einer m\u00f6glichst gleichwertigen Bedingung des zuvor zugewiesenen Strandplatzes neu positioniert.<\/li>\n<li data-uniq-id=\"nlKmg\" data-generated-css=\"brz-css-uCaBp\">Die Kunden werden dar\u00fcber informiert, dass das Konsortium bei Bedarf aus Gr\u00fcnden, die mit der Gesch\u00e4ftst\u00e4tigkeit zusammenh\u00e4ngen, nach vorheriger Ank\u00fcndigung die Zuweisung eines anderen Strandplatzes vereinbaren wird.<\/li>\n<li data-uniq-id=\"uJmTD\" data-generated-css=\"brz-css-deOhm\">Der Kunde muss die Ausr\u00fcstung sorgf\u00e4ltig benutzen, um sie nicht zu besch\u00e4digen, und die Direktion des Konsortiums unverz\u00fcglich \u00fcber eventuelle Fehlfunktionen informieren. Die Nutzer sind verpflichtet, jeden Schaden zu ersetzen, der (durch ihr Verschulden oder ihre Fahrl\u00e4ssigkeit) an der Ausr\u00fcstung des Konsortiums verursacht wird. <\/li>\n<li data-uniq-id=\"wW2RT\" data-generated-css=\"brz-css-m6X8y\">Da Unbekannte nachts Sch\u00e4den am Strandmaterial verursachen k\u00f6nnen, empfehlen wir den Touristen, es vor Gebrauch zu \u00fcberpr\u00fcfen. Unser Personal steht Ihnen f\u00fcr jedes Problem zur Verf\u00fcgung. <\/li>\n<li data-uniq-id=\"ik8ir\" data-generated-css=\"brz-css-nGMDO\">Die Direktion des Konsortiums haftet aus keinem Grund f\u00fcr Gegenst\u00e4nde und\/oder Materialien des Kunden, die innerhalb und au\u00dferhalb der Konzession besch\u00e4digt oder gestohlen werden; es wird daher empfohlen, niemals Geld, Wertsachen im Allgemeinen, Kleidungsst\u00fccke, Spielzeug, Matratzen und andere pers\u00f6nliche Gegenst\u00e4nde unbeaufsichtigt zu lassen, weder tags noch nachts.<\/li>\n<li data-uniq-id=\"n2uvr\" data-generated-css=\"brz-css-mGrPT\">Der Strandabschnitt zwischen der ersten Reihe von Sonnenschirmen und dem Meer muss frei bleiben (gem\u00e4\u00df der im Gemeindegebiet Caorle geltenden Badeverordnung).<\/li>\n<li data-uniq-id=\"zBCQH\" data-generated-css=\"brz-css-dALol\">Es ist verboten, in den dem Konsortium konzessionierten Bereichen eigene Liegest\u00fchle, Liegen, St\u00fchle, Sonnenschirme, kleine Sonnenschirme, Vorh\u00e4nge und andere Installationen aufzustellen, die nicht zur Ausr\u00fcstung des Konsortiums geh\u00f6ren.<\/li>\n<li data-uniq-id=\"vZkj_\" data-generated-css=\"brz-css-fjnwr\">Sportliche Aktivit\u00e4ten und Spiele (Volleyball, Fu\u00dfball, Boccia usw.) sind nur in den f\u00fcr diese Aktivit\u00e4ten ausgestatteten Bereichen gestattet. Wir \u00fcbernehmen keine Haftung f\u00fcr Sch\u00e4den an Sachen oder Personen, die durch sportliche Aktivit\u00e4ten verursacht werden. <\/li>\n<li data-uniq-id=\"lxMWb\" data-generated-css=\"brz-css-gIfEv\">Aus Gr\u00fcnden der Sicherheit der Touristen m\u00fcssen die zum Spielen in den Strand gegrabenen L\u00f6cher immer wieder zugesch\u00fcttet werden.<\/li>\n<li data-uniq-id=\"vPtF2\" data-generated-css=\"brz-css-ipX62\">Es d\u00fcrfen keine Tiere jeglicher Art in das Strandbad mitgebracht werden, auch wenn sie einen Maulkorb oder eine Leine haben, mit Ausnahme von Blindenhunden. Sie d\u00fcrfen nur in die vom Konsortium speziell daf\u00fcr vorgesehenen Bereiche (BAU BEACH) mitgebracht werden. <\/li>\n<li data-uniq-id=\"h8ztE\" data-generated-css=\"brz-css-rP829\">Es ist \u201everboten, sich innerhalb des Strandbads mit Fahrr\u00e4dern oder anderen Mitteln zu bewegen, die Sch\u00e4den an Personen und Ausr\u00fcstungen verursachen k\u00f6nnen.\u201c<\/li>\n<li data-uniq-id=\"qJadK\" data-generated-css=\"brz-css-sYh0n\">B\u00e4der, Waschbecken und Duschen sind ordentlich und sauber zu hinterlassen. Es ist nicht gestattet, Shampoo und Duschgel in den Duschen am Strand zu verwenden. <\/li>\n<li data-uniq-id=\"ugRmh\" data-generated-css=\"brz-css-iCWdR\">Die Abf\u00e4lle m\u00fcssen in den daf\u00fcr vorgesehenen Beh\u00e4ltern entsorgt werden. Es ist verboten, sie auch nur vor\u00fcbergehend an einem anderen Ort abzustellen. <\/li>\n<li data-uniq-id=\"rFGtY\" data-generated-css=\"brz-css-uXV3S\">Es ist verboten, Zigarettenstummel oder andere Abf\u00e4lle am Strand wegzuwerfen; Raucher werden h\u00f6flich gebeten, die daf\u00fcr vorgesehenen Bereiche zu nutzen.<\/li>\n<li data-uniq-id=\"fU9Dj\" data-generated-css=\"brz-css-sk0QE\">Es wird empfohlen, nicht zwischen den Reihen von Sonnenschirmen oder in der N\u00e4he von Personen zu rauchen.<\/li>\n<li data-uniq-id=\"kPLhZ\" data-generated-css=\"brz-css-jl8ca\">Es ist verboten, im Bereich des Lidos innerhalb von 5 Metern vom Ufer entfernt Sonnenschirme, Liegest\u00fchle, Sportboote oder andere Gegenst\u00e4nde aufzustellen, die den Durchgang und das Baden behindern. In Anwesenheit von Badeanstalten erstreckt sich das Verbot auch \u00fcber die f\u00fcnf Meter vom Ufer bis zur ersten Reihe von Sonnenschirmen. <\/li>\n<li data-uniq-id=\"w3iNP\" data-generated-css=\"brz-css-nUzNd\">Es ist verboten, am Strand Feuer zu entz\u00fcnden; Zuwiderhandlungen gegen diese Bestimmung werden den zust\u00e4ndigen Beh\u00f6rden f\u00fcr \u00f6ffentliche Sicherheit gemeldet.<\/li>\n<li data-uniq-id=\"t9rc4\" data-generated-css=\"brz-css-dK8P4\">SPIELGER\u00c4TE \u2013 Die Nutzung der Spiele durch Kinder muss in Anwesenheit der Eltern oder der erwachsenen Aufsichtspersonen erfolgen. Die Direktion lehnt jede Haftung f\u00fcr unsachgem\u00e4\u00dfe Verwendung der Ger\u00e4te ab. Steigen Sie nicht auf die vom Regen nassen Spiele. Es ist gef\u00e4hrlich, w\u00e4hrend der Nutzung der Spiele zu essen. Tragen Sie f\u00fcr die Nutzung der Spiele geeignete Kleidung. <strong>Erste Hilfe: 118<\/strong>. Sie k\u00f6nnen Br\u00fcche oder Besch\u00e4digungen der Spiele unter folgender Nummer melden: <strong>0421.84272<\/strong>     <\/li>\n<li data-uniq-id=\"c5GqW\" data-generated-css=\"brz-css-dNEzk\">RETTUNGSDIENST \u2013 Bedeutung der gehissten Flagge: GR\u00dcN: Rettungsdienst aktiv und ideale, sichere Wetterbedingungen zum Baden; \u2013 GELB: Achtung! Eingeschr\u00e4nkter Rettungsdienst; ROT: Gefahr oder fehlender Rettungsdienst! \u2013 Vom Baden wird abgeraten. Falls der Zustand des Meeres als gef\u00e4hrlich eingestuft wird oder Gefahrensituationen bestehen, wird die rote Flagge gehisst. Bei diesem Signal wird vom Baden abgeraten, und das Konsortium lehnt jede Haftung gegen\u00fcber denjenigen ab, die diese Warnung nicht beachten. Die gr\u00fcne Flagge hingegen zeigt an, dass die Meeresbedingungen g\u00fcnstig sind und das Baden erlaubt ist. An Tagen mit starkem Wind m\u00fcssen die Sonnenschirme strikt geschlossen bleiben. Jeder Gast ist unter diesen Umst\u00e4nden verpflichtet, die Anweisungen des Strandpersonals zu befolgen. Es ist verboten, sich auf dem Rettungsboot aufzuhalten, die daf\u00fcr vorgesehenen Ger\u00e4te zu ber\u00fchren oder sich im Bereich des Rettungsturms aufzuhalten.       <\/li>\n<li data-generated-css=\"brz-css-eyJ5_\" data-uniq-id=\"ufMBj\">Der Kunde muss die Bestimmungen dieser Verordnung, der Verordnungen der Gemeinde Caorle und der Hafenbeh\u00f6rde von Caorle (die Dokumente sind am Eingang des Strandbads ausgestellt) und der Gemeindeordnung f\u00fcr die Nutzung des K\u00fcstengebiets einhalten. Die Nichteinhaltung der Vorschriften f\u00fchrt zur Entfernung des Zuwiderhandelnden aus dem Strandbad. F\u00fcr weitere Erl\u00e4uterungen wenden Sie sich bitte an das Personal des Strandabschnitts.  <\/li>\n<\/ol>\n<\/div>\n<\/div>\n<\/div>\n<\/div>\n<\/div>\n<\/div>\t\t\t\t\t\t\t\t<\/div>\n\t\t\t\t\t<\/div>\n\t\t\t\t<\/div>\n\t\t\t\t<\/div>\n\t\t\t\t<\/div>\n\t\t","protected":false},"excerpt":{"rendered":"<p>Reglement REGLEMENT STRANDDIENSTE Der Verleih von Strandausr\u00fcstung und damit verbundenen Dienstleistungen, die unseren Kunden angeboten werden, umfasst Folgendes: Nutzung des Sonnenschirms mit Ablageteller, zwei Liegen (Standardausstattung), Nutzung der Toiletten, Duschen und Umkleidekabine (sofern vorhanden), Betreuung durch den zust\u00e4ndigen Mitarbeiter. Das Konsortium f\u00fchrt au\u00dferdem in \u00dcbereinstimmung mit den Bestimmungen der Badeverordnung der Gemeinde Caorle und der [&hellip;]<\/p>\n","protected":false},"author":1,"featured_media":0,"parent":1511,"menu_order":0,"comment_status":"closed","ping_status":"closed","template":"elementor_header_footer","meta":{"_acf_changed":false,"footnotes":""},"class_list":["post-1561","page","type-page","status-publish","hentry"],"acf":[],"yoast_head":"<!-- This site is optimized with the Yoast SEO plugin v26.7 - https:\/\/yoast.com\/wordpress\/plugins\/seo\/ -->\n<title>Reglement - Caorle Spiaggia<\/title>\n<meta name=\"robots\" content=\"index, follow, max-snippet:-1, max-image-preview:large, max-video-preview:-1\" \/>\n<link rel=\"canonical\" href=\"https:\/\/caorlespiaggia.it\/de\/geschirr-sets\/reglement\/\" \/>\n<meta property=\"og:locale\" content=\"de_DE\" \/>\n<meta property=\"og:type\" content=\"article\" \/>\n<meta property=\"og:title\" content=\"Reglement - Caorle Spiaggia\" \/>\n<meta property=\"og:description\" content=\"Reglement REGLEMENT STRANDDIENSTE Der Verleih von Strandausr\u00fcstung und damit verbundenen Dienstleistungen, die unseren Kunden angeboten werden, umfasst Folgendes: Nutzung des Sonnenschirms mit Ablageteller, zwei Liegen (Standardausstattung), Nutzung der Toiletten, Duschen und Umkleidekabine (sofern vorhanden), Betreuung durch den zust\u00e4ndigen Mitarbeiter. Das Konsortium f\u00fchrt au\u00dferdem in \u00dcbereinstimmung mit den Bestimmungen der Badeverordnung der Gemeinde Caorle und der [&hellip;]\" \/>\n<meta property=\"og:url\" content=\"https:\/\/caorlespiaggia.it\/de\/geschirr-sets\/reglement\/\" \/>\n<meta property=\"og:site_name\" content=\"Caorle Spiaggia\" \/>\n<meta property=\"article:modified_time\" content=\"2026-02-19T13:42:50+00:00\" \/>\n<meta name=\"twitter:card\" content=\"summary_large_image\" \/>\n<meta name=\"twitter:label1\" content=\"Gesch\u00e4tzte Lesezeit\" \/>\n\t<meta name=\"twitter:data1\" content=\"6\u00a0Minuten\" \/>\n<script type=\"application\/ld+json\" class=\"yoast-schema-graph\">{\"@context\":\"https:\/\/schema.org\",\"@graph\":[{\"@type\":\"WebPage\",\"@id\":\"https:\/\/caorlespiaggia.it\/de\/geschirr-sets\/reglement\/\",\"url\":\"https:\/\/caorlespiaggia.it\/de\/geschirr-sets\/reglement\/\",\"name\":\"Reglement - Caorle Spiaggia\",\"isPartOf\":{\"@id\":\"https:\/\/caorlespiaggia.it\/de\/#website\"},\"datePublished\":\"2025-08-11T14:30:12+00:00\",\"dateModified\":\"2026-02-19T13:42:50+00:00\",\"breadcrumb\":{\"@id\":\"https:\/\/caorlespiaggia.it\/de\/geschirr-sets\/reglement\/#breadcrumb\"},\"inLanguage\":\"de\",\"potentialAction\":[{\"@type\":\"ReadAction\",\"target\":[\"https:\/\/caorlespiaggia.it\/de\/geschirr-sets\/reglement\/\"]}]},{\"@type\":\"BreadcrumbList\",\"@id\":\"https:\/\/caorlespiaggia.it\/de\/geschirr-sets\/reglement\/#breadcrumb\",\"itemListElement\":[{\"@type\":\"ListItem\",\"position\":1,\"name\":\"Startseite\",\"item\":\"https:\/\/caorlespiaggia.it\/de\/startseite\/\"},{\"@type\":\"ListItem\",\"position\":2,\"name\":\"Dienstleistungen\",\"item\":\"https:\/\/caorlespiaggia.it\/de\/geschirr-sets\/\"},{\"@type\":\"ListItem\",\"position\":3,\"name\":\"Reglement\"}]},{\"@type\":\"WebSite\",\"@id\":\"https:\/\/caorlespiaggia.it\/de\/#website\",\"url\":\"https:\/\/caorlespiaggia.it\/de\/\",\"name\":\"Caorle Spiaggia\",\"description\":\"\",\"publisher\":{\"@id\":\"https:\/\/caorlespiaggia.it\/de\/#organization\"},\"potentialAction\":[{\"@type\":\"SearchAction\",\"target\":{\"@type\":\"EntryPoint\",\"urlTemplate\":\"https:\/\/caorlespiaggia.it\/de\/?s={search_term_string}\"},\"query-input\":{\"@type\":\"PropertyValueSpecification\",\"valueRequired\":true,\"valueName\":\"search_term_string\"}}],\"inLanguage\":\"de\"},{\"@type\":\"Organization\",\"@id\":\"https:\/\/caorlespiaggia.it\/de\/#organization\",\"name\":\"Caorle Strand\",\"alternateName\":\"Consorzio Arenili Caorle\",\"url\":\"https:\/\/caorlespiaggia.it\/de\/\",\"logo\":{\"@type\":\"ImageObject\",\"inLanguage\":\"de\",\"@id\":\"https:\/\/caorlespiaggia.it\/de\/#\/schema\/logo\/image\/\",\"url\":\"https:\/\/caorlespiaggia.it\/wp-content\/uploads\/2025\/07\/logo.png\",\"contentUrl\":\"https:\/\/caorlespiaggia.it\/wp-content\/uploads\/2025\/07\/logo.png\",\"width\":1080,\"height\":1080,\"caption\":\"Caorle Strand\"},\"image\":{\"@id\":\"https:\/\/caorlespiaggia.it\/de\/#\/schema\/logo\/image\/\"}}]}<\/script>\n<!-- \/ Yoast SEO plugin. -->","yoast_head_json":{"title":"Reglement - Caorle Spiaggia","robots":{"index":"index","follow":"follow","max-snippet":"max-snippet:-1","max-image-preview":"max-image-preview:large","max-video-preview":"max-video-preview:-1"},"canonical":"https:\/\/caorlespiaggia.it\/de\/geschirr-sets\/reglement\/","og_locale":"de_DE","og_type":"article","og_title":"Reglement - Caorle Spiaggia","og_description":"Reglement REGLEMENT STRANDDIENSTE Der Verleih von Strandausr\u00fcstung und damit verbundenen Dienstleistungen, die unseren Kunden angeboten werden, umfasst Folgendes: Nutzung des Sonnenschirms mit Ablageteller, zwei Liegen (Standardausstattung), Nutzung der Toiletten, Duschen und Umkleidekabine (sofern vorhanden), Betreuung durch den zust\u00e4ndigen Mitarbeiter. Das Konsortium f\u00fchrt au\u00dferdem in \u00dcbereinstimmung mit den Bestimmungen der Badeverordnung der Gemeinde Caorle und der [&hellip;]","og_url":"https:\/\/caorlespiaggia.it\/de\/geschirr-sets\/reglement\/","og_site_name":"Caorle Spiaggia","article_modified_time":"2026-02-19T13:42:50+00:00","twitter_card":"summary_large_image","twitter_misc":{"Gesch\u00e4tzte Lesezeit":"6\u00a0Minuten"},"schema":{"@context":"https:\/\/schema.org","@graph":[{"@type":"WebPage","@id":"https:\/\/caorlespiaggia.it\/de\/geschirr-sets\/reglement\/","url":"https:\/\/caorlespiaggia.it\/de\/geschirr-sets\/reglement\/","name":"Reglement - Caorle Spiaggia","isPartOf":{"@id":"https:\/\/caorlespiaggia.it\/de\/#website"},"datePublished":"2025-08-11T14:30:12+00:00","dateModified":"2026-02-19T13:42:50+00:00","breadcrumb":{"@id":"https:\/\/caorlespiaggia.it\/de\/geschirr-sets\/reglement\/#breadcrumb"},"inLanguage":"de","potentialAction":[{"@type":"ReadAction","target":["https:\/\/caorlespiaggia.it\/de\/geschirr-sets\/reglement\/"]}]},{"@type":"BreadcrumbList","@id":"https:\/\/caorlespiaggia.it\/de\/geschirr-sets\/reglement\/#breadcrumb","itemListElement":[{"@type":"ListItem","position":1,"name":"Startseite","item":"https:\/\/caorlespiaggia.it\/de\/startseite\/"},{"@type":"ListItem","position":2,"name":"Dienstleistungen","item":"https:\/\/caorlespiaggia.it\/de\/geschirr-sets\/"},{"@type":"ListItem","position":3,"name":"Reglement"}]},{"@type":"WebSite","@id":"https:\/\/caorlespiaggia.it\/de\/#website","url":"https:\/\/caorlespiaggia.it\/de\/","name":"Caorle Spiaggia","description":"","publisher":{"@id":"https:\/\/caorlespiaggia.it\/de\/#organization"},"potentialAction":[{"@type":"SearchAction","target":{"@type":"EntryPoint","urlTemplate":"https:\/\/caorlespiaggia.it\/de\/?s={search_term_string}"},"query-input":{"@type":"PropertyValueSpecification","valueRequired":true,"valueName":"search_term_string"}}],"inLanguage":"de"},{"@type":"Organization","@id":"https:\/\/caorlespiaggia.it\/de\/#organization","name":"Caorle Strand","alternateName":"Consorzio Arenili Caorle","url":"https:\/\/caorlespiaggia.it\/de\/","logo":{"@type":"ImageObject","inLanguage":"de","@id":"https:\/\/caorlespiaggia.it\/de\/#\/schema\/logo\/image\/","url":"https:\/\/caorlespiaggia.it\/wp-content\/uploads\/2025\/07\/logo.png","contentUrl":"https:\/\/caorlespiaggia.it\/wp-content\/uploads\/2025\/07\/logo.png","width":1080,"height":1080,"caption":"Caorle Strand"},"image":{"@id":"https:\/\/caorlespiaggia.it\/de\/#\/schema\/logo\/image\/"}}]}},"_links":{"self":[{"href":"https:\/\/caorlespiaggia.it\/de\/wp-json\/wp\/v2\/pages\/1561","targetHints":{"allow":["GET"]}}],"collection":[{"href":"https:\/\/caorlespiaggia.it\/de\/wp-json\/wp\/v2\/pages"}],"about":[{"href":"https:\/\/caorlespiaggia.it\/de\/wp-json\/wp\/v2\/types\/page"}],"author":[{"embeddable":true,"href":"https:\/\/caorlespiaggia.it\/de\/wp-json\/wp\/v2\/users\/1"}],"replies":[{"embeddable":true,"href":"https:\/\/caorlespiaggia.it\/de\/wp-json\/wp\/v2\/comments?post=1561"}],"version-history":[{"count":2,"href":"https:\/\/caorlespiaggia.it\/de\/wp-json\/wp\/v2\/pages\/1561\/revisions"}],"predecessor-version":[{"id":1682,"href":"https:\/\/caorlespiaggia.it\/de\/wp-json\/wp\/v2\/pages\/1561\/revisions\/1682"}],"up":[{"embeddable":true,"href":"https:\/\/caorlespiaggia.it\/de\/wp-json\/wp\/v2\/pages\/1511"}],"wp:attachment":[{"href":"https:\/\/caorlespiaggia.it\/de\/wp-json\/wp\/v2\/media?parent=1561"}],"curies":[{"name":"wp","href":"https:\/\/api.w.org\/{rel}","templated":true}]}}